{"id":14538,"date":"2024-06-28T00:00:09","date_gmt":"2025-03-20T10:46:47","guid":{"rendered":"https:\/\/delices.lu\/produit\/newmoon-kleine-weisse-schale\/"},"modified":"2025-03-20T11:46:47","modified_gmt":"2025-03-20T10:46:47","slug":"newmoon-kleine-weisse-schale","status":"publish","type":"product","link":"https:\/\/delices.lu\/de\/produit\/newmoon-kleine-weisse-schale\/","title":{"rendered":"NewMoon &#8211; Kleine wei\u00dfe Schale"},"content":{"rendered":"<p><strong>Eine vielseitige kleine Sch\u00fcssel f\u00fcr Ihre Lieblingsgerichte<\/strong><br \/>\nDiese kleine Sch\u00fcssel aus der NewMoon-Kollektion besticht durch ihr originelles Design! Ihre leicht asymmetrische Form, die von der Sch\u00f6nheit des Mondes inspiriert ist, verleiht Ihrer Tischdekoration einen poetischen Touch. Das wird kreative K\u00f6pfe begeistern! Diese einfache und schlichte Porzellanschale ist auch sehr praktisch f\u00fcr den Alltag. Ob als M\u00fcslischale, Aperitifschale, Dip-Schale oder Vorspeisenschale&#8230; Sie wird sich bei jeder Gelegenheit unentbehrlich machen. Verw\u00f6hnen Sie Ihre G\u00e4ste mit dieser vielseitigen Schale! Sie lieben es, Ihre Lieben zu einem guten Essen einzuladen? Dann machen Sie Platz f\u00fcr ein charaktervolles Tafelservice mit den Geschirrteilen der Kollektion NewMoon! Gl\u00e4ser, Teller, Sch\u00fcsseln, Kaffeeservice&#8230; Setzen Sie auf ein einzigartiges Design, das sowohl f\u00fcr allt\u00e4gliche als auch f\u00fcr besondere Anl\u00e4sse geeignet ist. Wenn Sie auf der Suche nach einer Geschenkidee sind, ist dies auch die Gelegenheit, eine Freude zu einem besonderen Anlass zu machen: Hochzeit, Einweihungsparty oder Geburtstag. Entdecken Sie ein Porzellan, das von der Sch\u00f6nheit des Mondes inspiriert wurde.          <\/p>\n","protected":false},"excerpt":{"rendered":"<p><strong>NewMoon<br \/>\nKleine Sch\u00fcssel, wei\u00df<\/strong><br \/>\nMATERIAL: Premium Porcelain<br \/>\nGR\u00d6SSE: ca. 140 ml<br \/>\nDURCHMESSER: ca. 12 cm. 129 mm<br \/>\nFARBE: wei\u00df<br \/>\nGARANTIERT SP\u00dcLGERECHT: Ja<br \/>\nMIKROWELLENKOMPATIBEL: Ja<br \/>\nREF. ARTIKEL: 1042643900 <\/p>\n","protected":false},"featured_media":14540,"template":"","meta":[],"location":[959,972],"product_brand":[],"product_cat":[1354,1356,2296,2242,1309],"product_tag":[1358,2297,2243,2166],"class_list":{"0":"post-14538","1":"product","2":"type-product","3":"status-publish","4":"has-post-thumbnail","6":"location-0-shop","7":"location-04-2","8":"product_cat-art-de-la-table-de","9":"product_cat-coupe-de","10":"product_cat-newmoon-de","11":"product_cat-schussel","12":"product_cat-villeroy-boch-de","13":"product_tag-coupe-de","14":"product_tag-newmoon-de","15":"product_tag-schussel","16":"product_tag-weis","18":"first","19":"instock","20":"shipping-taxable","21":"purchasable","22":"product-type-simple"},"supplier_id":9071,"supplier_sku":"1042643900","barcode":"4003686386563","atum_controlled":true,"out_stock_date":null,"out_stock_threshold":0,"inheritable":false,"inbound_stock":0,"stock_on_hold":0,"sold_today":0,"sales_last_days":0,"reserved_stock":0,"customer_returns":0,"warehouse_damage":null,"lost_in_post":0,"other_logs":0,"out_stock_days":0,"lost_sales":0,"has_location":false,"update_date":"2025-07-19T06:26:33","atum_locations":[{"id":960,"name":"0 SHOP","slug":"0-shop"},{"id":865,"name":"042","slug":"042"}],"atum_stock_status":"instock","restock_status":false,"low_stock_amount":"","sales_update_date":"2025-07-19T06:26:33","calc_backorders":0,"locations":[],"_links":{"self":[{"href":"https:\/\/delices.lu\/de\/wp-json\/wp\/v2\/product\/14538","targetHints":{"allow":["GET"]}}],"collection":[{"href":"https:\/\/delices.lu\/de\/wp-json\/wp\/v2\/product"}],"about":[{"href":"https:\/\/delices.lu\/de\/wp-json\/wp\/v2\/types\/product"}],"wp:featuredmedia":[{"embeddable":true,"href":"https:\/\/delices.lu\/de\/wp-json\/wp\/v2\/media\/14540"}],"wp:attachment":[{"href":"https:\/\/delices.lu\/de\/wp-json\/wp\/v2\/media?parent=14538"}],"wp:term":[{"taxonomy":"location","embeddable":true,"href":"https:\/\/delices.lu\/de\/wp-json\/wp\/v2\/location?post=14538"},{"taxonomy":"product_brand","embeddable":true,"href":"https:\/\/delices.lu\/de\/wp-json\/wp\/v2\/product_brand?post=14538"},{"taxonomy":"product_cat","embeddable":true,"href":"https:\/\/delices.lu\/de\/wp-json\/wp\/v2\/product_cat?post=14538"},{"taxonomy":"product_tag","embeddable":true,"href":"https:\/\/delices.lu\/de\/wp-json\/wp\/v2\/product_tag?post=14538"}],"curies":[{"name":"wp","href":"https:\/\/api.w.org\/{rel}","templated":true}]}}