{"id":14539,"date":"2024-06-28T00:00:50","date_gmt":"2025-03-20T10:46:47","guid":{"rendered":"https:\/\/delices.lu\/produit\/newmoon-brotteller-weiss\/"},"modified":"2025-03-20T11:46:47","modified_gmt":"2025-03-20T10:46:47","slug":"newmoon-brotteller-weiss","status":"publish","type":"product","link":"https:\/\/delices.lu\/de\/produit\/newmoon-brotteller-weiss\/","title":{"rendered":"NewMoon &#8211; Brotteller, wei\u00df"},"content":{"rendered":"<p><strong>Ein einzigartiger und vielseitiger Brotteller<\/strong><br \/>\nEs kommt nicht alle Tage vor, dass man seinen vierzigsten Geburtstag oder seinen drei\u00dfigsten Hochzeitstag feiert&#8230; F\u00fcr diesen gro\u00dfen Anlass m\u00f6chten Sie sich etwas Besonderes einfallen lassen und Ihren G\u00e4sten ein Dressing bieten, das eines Gourmetrestaurants w\u00fcrdig ist! Hierf\u00fcr ben\u00f6tigen Sie Brotteller. Und zwar nicht irgendwelche, sondern Brotteller von h\u00f6chster Qualit\u00e4t und einzigartiger \u00c4sthetik. Die NewMoon-Kollektion wird Ihr bester Verb\u00fcndeter sein. Mit seinem klaren Design und der leichten Asymmetrie in Form eines Halbmondes wird dieser Brotteller, zusammen mit den anderen Geschirrteilen der Kollektion (flache Teller, Schalen, Besteck&#8230;), nicht unbemerkt bleiben. Er wird Ihre Br\u00f6tchen, geschnitten oder ungeschnitten, Vollkorn-, Roggen- oder K\u00f6rnerbr\u00f6tchen elegant pr\u00e4sentieren. Viel zu sch\u00f6n, um es in einem Schrank aufzubewahren. Nutzen Sie es f\u00fcr andere Zwecke und verwandeln Sie es in ein Gef\u00e4\u00df, in dem Sie dekorative Gegenst\u00e4nde oder Duftkerzen aufbewahren k\u00f6nnen, um Ihre Sinne zu erfreuen! Entdecken Sie ein Porzellan, das von der Sch\u00f6nheit des Mondes inspiriert wurde.       <\/p>\n","protected":false},"excerpt":{"rendered":"<p><strong>NewMoon<br \/>\nBrotteller, wei\u00df<\/strong><br \/>\nMATERIAL: Premium Porcelain<br \/>\nGR\u00d6SSE: ca. 161 mm<br \/>\nFARBE: wei\u00df<br \/>\nGARANTIERT SP\u00dcLMASCHINENGARANTIE: Ja<br \/>\nMIKROWELLENGER\u00c4TEKOMPATIBEL: Ja<br \/>\nREF. ARTIKEL: 1042642660 <\/p>\n","protected":false},"featured_media":14544,"template":"","meta":[],"location":[959,967],"product_brand":[],"product_cat":[1354,2296,2231,1309],"product_tag":[2294,2315,2297,2299],"class_list":{"0":"post-14539","1":"product","2":"type-product","3":"status-publish","4":"has-post-thumbnail","6":"location-0-shop","7":"location-05-2","8":"product_cat-art-de-la-table-de","9":"product_cat-newmoon-de","10":"product_cat-teller","11":"product_cat-villeroy-boch-de","12":"product_tag-brotteller","13":"product_tag-halbmond","14":"product_tag-newmoon-de","15":"product_tag-weis-de","17":"first","18":"instock","19":"shipping-taxable","20":"purchasable","21":"product-type-simple"},"supplier_id":9071,"supplier_sku":"1042642660","barcode":"4003686386532","atum_controlled":true,"out_stock_date":null,"out_stock_threshold":0,"inheritable":false,"inbound_stock":0,"stock_on_hold":0,"sold_today":0,"sales_last_days":0,"reserved_stock":0,"customer_returns":0,"warehouse_damage":null,"lost_in_post":0,"other_logs":0,"out_stock_days":0,"lost_sales":0,"has_location":false,"update_date":"2025-07-19T06:26:33","atum_locations":[{"id":960,"name":"0 SHOP","slug":"0-shop"},{"id":860,"name":"052","slug":"052"}],"atum_stock_status":"instock","restock_status":false,"low_stock_amount":"","sales_update_date":"2025-07-19T06:26:33","calc_backorders":0,"locations":[],"_links":{"self":[{"href":"https:\/\/delices.lu\/de\/wp-json\/wp\/v2\/product\/14539","targetHints":{"allow":["GET"]}}],"collection":[{"href":"https:\/\/delices.lu\/de\/wp-json\/wp\/v2\/product"}],"about":[{"href":"https:\/\/delices.lu\/de\/wp-json\/wp\/v2\/types\/product"}],"wp:featuredmedia":[{"embeddable":true,"href":"https:\/\/delices.lu\/de\/wp-json\/wp\/v2\/media\/14544"}],"wp:attachment":[{"href":"https:\/\/delices.lu\/de\/wp-json\/wp\/v2\/media?parent=14539"}],"wp:term":[{"taxonomy":"location","embeddable":true,"href":"https:\/\/delices.lu\/de\/wp-json\/wp\/v2\/location?post=14539"},{"taxonomy":"product_brand","embeddable":true,"href":"https:\/\/delices.lu\/de\/wp-json\/wp\/v2\/product_brand?post=14539"},{"taxonomy":"product_cat","embeddable":true,"href":"https:\/\/delices.lu\/de\/wp-json\/wp\/v2\/product_cat?post=14539"},{"taxonomy":"product_tag","embeddable":true,"href":"https:\/\/delices.lu\/de\/wp-json\/wp\/v2\/product_tag?post=14539"}],"curies":[{"name":"wp","href":"https:\/\/api.w.org\/{rel}","templated":true}]}}