{"id":14548,"date":"2024-06-28T00:00:37","date_gmt":"2025-03-20T10:46:47","guid":{"rendered":"https:\/\/delices.lu\/produit\/newmoon-kleiner-tiefer-teller-weiss\/"},"modified":"2025-03-20T11:46:47","modified_gmt":"2025-03-20T10:46:47","slug":"newmoon-kleiner-tiefer-teller-weiss","status":"publish","type":"product","link":"https:\/\/delices.lu\/de\/produit\/newmoon-kleiner-tiefer-teller-weiss\/","title":{"rendered":"NewMoon &#8211; Kleiner tiefer Teller, wei\u00df"},"content":{"rendered":"<p><strong>Ein kleiner, tiefer Teller, ideal f\u00fcr Suppen und Desserts<\/strong><br \/>\nDieser wei\u00dfe Dessertteller, der von der Sch\u00f6nheit des Mondes inspiriert wurde, ist ein wahrer Gourmet-Teller. Er eignet sich perfekt f\u00fcr einen Brunch oder ein geselliges Essen und bietet Platz f\u00fcr ein St\u00fcck Schokoladenkuchen oder einen Obstsalat der Saison. \u00dcberraschen Sie Ihre Lieben, indem Sie Ihre s\u00fc\u00dfen Leckereien auf diesem Design-Dessertteller anrichten! Der Teller ist sehr vielseitig und kann auch zum Servieren einer Suppe oder einer k\u00f6stlichen Gazpacho im Sommer verwendet werden. Stellen Sie Ihr eigenes Porzellanservice zusammen, indem Sie den kleinen wei\u00dfen Teller mit anderen St\u00fccken aus der NewMoon-Kollektion kombinieren, wie z.B. der Porzellan-Salatsch\u00fcssel, dem Edelstahlbesteck oder der Servierplatte. Entdecken Sie ein Porzellan, das von der Sch\u00f6nheit des Mondes inspiriert wurde.     <\/p>\n","protected":false},"excerpt":{"rendered":"<p><strong>NewMoon<br \/>\nSuppenteller, wei\u00df<\/strong><br \/>\nMATERIAL: Premium Porcelain<br \/>\nGR\u00d6SSE: ca. 320 ml<br \/>\nDURCHMESSER: ENV. 250 mm<br \/>\nFARBE: wei\u00df<br \/>\nGARANTIE F\u00dcR GESCHIRRSP\u00dcLER: Ja<br \/>\nMIKROWELLENKOMPATIBEL: Ja<br \/>\nREF. ARTIKEL: 1042642701 <\/p>\n","protected":false},"featured_media":14550,"template":"","meta":[],"location":[959],"product_brand":[],"product_cat":[1354,1356,2296,2231,1309],"product_tag":[2297,2248,2253,2299],"class_list":{"0":"post-14548","1":"product","2":"type-product","3":"status-publish","4":"has-post-thumbnail","6":"location-0-shop","7":"product_cat-art-de-la-table-de","8":"product_cat-coupe-de","9":"product_cat-newmoon-de","10":"product_cat-teller","11":"product_cat-villeroy-boch-de","12":"product_tag-newmoon-de","13":"product_tag-teller","14":"product_tag-tiefer-teller","15":"product_tag-weis-de","17":"first","18":"instock","19":"shipping-taxable","20":"purchasable","21":"product-type-simple"},"supplier_id":9071,"supplier_sku":"1042642701","barcode":"4003686386556","atum_controlled":true,"out_stock_date":null,"out_stock_threshold":0,"inheritable":false,"inbound_stock":0,"stock_on_hold":0,"sold_today":0,"sales_last_days":0,"reserved_stock":0,"customer_returns":0,"warehouse_damage":null,"lost_in_post":0,"other_logs":0,"out_stock_days":0,"lost_sales":0,"has_location":false,"update_date":"2025-07-19T06:26:33","atum_locations":[{"id":960,"name":"0 SHOP","slug":"0-shop"}],"atum_stock_status":"instock","restock_status":false,"low_stock_amount":"","sales_update_date":"2025-07-19T06:26:33","calc_backorders":0,"locations":[],"_links":{"self":[{"href":"https:\/\/delices.lu\/de\/wp-json\/wp\/v2\/product\/14548","targetHints":{"allow":["GET"]}}],"collection":[{"href":"https:\/\/delices.lu\/de\/wp-json\/wp\/v2\/product"}],"about":[{"href":"https:\/\/delices.lu\/de\/wp-json\/wp\/v2\/types\/product"}],"wp:featuredmedia":[{"embeddable":true,"href":"https:\/\/delices.lu\/de\/wp-json\/wp\/v2\/media\/14550"}],"wp:attachment":[{"href":"https:\/\/delices.lu\/de\/wp-json\/wp\/v2\/media?parent=14548"}],"wp:term":[{"taxonomy":"location","embeddable":true,"href":"https:\/\/delices.lu\/de\/wp-json\/wp\/v2\/location?post=14548"},{"taxonomy":"product_brand","embeddable":true,"href":"https:\/\/delices.lu\/de\/wp-json\/wp\/v2\/product_brand?post=14548"},{"taxonomy":"product_cat","embeddable":true,"href":"https:\/\/delices.lu\/de\/wp-json\/wp\/v2\/product_cat?post=14548"},{"taxonomy":"product_tag","embeddable":true,"href":"https:\/\/delices.lu\/de\/wp-json\/wp\/v2\/product_tag?post=14548"}],"curies":[{"name":"wp","href":"https:\/\/api.w.org\/{rel}","templated":true}]}}