{"id":14549,"date":"2024-06-28T00:00:53","date_gmt":"2025-03-20T10:46:48","guid":{"rendered":"https:\/\/delices.lu\/produit\/newmoon-grosser-weisser-teller\/"},"modified":"2025-03-20T11:46:48","modified_gmt":"2025-03-20T10:46:48","slug":"newmoon-grosser-weisser-teller","status":"publish","type":"product","link":"https:\/\/delices.lu\/de\/produit\/newmoon-grosser-weisser-teller\/","title":{"rendered":"NewMoon &#8211; Gro\u00dfer wei\u00dfer Teller"},"content":{"rendered":"<p><strong>Ein gro\u00dfer, wei\u00dfer Gourmetteller in schlichtem Stil<\/strong><br \/>\nDie harmonische Form dieses Porzellantellers aus der NewMoon-Kollektion dr\u00fcckt seine Eleganz mit Feingef\u00fchl aus. Der auff\u00e4llige, halbmondf\u00f6rmige Rand unterstreicht das Design dieses Porzellans, das von dem Nachtgestirn inspiriert wurde. Mit seinem klaren Design ist dieser gro\u00dfe flache Teller aus Porzellan ein idealer Begleiter f\u00fcr Gourmet-Kreationen. Der einzigartige Charakter dieses Porzellantellers wird bei Ihren G\u00e4sten f\u00fcr Aufsehen sorgen! Kreieren Sie einzigartige Dressings oder verwenden Sie ihn als Platzteller. F\u00fcr den t\u00e4glichen Gebrauch oder f\u00fcr besondere Anl\u00e4sse wie den Muttertag ist er auch ein wunderbares Hochzeitsgeschenk. Entdecken Sie ein Porzellan, das von der Sch\u00f6nheit des Mondes inspiriert wurde.      <\/p>\n","protected":false},"excerpt":{"rendered":"<p><strong>NewMoon<br \/>\nGro\u00dfer Teller, wei\u00df<\/strong><br \/>\nMATERIAL: Premium Porcelain<br \/>\nGR\u00d6SSE: ca. 318 mm<br \/>\nFARBE: wei\u00df<br \/>\nGARANTIERT SP\u00dcLMASCHINENGARANTIE: Ja<br \/>\nMIKROWELLENGER\u00c4TEKOMPATIBEL: Ja<br \/>\nREF. ARTIKEL: 1042642680 <\/p>\n","protected":false},"featured_media":14554,"template":"","meta":[],"location":[959,967],"product_brand":[],"product_cat":[1354,2296,2231,1309],"product_tag":[2316,2315,2297,2299],"class_list":{"0":"post-14549","1":"product","2":"type-product","3":"status-publish","4":"has-post-thumbnail","6":"location-0-shop","7":"location-05-2","8":"product_cat-art-de-la-table-de","9":"product_cat-newmoon-de","10":"product_cat-teller","11":"product_cat-villeroy-boch-de","12":"product_tag-groser-teller","13":"product_tag-halbmond","14":"product_tag-newmoon-de","15":"product_tag-weis-de","17":"first","18":"instock","19":"shipping-taxable","20":"purchasable","21":"product-type-simple"},"supplier_id":9071,"supplier_sku":"1042642680","barcode":"4003686386501","atum_controlled":true,"out_stock_date":null,"out_stock_threshold":0,"inheritable":false,"inbound_stock":0,"stock_on_hold":0,"sold_today":0,"sales_last_days":0,"reserved_stock":null,"customer_returns":null,"warehouse_damage":null,"lost_in_post":null,"other_logs":null,"out_stock_days":0,"lost_sales":0,"has_location":false,"update_date":"2025-07-19T06:26:33","atum_locations":[{"id":960,"name":"0 SHOP","slug":"0-shop"},{"id":860,"name":"052","slug":"052"}],"atum_stock_status":"instock","restock_status":false,"low_stock_amount":"","sales_update_date":"2025-07-19T06:26:33","calc_backorders":0,"locations":[],"_links":{"self":[{"href":"https:\/\/delices.lu\/de\/wp-json\/wp\/v2\/product\/14549","targetHints":{"allow":["GET"]}}],"collection":[{"href":"https:\/\/delices.lu\/de\/wp-json\/wp\/v2\/product"}],"about":[{"href":"https:\/\/delices.lu\/de\/wp-json\/wp\/v2\/types\/product"}],"wp:featuredmedia":[{"embeddable":true,"href":"https:\/\/delices.lu\/de\/wp-json\/wp\/v2\/media\/14554"}],"wp:attachment":[{"href":"https:\/\/delices.lu\/de\/wp-json\/wp\/v2\/media?parent=14549"}],"wp:term":[{"taxonomy":"location","embeddable":true,"href":"https:\/\/delices.lu\/de\/wp-json\/wp\/v2\/location?post=14549"},{"taxonomy":"product_brand","embeddable":true,"href":"https:\/\/delices.lu\/de\/wp-json\/wp\/v2\/product_brand?post=14549"},{"taxonomy":"product_cat","embeddable":true,"href":"https:\/\/delices.lu\/de\/wp-json\/wp\/v2\/product_cat?post=14549"},{"taxonomy":"product_tag","embeddable":true,"href":"https:\/\/delices.lu\/de\/wp-json\/wp\/v2\/product_tag?post=14549"}],"curies":[{"name":"wp","href":"https:\/\/api.w.org\/{rel}","templated":true}]}}