{"id":14561,"date":"2024-10-10T00:00:14","date_gmt":"2025-03-20T10:46:56","guid":{"rendered":"https:\/\/delices.lu\/produit\/lave-glace-hohle-schale-blau-aus-steinzeug\/"},"modified":"2025-03-20T11:46:56","modified_gmt":"2025-03-20T10:46:56","slug":"lave-glace-hohle-schale-blau-aus-steinzeug","status":"publish","type":"product","link":"https:\/\/delices.lu\/de\/produit\/lave-glace-hohle-schale-blau-aus-steinzeug\/","title":{"rendered":"Lave Glac\u00e9 &#8211; Hohle Schale, blau, aus Steinzeug"},"content":{"rendered":"<p><strong>Eine tiefe Schale, die als dekorative Mehrzweckschale verwendet werden kann<\/strong><br \/>\nDer skandinavische Look der Lave Kollektion bringt einen Hauch von Authentizit\u00e4t auf den Tisch. Dieses vielseitige Geschirr eignet sich sowohl f\u00fcr allt\u00e4gliche Mahlzeiten als auch f\u00fcr besondere Anl\u00e4sse. Sie laden gerne Ihre Familie und Freunde zum Essen ein? Ihr Keramikgeschirr wird Ihre Lieben nicht gleichg\u00fcltig lassen! Erfreuen Sie die Augen und den Gaumen Ihrer G\u00e4ste mit einem trendigen Mix &amp; Match aus Schalen, Tellern, Gl\u00e4sern, Bechern und Untertassen der Kollektionen Lave oder Manufacture Rock. Dieser tiefe Keramikteller kombiniert Design und Eleganz und verf\u00fchrt kreative K\u00f6pfe mit seinem T\u00f6pferstil und seinem einzigartigen Farbverlauf! Die Tiefe dieses tiefen Sch\u00e4lchens macht es zu einem idealen Gef\u00e4\u00df f\u00fcr die Pr\u00e4sentation von Beilagen, So\u00dfengerichten, Nudeltellern, hausgemachten Suppen oder gemischten Salaten. Aber das ist noch nicht alles! Neben der Verfeinerung Ihrer Mahlzeiten kann er auch als dekorative Schale dienen: als Taschenleerer, Obstkorb oder Snackkorb. Unterstreichen Sie Ihren pers\u00f6nlichen Stil mit einem au\u00dfergew\u00f6hnlichen Geschirrdesign.         <\/p>\n","protected":false},"excerpt":{"rendered":"<p>MATERIAL: Steingut<br \/>\nGR\u00d6SSE: ca. 270 mm<br \/>\nFARBE: t\u00fcrkis<br \/>\nGARANTIERT SP\u00dcLMASCHINENGARANTIE: Ja<br \/>\nMIKROWELLENKOMPATIBEL: Ja<br \/>\nREF. ARTIKEL: 1042823800 <\/p>\n","protected":false},"featured_media":14565,"template":"","meta":[],"location":[959],"product_brand":[],"product_cat":[1354,1356,2242,2231,1309],"product_tag":[1358,2318,2248,2253,2317],"class_list":{"0":"post-14561","1":"product","2":"type-product","3":"status-publish","4":"has-post-thumbnail","6":"location-0-shop","7":"product_cat-art-de-la-table-de","8":"product_cat-coupe-de","9":"product_cat-schussel","10":"product_cat-teller","11":"product_cat-villeroy-boch-de","12":"product_tag-coupe-de","13":"product_tag-eisgekuhlte-wasche","14":"product_tag-teller","15":"product_tag-tiefer-teller","16":"product_tag-turkis","18":"first","19":"instock","20":"shipping-taxable","21":"purchasable","22":"product-type-simple"},"supplier_id":9071,"supplier_sku":"1042823800","barcode":"4003686403635","atum_controlled":true,"out_stock_date":null,"out_stock_threshold":0,"inheritable":false,"inbound_stock":0,"stock_on_hold":0,"sold_today":0,"sales_last_days":0,"reserved_stock":0,"customer_returns":0,"warehouse_damage":null,"lost_in_post":0,"other_logs":0,"out_stock_days":0,"lost_sales":0,"has_location":false,"update_date":"2025-07-19T06:26:34","atum_locations":[{"id":960,"name":"0 SHOP","slug":"0-shop"}],"atum_stock_status":"instock","restock_status":false,"low_stock_amount":"","sales_update_date":"2025-07-19T06:26:34","calc_backorders":0,"locations":[],"_links":{"self":[{"href":"https:\/\/delices.lu\/de\/wp-json\/wp\/v2\/product\/14561","targetHints":{"allow":["GET"]}}],"collection":[{"href":"https:\/\/delices.lu\/de\/wp-json\/wp\/v2\/product"}],"about":[{"href":"https:\/\/delices.lu\/de\/wp-json\/wp\/v2\/types\/product"}],"wp:featuredmedia":[{"embeddable":true,"href":"https:\/\/delices.lu\/de\/wp-json\/wp\/v2\/media\/14565"}],"wp:attachment":[{"href":"https:\/\/delices.lu\/de\/wp-json\/wp\/v2\/media?parent=14561"}],"wp:term":[{"taxonomy":"location","embeddable":true,"href":"https:\/\/delices.lu\/de\/wp-json\/wp\/v2\/location?post=14561"},{"taxonomy":"product_brand","embeddable":true,"href":"https:\/\/delices.lu\/de\/wp-json\/wp\/v2\/product_brand?post=14561"},{"taxonomy":"product_cat","embeddable":true,"href":"https:\/\/delices.lu\/de\/wp-json\/wp\/v2\/product_cat?post=14561"},{"taxonomy":"product_tag","embeddable":true,"href":"https:\/\/delices.lu\/de\/wp-json\/wp\/v2\/product_tag?post=14561"}],"curies":[{"name":"wp","href":"https:\/\/api.w.org\/{rel}","templated":true}]}}