{"id":14562,"date":"2024-06-28T00:00:49","date_gmt":"2025-03-20T10:46:56","guid":{"rendered":"https:\/\/delices.lu\/produit\/newmoon-dessertteller-weiss\/"},"modified":"2025-03-20T11:46:56","modified_gmt":"2025-03-20T10:46:56","slug":"newmoon-dessertteller-weiss","status":"publish","type":"product","link":"https:\/\/delices.lu\/de\/produit\/newmoon-dessertteller-weiss\/","title":{"rendered":"NewMoon &#8211; Dessertteller, wei\u00df"},"content":{"rendered":"<p><strong>Ein Dessertteller mit dem Design eines Halbmondes<\/strong><br \/>\nDas Essen neigt sich dem Ende zu und Ihre s\u00fc\u00dfen G\u00e4ste warten schon ungeduldig auf das Dessert. Hausgemachter Apfelkuchen, Schokoladenfondant, Erdbeerpavlova, Vanillepudding&#8230; Was auch immer Ihre s\u00fc\u00dfen K\u00f6stlichkeiten sind, Sie m\u00f6chten sie auf sch\u00f6nen Desserttellern pr\u00e4sentieren. Mit dem Tafelservice aus der Kollektion NewMoon werden Sie Ihre G\u00e4ste \u00fcberraschen! Der wei\u00dfe Dessertteller hat eine besondere Form, die an einen Halbmond erinnert. Ein atypisches und innovatives Design, das mit den Trends und Werten von Villeroy &amp; Boch \u00fcbereinstimmt. Dieser ausdrucksstarke und charaktervolle Porzellanteller eignet sich hervorragend f\u00fcr s\u00fc\u00dfe Speisen, aber auch f\u00fcr Vorspeisen, K\u00e4se, Br\u00f6tchen oder Geb\u00e4ck f\u00fcr einen Brunch. F\u00fcr ein harmonisches und elegantes Gesamtbild vervollst\u00e4ndigen Sie Ihren Tisch mit den anderen Geschirrteilen der NewMoon-Kollektion: flache Teller, Schalen, Espressotassen, Besteck, etc. Entdecken Sie ein Porzellan, das von der Sch\u00f6nheit des Mondes inspiriert wurde.       <\/p>\n","protected":false},"excerpt":{"rendered":"<p><strong>NewMoon<br \/>\nDessertteller, wei\u00df<\/strong><br \/>\nMATERIAL: Premium Porcelain<br \/>\nGR\u00d6SSE: ca. 242 mm<br \/>\nFARBE: wei\u00df<br \/>\nGARANTIERT SP\u00dcLMASCHINENGARANTIE: Ja<br \/>\nMIKROWELLENGER\u00c4TEKOMPATIBEL: Ja<br \/>\nREF. ARTIKEL: 1042642640 <\/p>\n","protected":false},"featured_media":14563,"template":"","meta":[],"location":[959,972],"product_brand":[],"product_cat":[1354,2296,2231,1309],"product_tag":[2250,2315,2297,2299],"class_list":{"0":"post-14562","1":"product","2":"type-product","3":"status-publish","4":"has-post-thumbnail","6":"location-0-shop","7":"location-04-2","8":"product_cat-art-de-la-table-de","9":"product_cat-newmoon-de","10":"product_cat-teller","11":"product_cat-villeroy-boch-de","12":"product_tag-dessertteller","13":"product_tag-halbmond","14":"product_tag-newmoon-de","15":"product_tag-weis-de","17":"first","18":"instock","19":"shipping-taxable","20":"purchasable","21":"product-type-simple"},"supplier_id":9071,"supplier_sku":"1042642640","barcode":"4003686386525","atum_controlled":true,"out_stock_date":null,"out_stock_threshold":0,"inheritable":false,"inbound_stock":0,"stock_on_hold":0,"sold_today":0,"sales_last_days":0,"reserved_stock":null,"customer_returns":null,"warehouse_damage":null,"lost_in_post":null,"other_logs":null,"out_stock_days":0,"lost_sales":0,"has_location":false,"update_date":"2025-07-19T06:26:33","atum_locations":[{"id":960,"name":"0 SHOP","slug":"0-shop"},{"id":865,"name":"042","slug":"042"}],"atum_stock_status":"instock","restock_status":false,"low_stock_amount":"","sales_update_date":"2025-07-19T06:26:33","calc_backorders":0,"locations":[],"_links":{"self":[{"href":"https:\/\/delices.lu\/de\/wp-json\/wp\/v2\/product\/14562","targetHints":{"allow":["GET"]}}],"collection":[{"href":"https:\/\/delices.lu\/de\/wp-json\/wp\/v2\/product"}],"about":[{"href":"https:\/\/delices.lu\/de\/wp-json\/wp\/v2\/types\/product"}],"wp:featuredmedia":[{"embeddable":true,"href":"https:\/\/delices.lu\/de\/wp-json\/wp\/v2\/media\/14563"}],"wp:attachment":[{"href":"https:\/\/delices.lu\/de\/wp-json\/wp\/v2\/media?parent=14562"}],"wp:term":[{"taxonomy":"location","embeddable":true,"href":"https:\/\/delices.lu\/de\/wp-json\/wp\/v2\/location?post=14562"},{"taxonomy":"product_brand","embeddable":true,"href":"https:\/\/delices.lu\/de\/wp-json\/wp\/v2\/product_brand?post=14562"},{"taxonomy":"product_cat","embeddable":true,"href":"https:\/\/delices.lu\/de\/wp-json\/wp\/v2\/product_cat?post=14562"},{"taxonomy":"product_tag","embeddable":true,"href":"https:\/\/delices.lu\/de\/wp-json\/wp\/v2\/product_tag?post=14562"}],"curies":[{"name":"wp","href":"https:\/\/api.w.org\/{rel}","templated":true}]}}