{"id":14575,"date":"2024-04-14T00:00:29","date_gmt":"2025-03-20T10:46:56","guid":{"rendered":"https:\/\/delices.lu\/produit\/lave-glace-tasse-ohne-henkel-blau-aus-steingut\/"},"modified":"2025-03-20T11:46:56","modified_gmt":"2025-03-20T10:46:56","slug":"lave-glace-tasse-ohne-henkel-blau-aus-steingut","status":"publish","type":"product","link":"https:\/\/delices.lu\/de\/produit\/lave-glace-tasse-ohne-henkel-blau-aus-steingut\/","title":{"rendered":"Lave Glac\u00e9 &#8211; Tasse ohne Henkel, blau, aus Steingut"},"content":{"rendered":"<p><strong>Eine trendige und kunstvolle Tasse ohne Henkel<\/strong><br \/>\nMachen Sie es sich auf Ihrem Sofa bequem und genie\u00dfen Sie Ihren ersten Schluck Kaffee, was f\u00fcr ein Gl\u00fcck! Um diesen Moment noch angenehmer zu machen, genie\u00dfen Sie ihn aus dem henkellosen Becher der Kollektion Lave Glac\u00e9. Mit seinen unregelm\u00e4\u00dfigen Formen und dem t\u00fcrkisfarbenen Farbverlauf, der zwischen matt und gl\u00e4nzend changiert, zeigt dieser Becher ein authentisches Design. Diese skandinavisch anmutende Vintage-Kunst kommt immer h\u00e4ufiger auf unsere Tische. Sie ist sogar einer der wichtigsten Trends der Gegenwart. Vervollst\u00e4ndigen Sie Ihre Kollektion mit dem anderen Geschirr von Lave Glac\u00e9, um diese einzigartige Note bei Brunch oder Essen mit Freunden zu verleihen: Sch\u00fcsseln, Espressotassen, Untertassen, flache Teller, tiefe Schalen&#8230; Sie sind eher ein Freund von hei\u00dfer Schokolade? Mit seinem gro\u00dfen Fassungsverm\u00f6gen bietet dieser henkellose Becher Platz f\u00fcr alle s\u00fc\u00dfen Leckereien und Milchgetr\u00e4nke! Unterstreichen Sie Ihren pers\u00f6nlichen Stil mit einem au\u00dfergew\u00f6hnlichen Geschirrdesign.       <\/p>\n","protected":false},"excerpt":{"rendered":"<p>MATERIAL: Steingut<br \/>\nDIAMETER: 90 mm<br \/>\nGR\u00d6SSE: ca. 400 ml<br \/>\nFARBE: t\u00fcrkis<br \/>\nGARANTIERT SP\u00dcLMASCHINENGARANTIE: Ja<br \/>\nMIKROWELLENKOMPATIBEL: Ja<br \/>\nREF. ARTIKEL: 1042829660 <\/p>\n","protected":false},"featured_media":14577,"template":"","meta":[],"location":[],"product_brand":[],"product_cat":[2235,2163,1309],"product_tag":[2318,2168,1154,2238],"class_list":{"0":"post-14575","1":"product","2":"type-product","3":"status-publish","4":"has-post-thumbnail","6":"product_cat-tasse-de","7":"product_cat-tasse-krug","8":"product_cat-villeroy-boch-de","9":"product_tag-eisgekuhlte-wasche","10":"product_tag-krug-de","11":"product_tag-mug-becher","12":"product_tag-tasse-ohne-henkel","14":"first","15":"instock","16":"shipping-taxable","17":"purchasable","18":"product-type-simple"},"supplier_id":9071,"supplier_sku":"1042829660","barcode":"4003686386666","atum_controlled":true,"out_stock_date":"2024-04-15 06:05:59","out_stock_threshold":0,"inheritable":false,"inbound_stock":0,"stock_on_hold":0,"sold_today":0,"sales_last_days":0,"reserved_stock":0,"customer_returns":0,"warehouse_damage":null,"lost_in_post":0,"other_logs":0,"out_stock_days":460,"lost_sales":0,"has_location":false,"update_date":"2025-07-19T06:26:25","atum_locations":[],"atum_stock_status":"onbackorder","restock_status":false,"low_stock_amount":"","sales_update_date":"2025-07-19T06:26:25","calc_backorders":0,"locations":[],"_links":{"self":[{"href":"https:\/\/delices.lu\/de\/wp-json\/wp\/v2\/product\/14575","targetHints":{"allow":["GET"]}}],"collection":[{"href":"https:\/\/delices.lu\/de\/wp-json\/wp\/v2\/product"}],"about":[{"href":"https:\/\/delices.lu\/de\/wp-json\/wp\/v2\/types\/product"}],"wp:featuredmedia":[{"embeddable":true,"href":"https:\/\/delices.lu\/de\/wp-json\/wp\/v2\/media\/14577"}],"wp:attachment":[{"href":"https:\/\/delices.lu\/de\/wp-json\/wp\/v2\/media?parent=14575"}],"wp:term":[{"taxonomy":"location","embeddable":true,"href":"https:\/\/delices.lu\/de\/wp-json\/wp\/v2\/location?post=14575"},{"taxonomy":"product_brand","embeddable":true,"href":"https:\/\/delices.lu\/de\/wp-json\/wp\/v2\/product_brand?post=14575"},{"taxonomy":"product_cat","embeddable":true,"href":"https:\/\/delices.lu\/de\/wp-json\/wp\/v2\/product_cat?post=14575"},{"taxonomy":"product_tag","embeddable":true,"href":"https:\/\/delices.lu\/de\/wp-json\/wp\/v2\/product_tag?post=14575"}],"curies":[{"name":"wp","href":"https:\/\/api.w.org\/{rel}","templated":true}]}}