{"id":14576,"date":"2024-07-05T00:00:56","date_gmt":"2025-03-20T10:46:57","guid":{"rendered":"https:\/\/delices.lu\/produit\/lave-gris-graue-tiefe-schale-aus-steingut\/"},"modified":"2025-03-20T11:46:57","modified_gmt":"2025-03-20T10:46:57","slug":"lave-gris-graue-tiefe-schale-aus-steingut","status":"publish","type":"product","link":"https:\/\/delices.lu\/de\/produit\/lave-gris-graue-tiefe-schale-aus-steingut\/","title":{"rendered":"Lave Gris &#8211; Graue, tiefe Schale aus Steingut"},"content":{"rendered":"<p><strong>Eine moderne und trendige tiefe Schale mit bearbeiteter Glasur<\/strong><br \/>\nDiese graue Keramikschale zeigt dank der direkt von Hand aufgetragenen Glasur sehr sch\u00f6ne Reflexe. Das spiegelnde Aussehen dieses Steingutgeschirrs macht Lust, es auszustellen. Sie k\u00f6nnen die graue Schale also auf ein M\u00f6belst\u00fcck oder sogar auf Ihren Tisch stellen, um sie als h\u00fcbschen Taschenleerer zu verwenden. Die tiefe Schale ist ein typisches St\u00fcck der Lave-Kollektion der Serie Like, aber Sie k\u00f6nnen sie auch mit dem Becher aus Steingut, dem flachen Teller oder dem Geschirrset aus der gleichen Kollektion kombinieren. Mit dieser eleganten, praktischen und h\u00fcbschen tiefen Schale k\u00f6nnen Sie jeden Tag eine Reise in die nordischen L\u00e4nder unternehmen. Es ist sowohl ein tiefer Teller, um kleine Beilagen anzubieten, als auch eine moderne, dekorative Schale, um Ihre Fr\u00fcchte der Saison oder einen leckeren Snack zu servieren. Unterstreichen Sie Ihren pers\u00f6nlichen Stil mit einem au\u00dfergew\u00f6hnlichen Geschirrdesign.      <\/p>\n","protected":false},"excerpt":{"rendered":"<p>MATERIAL: Steingut<br \/>\nDURCHMESSER: ca. 270 mm<br \/>\nFARBE: grau<br \/>\nGARANTIE SP\u00dcLMASCHINENGARANTIE: Ja<br \/>\nMIKROWELLENKOMPATIBEL: Ja<br \/>\nREF. ARTIKEL: 1042593800 <\/p>\n","protected":false},"featured_media":14580,"template":"","meta":[],"location":[959,975],"product_brand":[],"product_cat":[1354,1356,2242,2231,1309],"product_tag":[1358,2246,2245,2247,2244,2243],"class_list":{"0":"post-14576","1":"product","2":"type-product","3":"status-publish","4":"has-post-thumbnail","6":"location-0-shop","7":"location-04-5","8":"product_cat-art-de-la-table-de","9":"product_cat-coupe-de","10":"product_cat-schussel","11":"product_cat-teller","12":"product_cat-villeroy-boch-de","13":"product_tag-coupe-de","14":"product_tag-flacher-schnitt","15":"product_tag-grau","16":"product_tag-lava-grau","17":"product_tag-sandstein","18":"product_tag-schussel","20":"first","21":"instock","22":"shipping-taxable","23":"purchasable","24":"product-type-simple"},"supplier_id":null,"supplier_sku":"1042593800","barcode":"4003686373440","atum_controlled":true,"out_stock_date":null,"out_stock_threshold":0,"inheritable":false,"inbound_stock":0,"stock_on_hold":0,"sold_today":0,"sales_last_days":0,"reserved_stock":0,"customer_returns":0,"warehouse_damage":null,"lost_in_post":0,"other_logs":0,"out_stock_days":0,"lost_sales":0,"has_location":false,"update_date":"2025-07-19T06:26:39","atum_locations":[{"id":960,"name":"0 SHOP","slug":"0-shop"},{"id":868,"name":"045","slug":"045"}],"atum_stock_status":"instock","restock_status":false,"low_stock_amount":"","sales_update_date":"2025-07-19T06:26:39","calc_backorders":0,"locations":[],"_links":{"self":[{"href":"https:\/\/delices.lu\/de\/wp-json\/wp\/v2\/product\/14576","targetHints":{"allow":["GET"]}}],"collection":[{"href":"https:\/\/delices.lu\/de\/wp-json\/wp\/v2\/product"}],"about":[{"href":"https:\/\/delices.lu\/de\/wp-json\/wp\/v2\/types\/product"}],"wp:featuredmedia":[{"embeddable":true,"href":"https:\/\/delices.lu\/de\/wp-json\/wp\/v2\/media\/14580"}],"wp:attachment":[{"href":"https:\/\/delices.lu\/de\/wp-json\/wp\/v2\/media?parent=14576"}],"wp:term":[{"taxonomy":"location","embeddable":true,"href":"https:\/\/delices.lu\/de\/wp-json\/wp\/v2\/location?post=14576"},{"taxonomy":"product_brand","embeddable":true,"href":"https:\/\/delices.lu\/de\/wp-json\/wp\/v2\/product_brand?post=14576"},{"taxonomy":"product_cat","embeddable":true,"href":"https:\/\/delices.lu\/de\/wp-json\/wp\/v2\/product_cat?post=14576"},{"taxonomy":"product_tag","embeddable":true,"href":"https:\/\/delices.lu\/de\/wp-json\/wp\/v2\/product_tag?post=14576"}],"curies":[{"name":"wp","href":"https:\/\/api.w.org\/{rel}","templated":true}]}}