{"id":14585,"date":"2024-04-14T00:00:47","date_gmt":"2025-03-20T10:46:57","guid":{"rendered":"https:\/\/delices.lu\/produit\/lave-glace-grosse-schale-blau-aus-steingut\/"},"modified":"2025-03-20T11:46:57","modified_gmt":"2025-03-20T10:46:57","slug":"lave-glace-grosse-schale-blau-aus-steingut","status":"publish","type":"product","link":"https:\/\/delices.lu\/de\/produit\/lave-glace-grosse-schale-blau-aus-steingut\/","title":{"rendered":"Lave Glac\u00e9 &#8211; Gro\u00dfe Schale, blau, aus Steingut"},"content":{"rendered":"<p><strong>Eine gro\u00dfe, vielseitige Schale, die auch als Suppenteller verwendet werden kann<\/strong><br \/>\nFr\u00fchst\u00fccksflocken, Aperitifgeb\u00e4ck, Suppen, Salate oder Schmorgerichte&#8230; In dieser Steingutschale aus der Lave-Kollektion finden viele Gerichte ihren Platz. Und das aus gutem Grund! Ihr Format macht sie zu einem vielseitigen Geschirrst\u00fcck, das bei jeder Mahlzeit, vom Aperitif bis zum Dessert, verwendet werden kann. Das skandinavische Design verleiht Ihren Gerichten zusammen mit anderen St\u00fccken aus der gleichen Kollektion, wie Tellern, Sch\u00fcsseln, Tassen oder henkellosen Bechern, eine hervorragende Pr\u00e4sentation. Die spezielle Emaillierung garantiert Ihnen einzigartige Farbnuancen, wie bei einem Kunstwerk! Die praktische Tiefe dieser sch\u00f6nen Sch\u00fcssel erm\u00f6glicht es Ihnen, sie vielseitig zu verwenden. Bei Tisch k\u00f6nnen Sie diese Tellerschale verwenden, um Ihre Lieblingsgerichte zu pr\u00e4sentieren oder als Beh\u00e4lter f\u00fcr Beilagen. Alternativ k\u00f6nnen Sie sie auch als Deko-Objekt verwenden: als dekorative Schale f\u00fcr Snacks oder S\u00fc\u00dfigkeiten, als Obstkorb oder als Design-Ablage auf dem Flurschrank. Unterstreichen Sie Ihren pers\u00f6nlichen Stil mit einem au\u00dfergew\u00f6hnlichen Geschirrdesign.        <\/p>\n","protected":false},"excerpt":{"rendered":"<p>MATERIAL: Steingut<br \/>\nGR\u00d6\u00dfE: ca. 170 mm<br \/>\nINHALT: ca. 600 ml<br \/>\nFARBE: t\u00fcrkis<br \/>\nGARANTIERT SP\u00dcLMASCHINENGARANTIE: Ja<br \/>\nMIKROWELLENKOMPATIBEL: Ja<br \/>\nREF. ARTIKEL: 1042821900 <\/p>\n","protected":false},"featured_media":14587,"template":"","meta":[],"location":[],"product_brand":[],"product_cat":[1354,1355,1356,2231,1309],"product_tag":[1359,1358,2318,2248,2253,2317],"class_list":{"0":"post-14585","1":"product","2":"type-product","3":"status-publish","4":"has-post-thumbnail","6":"product_cat-art-de-la-table-de","7":"product_cat-bol-de","8":"product_cat-coupe-de","9":"product_cat-teller","10":"product_cat-villeroy-boch-de","11":"product_tag-bol-de","12":"product_tag-coupe-de","13":"product_tag-eisgekuhlte-wasche","14":"product_tag-teller","15":"product_tag-tiefer-teller","16":"product_tag-turkis","18":"first","19":"instock","20":"shipping-taxable","21":"purchasable","22":"product-type-simple"},"supplier_id":9071,"supplier_sku":"1042821900","barcode":"4003686403604","atum_controlled":true,"out_stock_date":"2024-04-15 06:05:59","out_stock_threshold":0,"inheritable":false,"inbound_stock":0,"stock_on_hold":0,"sold_today":0,"sales_last_days":0,"reserved_stock":0,"customer_returns":0,"warehouse_damage":null,"lost_in_post":0,"other_logs":0,"out_stock_days":460,"lost_sales":0,"has_location":false,"update_date":"2025-07-19T06:26:25","atum_locations":[],"atum_stock_status":"onbackorder","restock_status":false,"low_stock_amount":"","sales_update_date":"2025-07-19T06:26:25","calc_backorders":0,"locations":[],"_links":{"self":[{"href":"https:\/\/delices.lu\/de\/wp-json\/wp\/v2\/product\/14585","targetHints":{"allow":["GET"]}}],"collection":[{"href":"https:\/\/delices.lu\/de\/wp-json\/wp\/v2\/product"}],"about":[{"href":"https:\/\/delices.lu\/de\/wp-json\/wp\/v2\/types\/product"}],"wp:featuredmedia":[{"embeddable":true,"href":"https:\/\/delices.lu\/de\/wp-json\/wp\/v2\/media\/14587"}],"wp:attachment":[{"href":"https:\/\/delices.lu\/de\/wp-json\/wp\/v2\/media?parent=14585"}],"wp:term":[{"taxonomy":"location","embeddable":true,"href":"https:\/\/delices.lu\/de\/wp-json\/wp\/v2\/location?post=14585"},{"taxonomy":"product_brand","embeddable":true,"href":"https:\/\/delices.lu\/de\/wp-json\/wp\/v2\/product_brand?post=14585"},{"taxonomy":"product_cat","embeddable":true,"href":"https:\/\/delices.lu\/de\/wp-json\/wp\/v2\/product_cat?post=14585"},{"taxonomy":"product_tag","embeddable":true,"href":"https:\/\/delices.lu\/de\/wp-json\/wp\/v2\/product_tag?post=14585"}],"curies":[{"name":"wp","href":"https:\/\/api.w.org\/{rel}","templated":true}]}}