{"id":14586,"date":"2024-07-14T00:00:43","date_gmt":"2025-03-20T10:46:57","guid":{"rendered":"https:\/\/delices.lu\/produit\/lave-gris-becher-mit-henkel-grau-aus-steingut\/"},"modified":"2025-03-20T11:46:57","modified_gmt":"2025-03-20T10:46:57","slug":"lave-gris-becher-mit-henkel-grau-aus-steingut","status":"publish","type":"product","link":"https:\/\/delices.lu\/de\/produit\/lave-gris-becher-mit-henkel-grau-aus-steingut\/","title":{"rendered":"Lave Gris &#8211; Becher mit Henkel, grau, aus Steingut"},"content":{"rendered":"<p><strong>Ein moderner und origineller Becher mit Henkel<\/strong><br \/>\nM\u00f6chten Sie sich f\u00fcr ein Geschirr entscheiden, das zu Ihnen passt? Entdecken Sie diesen handgefertigten Becher aus Keramik. Schon der Anblick verleiht Ihrem Kaffee oder Tee einen besonderen Geschmack. Dieser Becher im authentischen T\u00f6pferei-Stil erm\u00f6glicht es Ihnen, alle Ihre Gourmetmomente in Szene zu setzen. Er bietet sogar Platz f\u00fcr eine kleine Portion Milchschaum! Um Ihren Freunden das Wasser im Munde zusammenlaufen zu lassen, kaufen Sie weitere Tassen aus der gleichen Kollektion und stellen Sie ein sch\u00f6nes Kaffeeservice zusammen. Diese Keramiktasse ist das Geschirrst\u00fcck, das man t\u00e4glich gerne benutzt, da sie problemlos in die Mikrowelle und in den Geschirrsp\u00fcler passt. F\u00fcr noch mehr Originalit\u00e4t kombinieren Sie ihn mit St\u00fccken aus der Manufacture Rock Kollektion. Der Effekt ist garantiert! Unterstreichen Sie Ihren pers\u00f6nlichen Stil mit einem au\u00dfergew\u00f6hnlichen Geschirrdesign.         <\/p>\n","protected":false},"excerpt":{"rendered":"<p>MATERIAL: Steingut<br \/>\nINHALT: 400 ml<br \/>\nDURCHMESSER: ca. 90 mm<br \/>\nFARBE: grau<br \/>\nGARANTIERT SP\u00dcLMASCHINENGARANTIE: Ja<br \/>\nMIKROWELLENKOMPATIBEL: Ja<br \/>\nREF. ARTIKEL: 1042599651 <\/p>\n","protected":false},"featured_media":14590,"template":"","meta":[],"location":[959,974],"product_brand":[],"product_cat":[2235,2163,1309],"product_tag":[2245,2168,2247,1154,2244,2319],"class_list":{"0":"post-14586","1":"product","2":"type-product","3":"status-publish","4":"has-post-thumbnail","6":"location-0-shop","7":"location-04-4","8":"product_cat-tasse-de","9":"product_cat-tasse-krug","10":"product_cat-villeroy-boch-de","11":"product_tag-grau","12":"product_tag-krug-de","13":"product_tag-lava-grau","14":"product_tag-mug-becher","15":"product_tag-sandstein","16":"product_tag-tasse-mit-henkel","18":"first","19":"instock","20":"shipping-taxable","21":"purchasable","22":"product-type-simple"},"supplier_id":9071,"supplier_sku":"1042599651","barcode":"4003686373419","atum_controlled":true,"out_stock_date":null,"out_stock_threshold":0,"inheritable":false,"inbound_stock":0,"stock_on_hold":0,"sold_today":0,"sales_last_days":0,"reserved_stock":0,"customer_returns":null,"warehouse_damage":null,"lost_in_post":null,"other_logs":0,"out_stock_days":0,"lost_sales":0,"has_location":false,"update_date":"2025-07-19T06:26:25","atum_locations":[{"id":960,"name":"0 SHOP","slug":"0-shop"},{"id":867,"name":"044","slug":"044"}],"atum_stock_status":"instock","restock_status":false,"low_stock_amount":"","sales_update_date":"2025-07-19T06:26:25","calc_backorders":0,"locations":[],"_links":{"self":[{"href":"https:\/\/delices.lu\/de\/wp-json\/wp\/v2\/product\/14586","targetHints":{"allow":["GET"]}}],"collection":[{"href":"https:\/\/delices.lu\/de\/wp-json\/wp\/v2\/product"}],"about":[{"href":"https:\/\/delices.lu\/de\/wp-json\/wp\/v2\/types\/product"}],"wp:featuredmedia":[{"embeddable":true,"href":"https:\/\/delices.lu\/de\/wp-json\/wp\/v2\/media\/14590"}],"wp:attachment":[{"href":"https:\/\/delices.lu\/de\/wp-json\/wp\/v2\/media?parent=14586"}],"wp:term":[{"taxonomy":"location","embeddable":true,"href":"https:\/\/delices.lu\/de\/wp-json\/wp\/v2\/location?post=14586"},{"taxonomy":"product_brand","embeddable":true,"href":"https:\/\/delices.lu\/de\/wp-json\/wp\/v2\/product_brand?post=14586"},{"taxonomy":"product_cat","embeddable":true,"href":"https:\/\/delices.lu\/de\/wp-json\/wp\/v2\/product_cat?post=14586"},{"taxonomy":"product_tag","embeddable":true,"href":"https:\/\/delices.lu\/de\/wp-json\/wp\/v2\/product_tag?post=14586"}],"curies":[{"name":"wp","href":"https:\/\/api.w.org\/{rel}","templated":true}]}}