{"id":14596,"date":"2024-10-11T00:00:12","date_gmt":"2025-03-20T10:46:58","guid":{"rendered":"https:\/\/delices.lu\/produit\/lave-gris-grauer-dessertteller-aus-steingut\/"},"modified":"2025-03-20T11:46:58","modified_gmt":"2025-03-20T10:46:58","slug":"lave-gris-grauer-dessertteller-aus-steingut","status":"publish","type":"product","link":"https:\/\/delices.lu\/de\/produit\/lave-gris-grauer-dessertteller-aus-steingut\/","title":{"rendered":"Lave Gris &#8211; Grauer Dessertteller aus Steingut"},"content":{"rendered":"<p><strong>Ein kleiner, trendiger Dessertteller im T\u00f6pferei-Stil<\/strong><br \/>\nWer hat gesagt, dass V\u00f6llerei ein h\u00e4sslicher Fehler ist? Mit diesem Dessertteller aus der Lave-Kollektion k\u00f6nnen Sie Ihre Geschmacksnerven mit einer tollen Pr\u00e4sentation zum Explodieren bringen! S\u00fc\u00dfe Leckereien kommen auf diesem sch\u00f6nen und originellen Dessertteller besonders gut zur Geltung. Und da er so vielseitig ist, k\u00f6nnen Sie darauf auch Ihr R\u00fchrei zum Fr\u00fchst\u00fcck anrichten oder warme Br\u00f6tchen oder leckere Pfannkuchen servieren. Dieser Gourmet-Dessertteller kann mit allen anderen Produkten der Lave-Kollektion kombiniert werden, um ein komplettes Tafelservice aus Steingut zu bilden. Mit der handgearbeiteten Glasur und der organischen Form ist jedes St\u00fcck von skandinavischem Designgeschirr inspiriert. Entdecken Sie auch den gro\u00dfen flachen Teller oder die vielseitige Schale, die sich nach Belieben in einen tiefen Teller verwandeln l\u00e4sst! Unterstreichen Sie Ihren pers\u00f6nlichen Stil mit einem au\u00dfergew\u00f6hnlichen Geschirrdesign.       <\/p>\n","protected":false},"excerpt":{"rendered":"<p>MATERIAL: Steingut<br \/>\nFARBE: grau<br \/>\nDURCHMESSER: ca. 230 mm<br \/>\nGARANTIERT SP\u00dcLMASCHINENGARANTIE: Ja<br \/>\nMIKROWELLENKOMPATIBEL: Ja<br \/>\nREF. ARTIKEL: 1042592640 <\/p>\n","protected":false},"featured_media":14601,"template":"","meta":[],"location":[959,962],"product_brand":[],"product_cat":[1354,2231,1309],"product_tag":[2250,2245,2247,2248,2320],"class_list":{"0":"post-14596","1":"product","2":"type-product","3":"status-publish","4":"has-post-thumbnail","6":"location-0-shop","7":"location-06-4","8":"product_cat-art-de-la-table-de","9":"product_cat-teller","10":"product_cat-villeroy-boch-de","11":"product_tag-dessertteller","12":"product_tag-grau","13":"product_tag-lava-grau","14":"product_tag-teller","15":"product_tag-waschmaschine","17":"first","18":"instock","19":"shipping-taxable","20":"purchasable","21":"product-type-simple"},"supplier_id":9071,"supplier_sku":"1042592640","barcode":"4003686373426","atum_controlled":true,"out_stock_date":null,"out_stock_threshold":0,"inheritable":false,"inbound_stock":0,"stock_on_hold":0,"sold_today":0,"sales_last_days":0,"reserved_stock":0,"customer_returns":null,"warehouse_damage":null,"lost_in_post":null,"other_logs":0,"out_stock_days":0,"lost_sales":0,"has_location":false,"update_date":"2025-07-19T06:26:34","atum_locations":[{"id":960,"name":"0 SHOP","slug":"0-shop"},{"id":857,"name":"064","slug":"064"}],"atum_stock_status":"instock","restock_status":false,"low_stock_amount":"","sales_update_date":"2025-07-19T06:26:34","calc_backorders":0,"locations":[],"_links":{"self":[{"href":"https:\/\/delices.lu\/de\/wp-json\/wp\/v2\/product\/14596","targetHints":{"allow":["GET"]}}],"collection":[{"href":"https:\/\/delices.lu\/de\/wp-json\/wp\/v2\/product"}],"about":[{"href":"https:\/\/delices.lu\/de\/wp-json\/wp\/v2\/types\/product"}],"wp:featuredmedia":[{"embeddable":true,"href":"https:\/\/delices.lu\/de\/wp-json\/wp\/v2\/media\/14601"}],"wp:attachment":[{"href":"https:\/\/delices.lu\/de\/wp-json\/wp\/v2\/media?parent=14596"}],"wp:term":[{"taxonomy":"location","embeddable":true,"href":"https:\/\/delices.lu\/de\/wp-json\/wp\/v2\/location?post=14596"},{"taxonomy":"product_brand","embeddable":true,"href":"https:\/\/delices.lu\/de\/wp-json\/wp\/v2\/product_brand?post=14596"},{"taxonomy":"product_cat","embeddable":true,"href":"https:\/\/delices.lu\/de\/wp-json\/wp\/v2\/product_cat?post=14596"},{"taxonomy":"product_tag","embeddable":true,"href":"https:\/\/delices.lu\/de\/wp-json\/wp\/v2\/product_tag?post=14596"}],"curies":[{"name":"wp","href":"https:\/\/api.w.org\/{rel}","templated":true}]}}