{"id":14597,"date":"2024-10-10T00:00:19","date_gmt":"2025-03-20T10:46:58","guid":{"rendered":"https:\/\/delices.lu\/produit\/lave-glace-flacher-teller-blau-aus-steinzeug\/"},"modified":"2025-03-20T11:46:58","modified_gmt":"2025-03-20T10:46:58","slug":"lave-glace-flacher-teller-blau-aus-steinzeug","status":"publish","type":"product","link":"https:\/\/delices.lu\/de\/produit\/lave-glace-flacher-teller-blau-aus-steinzeug\/","title":{"rendered":"Lave Glac\u00e9 &#8211; Flacher Teller, blau, aus Steinzeug"},"content":{"rendered":"<p><strong>Ein flacher Teller im Design f\u00fcr die Pr\u00e4sentation Ihrer Lieblingsgerichte<\/strong><br \/>\nDieser flache Teller aus Steingut besticht durch seinen trendigen T\u00f6pferstil. Die spezielle Glasur garantiert Ihnen einen originellen Teller mit einzigartigen Farbnuancen! Das h\u00fcbsche Blau verleiht dem Tisch einen diskreten Farbtupfer und passt perfekt zu den anderen St\u00fccken der Lave-Kollektion: henkellose Tassen, tiefe Teller, Schalen und Vasen. F\u00fcr noch mehr Originalit\u00e4t k\u00f6nnen Sie sich auch f\u00fcr ein trendiges Mix &amp; Match entscheiden. Kombinieren Sie zum Beispiel diesen sch\u00f6nen Teller mit der Schieferoptik der Kollektion Manufacture Rock! Durch die geschickte Kombination von Farben und Materialien k\u00f6nnen Sie selbst ein komplettes Tafelservice zusammenstellen. Ein Geschirrset voller K\u00fchnheit, das Ihre Kreativit\u00e4t beweist! Dieser gro\u00dfe Teller veredelt die Pr\u00e4sentation Ihrer Speisen bei einem Familienessen oder einem Abendessen mit Freunden. Die Steingutteller aus der Serie Like sind auch eine trendige Geschenkidee, mit der Sie Ihren Lieben eine Freude machen k\u00f6nnen. Unterstreichen Sie Ihren pers\u00f6nlichen Stil mit einem au\u00dfergew\u00f6hnlichen Geschirrdesign.         <\/p>\n","protected":false},"excerpt":{"rendered":"<p>MATERIAL: Steingut<br \/>\nGR\u00d6SSE: ca. 280 mm<br \/>\nFARBE: t\u00fcrkis<br \/>\nGARANTIERT SP\u00dcLMASCHINENGARANTIE: Ja<br \/>\nMIKROWELLENKOMPATIBEL: Ja<br \/>\nREF. ARTIKEL: 1042822610 <\/p>\n","protected":false},"featured_media":14598,"template":"","meta":[],"location":[959],"product_brand":[],"product_cat":[1354,2231,1309],"product_tag":[2318,2249,2248,2317],"class_list":{"0":"post-14597","1":"product","2":"type-product","3":"status-publish","4":"has-post-thumbnail","6":"location-0-shop","7":"product_cat-art-de-la-table-de","8":"product_cat-teller","9":"product_cat-villeroy-boch-de","10":"product_tag-eisgekuhlte-wasche","11":"product_tag-flacher-teller","12":"product_tag-teller","13":"product_tag-turkis","15":"first","16":"instock","17":"shipping-taxable","18":"purchasable","19":"product-type-simple"},"supplier_id":9071,"supplier_sku":"1042822610","barcode":"4003686403611","atum_controlled":true,"out_stock_date":"2024-10-11 10:57:31","out_stock_threshold":0,"inheritable":false,"inbound_stock":0,"stock_on_hold":0,"sold_today":0,"sales_last_days":0,"reserved_stock":0,"customer_returns":0,"warehouse_damage":null,"lost_in_post":0,"other_logs":0,"out_stock_days":280,"lost_sales":0,"has_location":false,"update_date":"2025-07-19T06:26:41","atum_locations":[{"id":960,"name":"0 SHOP","slug":"0-shop"}],"atum_stock_status":"onbackorder","restock_status":false,"low_stock_amount":"","sales_update_date":"2025-07-19T06:26:41","calc_backorders":0,"locations":[],"_links":{"self":[{"href":"https:\/\/delices.lu\/de\/wp-json\/wp\/v2\/product\/14597","targetHints":{"allow":["GET"]}}],"collection":[{"href":"https:\/\/delices.lu\/de\/wp-json\/wp\/v2\/product"}],"about":[{"href":"https:\/\/delices.lu\/de\/wp-json\/wp\/v2\/types\/product"}],"wp:featuredmedia":[{"embeddable":true,"href":"https:\/\/delices.lu\/de\/wp-json\/wp\/v2\/media\/14598"}],"wp:attachment":[{"href":"https:\/\/delices.lu\/de\/wp-json\/wp\/v2\/media?parent=14597"}],"wp:term":[{"taxonomy":"location","embeddable":true,"href":"https:\/\/delices.lu\/de\/wp-json\/wp\/v2\/location?post=14597"},{"taxonomy":"product_brand","embeddable":true,"href":"https:\/\/delices.lu\/de\/wp-json\/wp\/v2\/product_brand?post=14597"},{"taxonomy":"product_cat","embeddable":true,"href":"https:\/\/delices.lu\/de\/wp-json\/wp\/v2\/product_cat?post=14597"},{"taxonomy":"product_tag","embeddable":true,"href":"https:\/\/delices.lu\/de\/wp-json\/wp\/v2\/product_tag?post=14597"}],"curies":[{"name":"wp","href":"https:\/\/api.w.org\/{rel}","templated":true}]}}