{"id":14604,"date":"2024-05-24T00:00:34","date_gmt":"2025-03-20T10:46:59","guid":{"rendered":"https:\/\/delices.lu\/produit\/lava-glace-hohle-schale-blau-aus-steinzeug\/"},"modified":"2025-03-20T11:46:59","modified_gmt":"2025-03-20T10:46:59","slug":"lava-glace-hohle-schale-blau-aus-steinzeug","status":"publish","type":"product","link":"https:\/\/delices.lu\/de\/produit\/lava-glace-hohle-schale-blau-aus-steinzeug\/","title":{"rendered":"Lava glac\u00e9 &#8211; Hohle Schale, blau, aus Steinzeug"},"content":{"rendered":"<p><strong>Eine tiefe Schale, die vom Aperitif bis zum Dessert verwendet werden kann<\/strong><br \/>\nSind Sie auf der Suche nach einem trendigen und erschwinglichen Geschirrservice? Die Schalen, Teller, Becher und Untertassen der Lave-Kollektion bestechen durch ihr einzigartiges skandinavisches Design! \u00dcbrigens kann dieser kleine tiefe Teller das erste St\u00fcck eines kompletten Tafelservice sein. Lassen Sie Ihrer Kreativit\u00e4t mit einem gewagten Mix &amp; Match freien Lauf. Stellen Sie sich Ihr eigenes Geschirrset mit den passenden St\u00fccken im T\u00f6pferei-Stil oder der Manufacture Rock Kollektion zusammen! Dies ist die Garantie f\u00fcr eine originelle und moderne Tischdekoration f\u00fcr ein Essen mit der Familie oder Freunden. Dieser kleine tiefe Teller eignet sich perfekt f\u00fcr Nachos zum Aperitif, Beilagen, einen Salat als Vorspeise oder ein St\u00fcck Kuchen als Dessert. Seine h\u00fcbsche blaue Farbe und sein vielseitiges Design machen ihn zu einem idealen Beh\u00e4lter, in dem Sie viele Gerichte einfach zur Geltung bringen k\u00f6nnen! M\u00f6chten Sie einem lieben Menschen eine Freude machen? Eine Auswahl an Keramiktellern ist eine ausgezeichnete Geschenkidee f\u00fcr einen Geburtstag, eine Abschiedsfeier oder eine Einweihungsparty. Unterstreichen Sie Ihren pers\u00f6nlichen Stil mit einem au\u00dfergew\u00f6hnlichen Geschirrdesign.          <\/p>\n","protected":false},"excerpt":{"rendered":"<p>MATERIAL: Steingut<br \/>\nGR\u00d6SSE: ca. 210 mm<br \/>\nFARBE: T\u00fcrkis<br \/>\nGARANTIERT SP\u00dcLMASCHINENGARANTIE: Ja<br \/>\nMIKROWELLENKOMPATIBEL: Ja<br \/>\nREF. ARTIKEL: 1042823810 <\/p>\n","protected":false},"featured_media":14606,"template":"","meta":[],"location":[959],"product_brand":[],"product_cat":[1354,1356,2242,2231,1309],"product_tag":[1358,2318,2248,2253,2317],"class_list":{"0":"post-14604","1":"product","2":"type-product","3":"status-publish","4":"has-post-thumbnail","6":"location-0-shop","7":"product_cat-art-de-la-table-de","8":"product_cat-coupe-de","9":"product_cat-schussel","10":"product_cat-teller","11":"product_cat-villeroy-boch-de","12":"product_tag-coupe-de","13":"product_tag-eisgekuhlte-wasche","14":"product_tag-teller","15":"product_tag-tiefer-teller","16":"product_tag-turkis","18":"first","19":"instock","20":"shipping-taxable","21":"purchasable","22":"product-type-simple"},"supplier_id":9071,"supplier_sku":"1042823810","barcode":"4003686403642","atum_controlled":true,"out_stock_date":null,"out_stock_threshold":0,"inheritable":false,"inbound_stock":0,"stock_on_hold":0,"sold_today":0,"sales_last_days":0,"reserved_stock":0,"customer_returns":0,"warehouse_damage":null,"lost_in_post":0,"other_logs":0,"out_stock_days":0,"lost_sales":0,"has_location":true,"update_date":"2025-07-19T06:26:25","atum_locations":[{"id":960,"name":"0 SHOP","slug":"0-shop"}],"atum_stock_status":"instock","restock_status":false,"low_stock_amount":"","sales_update_date":"2025-07-19T06:26:25","calc_backorders":0,"locations":[],"_links":{"self":[{"href":"https:\/\/delices.lu\/de\/wp-json\/wp\/v2\/product\/14604","targetHints":{"allow":["GET"]}}],"collection":[{"href":"https:\/\/delices.lu\/de\/wp-json\/wp\/v2\/product"}],"about":[{"href":"https:\/\/delices.lu\/de\/wp-json\/wp\/v2\/types\/product"}],"wp:featuredmedia":[{"embeddable":true,"href":"https:\/\/delices.lu\/de\/wp-json\/wp\/v2\/media\/14606"}],"wp:attachment":[{"href":"https:\/\/delices.lu\/de\/wp-json\/wp\/v2\/media?parent=14604"}],"wp:term":[{"taxonomy":"location","embeddable":true,"href":"https:\/\/delices.lu\/de\/wp-json\/wp\/v2\/location?post=14604"},{"taxonomy":"product_brand","embeddable":true,"href":"https:\/\/delices.lu\/de\/wp-json\/wp\/v2\/product_brand?post=14604"},{"taxonomy":"product_cat","embeddable":true,"href":"https:\/\/delices.lu\/de\/wp-json\/wp\/v2\/product_cat?post=14604"},{"taxonomy":"product_tag","embeddable":true,"href":"https:\/\/delices.lu\/de\/wp-json\/wp\/v2\/product_tag?post=14604"}],"curies":[{"name":"wp","href":"https:\/\/api.w.org\/{rel}","templated":true}]}}