{"id":14605,"date":"2024-10-10T00:00:40","date_gmt":"2025-03-20T10:46:59","guid":{"rendered":"https:\/\/delices.lu\/produit\/lave-glace-dessertteller-blau-aus-steinzeug\/"},"modified":"2025-03-20T11:46:59","modified_gmt":"2025-03-20T10:46:59","slug":"lave-glace-dessertteller-blau-aus-steinzeug","status":"publish","type":"product","link":"https:\/\/delices.lu\/de\/produit\/lave-glace-dessertteller-blau-aus-steinzeug\/","title":{"rendered":"Lave Glac\u00e9 &#8211; Dessertteller, blau, aus Steinzeug"},"content":{"rendered":"<p><strong>Ein farbenfroher Dessertteller f\u00fcr s\u00fc\u00dfe Leckereien<\/strong><br \/>\nDas skandinavische Design der Lave Kollektion nimmt Sie mit auf eine Reise und zeugt von Ihrer Kreativit\u00e4t! Vielleicht ist dieser sch\u00f6ne Teller sogar das erste St\u00fcck eines kompletten Tafelservices? Die Schalen, flachen und tiefen Teller sowie das passende Kaffeeservice werden Sie bei jedem Ihrer Gourmetmomente begleiten. Ein Keramikgeschirr ist auch eine gute Geschenkidee f\u00fcr eine Einweihungsparty, einen Geburtstag oder eine Abschiedsparty! Dieser Dessertteller verf\u00fchrt Feinschmecker mit seiner sch\u00f6nen blauen Abstufung! Obstteller, Eiskugeln, Kuchen und andere s\u00fc\u00dfe Leckereien finden ihren Platz auf diesem sch\u00f6nen Keramikteller. Dieser kleine, asymmetrische Teller eignet sich ebenso gut f\u00fcr ein R\u00fchrei zum Fr\u00fchst\u00fcck, ein St\u00fcck Brot oder eine Vorspeise. Daher ist dieser Steingutteller perfekt f\u00fcr einen Brunch oder ein anderes gem\u00fctliches Essen mit Ihrer Familie oder Ihren Freunden! Unterstreichen Sie Ihren pers\u00f6nlichen Stil mit einem au\u00dfergew\u00f6hnlichen Geschirrdesign.        <\/p>\n","protected":false},"excerpt":{"rendered":"<p>MATERIAL: Steingut<br \/>\nGR\u00d6SSE: ca. 230 mm<br \/>\nFARBE: T\u00fcrkis<br \/>\nGARANTIERT SP\u00dcLMASCHINENGARANTIE: Ja<br \/>\nMIKROWELLENKOMPATIBEL: Ja<br \/>\nREF. ARTIKEL: 1042822640 <\/p>\n","protected":false},"featured_media":14610,"template":"","meta":[],"location":[959],"product_brand":[],"product_cat":[1354,2231,1309],"product_tag":[2250,2318,2248,2317,2321],"class_list":{"0":"post-14605","1":"product","2":"type-product","3":"status-publish","4":"has-post-thumbnail","6":"location-0-shop","7":"product_cat-art-de-la-table-de","8":"product_cat-teller","9":"product_cat-villeroy-boch-de","10":"product_tag-dessertteller","11":"product_tag-eisgekuhlte-wasche","12":"product_tag-teller","13":"product_tag-turkis","14":"product_tag-turqu-de","16":"first","17":"instock","18":"shipping-taxable","19":"purchasable","20":"product-type-simple"},"supplier_id":9071,"supplier_sku":"1042822640","barcode":"4003686403628","atum_controlled":true,"out_stock_date":"2024-10-11 10:56:45","out_stock_threshold":0,"inheritable":false,"inbound_stock":0,"stock_on_hold":0,"sold_today":0,"sales_last_days":0,"reserved_stock":0,"customer_returns":0,"warehouse_damage":null,"lost_in_post":0,"other_logs":0,"out_stock_days":280,"lost_sales":0,"has_location":false,"update_date":"2025-07-19T06:26:41","atum_locations":[{"id":960,"name":"0 SHOP","slug":"0-shop"}],"atum_stock_status":"onbackorder","restock_status":false,"low_stock_amount":"","sales_update_date":"2025-07-19T06:26:41","calc_backorders":0,"locations":[],"_links":{"self":[{"href":"https:\/\/delices.lu\/de\/wp-json\/wp\/v2\/product\/14605","targetHints":{"allow":["GET"]}}],"collection":[{"href":"https:\/\/delices.lu\/de\/wp-json\/wp\/v2\/product"}],"about":[{"href":"https:\/\/delices.lu\/de\/wp-json\/wp\/v2\/types\/product"}],"wp:featuredmedia":[{"embeddable":true,"href":"https:\/\/delices.lu\/de\/wp-json\/wp\/v2\/media\/14610"}],"wp:attachment":[{"href":"https:\/\/delices.lu\/de\/wp-json\/wp\/v2\/media?parent=14605"}],"wp:term":[{"taxonomy":"location","embeddable":true,"href":"https:\/\/delices.lu\/de\/wp-json\/wp\/v2\/location?post=14605"},{"taxonomy":"product_brand","embeddable":true,"href":"https:\/\/delices.lu\/de\/wp-json\/wp\/v2\/product_brand?post=14605"},{"taxonomy":"product_cat","embeddable":true,"href":"https:\/\/delices.lu\/de\/wp-json\/wp\/v2\/product_cat?post=14605"},{"taxonomy":"product_tag","embeddable":true,"href":"https:\/\/delices.lu\/de\/wp-json\/wp\/v2\/product_tag?post=14605"}],"curies":[{"name":"wp","href":"https:\/\/api.w.org\/{rel}","templated":true}]}}