{"id":14613,"date":"2024-08-24T00:00:09","date_gmt":"2025-03-20T10:47:07","guid":{"rendered":"https:\/\/delices.lu\/produit\/crafted-denim-fruehstuecksset-6-p-2-personen-blau\/"},"modified":"2025-03-20T11:47:07","modified_gmt":"2025-03-20T10:47:07","slug":"crafted-denim-fruehstuecksset-6-p-2-personen-blau","status":"publish","type":"product","link":"https:\/\/delices.lu\/de\/produit\/crafted-denim-fruehstuecksset-6-p-2-personen-blau\/","title":{"rendered":"Crafted Denim &#8211; Fr\u00fchst\u00fccksset, 6 P., 2 Personen, blau"},"content":{"rendered":"<p><strong>Perfekt ausgestattet f\u00fcr den Start in den Tag<\/strong><br \/>\nAu\u00dfen handwerklich, innen raffiniert: Das ist die Kollektion Crafted von like. by Villeroy &amp; Boch. Dank der speziellen reaktiven Glasur ist jedes St\u00fcck ein Unikat und verleiht dem Tisch eine pers\u00f6nliche Note. Dieses 6-teilige Fr\u00fchst\u00fccksset besteht aus 2 Henkelbechern, 2 tiefen Sch\u00fcsseln und 2 Desserttellern. Laden Sie den rustikalen Charme auf Ihren Tisch ein. Das Set besteht aus :     <\/p>\n<p>2x Dessertteller, 21cm<br \/>\n2x M\u00fcslischale, 780ml<br \/>\n2x Tasse, 358ml<\/p>\n","protected":false},"excerpt":{"rendered":"<p><strong>Crafted Denim &#8211; Teller-Set<\/strong><br \/>\n<strong>6 St\u00fcck, f\u00fcr 2 Personen<br \/>\n<\/strong>MATERIAL: Hochwertiges Porzellan<br \/>\nFARBE: blau<br \/>\nGARANTIERT SP\u00dcLMASCHINENGARANTIE: Ja<br \/>\nMIKROWELLENKOMPATIBEL: Ja<br \/>\nREF. ARTIKEL: 1951689071 <\/p>\n","protected":false},"featured_media":14615,"template":"","meta":[],"location":[959],"product_brand":[],"product_cat":[1354,1355,2235,2163,2231,1309],"product_tag":[2322,2240,2241,2232],"class_list":{"0":"post-14613","1":"product","2":"type-product","3":"status-publish","4":"has-post-thumbnail","6":"location-0-shop","7":"product_cat-art-de-la-table-de","8":"product_cat-bol-de","9":"product_cat-tasse-de","10":"product_cat-tasse-krug","11":"product_cat-teller","12":"product_cat-villeroy-boch-de","13":"product_tag-2-personen","14":"product_tag-blau","15":"product_tag-crafted-denim-de","16":"product_tag-set-mit-6-stuck","18":"first","19":"instock","20":"sale","21":"shipping-taxable","22":"purchasable","23":"product-type-simple"},"supplier_id":9071,"supplier_sku":"1951689071","barcode":"4003686402713","atum_controlled":true,"out_stock_date":null,"out_stock_threshold":0,"inheritable":false,"inbound_stock":0,"stock_on_hold":0,"sold_today":0,"sales_last_days":0,"reserved_stock":0,"customer_returns":0,"warehouse_damage":null,"lost_in_post":0,"other_logs":0,"out_stock_days":0,"lost_sales":0,"has_location":true,"update_date":"2025-07-19T06:26:29","atum_locations":[{"id":960,"name":"0 SHOP","slug":"0-shop"}],"atum_stock_status":"instock","restock_status":false,"low_stock_amount":"","sales_update_date":"2025-07-19T06:26:29","calc_backorders":0,"locations":[],"_links":{"self":[{"href":"https:\/\/delices.lu\/de\/wp-json\/wp\/v2\/product\/14613","targetHints":{"allow":["GET"]}}],"collection":[{"href":"https:\/\/delices.lu\/de\/wp-json\/wp\/v2\/product"}],"about":[{"href":"https:\/\/delices.lu\/de\/wp-json\/wp\/v2\/types\/product"}],"wp:featuredmedia":[{"embeddable":true,"href":"https:\/\/delices.lu\/de\/wp-json\/wp\/v2\/media\/14615"}],"wp:attachment":[{"href":"https:\/\/delices.lu\/de\/wp-json\/wp\/v2\/media?parent=14613"}],"wp:term":[{"taxonomy":"location","embeddable":true,"href":"https:\/\/delices.lu\/de\/wp-json\/wp\/v2\/location?post=14613"},{"taxonomy":"product_brand","embeddable":true,"href":"https:\/\/delices.lu\/de\/wp-json\/wp\/v2\/product_brand?post=14613"},{"taxonomy":"product_cat","embeddable":true,"href":"https:\/\/delices.lu\/de\/wp-json\/wp\/v2\/product_cat?post=14613"},{"taxonomy":"product_tag","embeddable":true,"href":"https:\/\/delices.lu\/de\/wp-json\/wp\/v2\/product_tag?post=14613"}],"curies":[{"name":"wp","href":"https:\/\/api.w.org\/{rel}","templated":true}]}}