{"id":14639,"date":"2024-10-10T00:00:55","date_gmt":"2025-03-20T10:47:09","guid":{"rendered":"https:\/\/delices.lu\/produit\/crafted-breeze-mug-tasse-358-ml-gruen\/"},"modified":"2025-03-20T11:47:09","modified_gmt":"2025-03-20T10:47:09","slug":"crafted-breeze-mug-tasse-358-ml-gruen","status":"publish","type":"product","link":"https:\/\/delices.lu\/de\/produit\/crafted-breeze-mug-tasse-358-ml-gruen\/","title":{"rendered":"Crafted Breeze &#8211; Mug &#8211; Tasse, 358 ml, gr\u00fcn"},"content":{"rendered":"<p><strong>Ein Klassiker mit rustikalem Design<\/strong><br \/>\nAu\u00dfen handwerklich, innen raffiniert: Das ist die Crafted-Kollektion von like. by Villeroy &amp; Boch. Dank der speziellen reaktiven Glasur ist jedes St\u00fcck ein Unikat und bringt eine pers\u00f6nliche Note auf den Tisch. Dieser Becher verleiht Ihrer hei\u00dfen Schokolade oder Ihrem Kaffee einen einzigartigen Geschmack. Holen Sie sich den rustikalen Charme auf Ihren Tisch.    <\/p>\n","protected":false},"excerpt":{"rendered":"<p>MATERIAL: Premium Porcelain<br \/>\nDURCHMESSER: ca. 89 mm<br \/>\nGR\u00d6\u00dfE: ca. 358 ml<br \/>\nFARBE: gr\u00fcn<br \/>\nGARANTIERT SP\u00dcLMASCHINENGARANTIE: Ja<br \/>\nMIKROWELLENKOMPATIBEL: Ja<br \/>\nREF. ARTIKEL: 1951679651 <\/p>\n","protected":false},"featured_media":14642,"template":"","meta":[],"location":[959,974],"product_brand":[],"product_cat":[1354,2235,2163,1309],"product_tag":[2252,2251,1154,2165,2260],"class_list":{"0":"post-14639","1":"product","2":"type-product","3":"status-publish","4":"has-post-thumbnail","6":"location-0-shop","7":"location-04-4","8":"product_cat-art-de-la-table-de","9":"product_cat-tasse-de","10":"product_cat-tasse-krug","11":"product_cat-villeroy-boch-de","12":"product_tag-crafted-breeze-de","13":"product_tag-grun","14":"product_tag-mug-becher","15":"product_tag-tasse-de","16":"product_tag-tasse-ohne-untertasse","18":"first","19":"instock","20":"shipping-taxable","21":"purchasable","22":"product-type-simple"},"supplier_id":9071,"supplier_sku":"1951679651","barcode":"4003686397033","atum_controlled":true,"out_stock_date":"2024-10-11 10:44:01","out_stock_threshold":0,"inheritable":false,"inbound_stock":0,"stock_on_hold":0,"sold_today":0,"sales_last_days":0,"reserved_stock":0,"customer_returns":0,"warehouse_damage":null,"lost_in_post":0,"other_logs":0,"out_stock_days":280,"lost_sales":0,"has_location":false,"update_date":"2025-07-19T06:26:41","atum_locations":[{"id":960,"name":"0 SHOP","slug":"0-shop"},{"id":867,"name":"044","slug":"044"}],"atum_stock_status":"onbackorder","restock_status":false,"low_stock_amount":"","sales_update_date":"2025-07-19T06:26:41","calc_backorders":0,"locations":[],"_links":{"self":[{"href":"https:\/\/delices.lu\/de\/wp-json\/wp\/v2\/product\/14639","targetHints":{"allow":["GET"]}}],"collection":[{"href":"https:\/\/delices.lu\/de\/wp-json\/wp\/v2\/product"}],"about":[{"href":"https:\/\/delices.lu\/de\/wp-json\/wp\/v2\/types\/product"}],"wp:featuredmedia":[{"embeddable":true,"href":"https:\/\/delices.lu\/de\/wp-json\/wp\/v2\/media\/14642"}],"wp:attachment":[{"href":"https:\/\/delices.lu\/de\/wp-json\/wp\/v2\/media?parent=14639"}],"wp:term":[{"taxonomy":"location","embeddable":true,"href":"https:\/\/delices.lu\/de\/wp-json\/wp\/v2\/location?post=14639"},{"taxonomy":"product_brand","embeddable":true,"href":"https:\/\/delices.lu\/de\/wp-json\/wp\/v2\/product_brand?post=14639"},{"taxonomy":"product_cat","embeddable":true,"href":"https:\/\/delices.lu\/de\/wp-json\/wp\/v2\/product_cat?post=14639"},{"taxonomy":"product_tag","embeddable":true,"href":"https:\/\/delices.lu\/de\/wp-json\/wp\/v2\/product_tag?post=14639"}],"curies":[{"name":"wp","href":"https:\/\/api.w.org\/{rel}","templated":true}]}}