{"id":14640,"date":"2024-04-24T00:00:51","date_gmt":"2025-03-20T10:47:09","guid":{"rendered":"https:\/\/delices.lu\/produit\/lave-beige-henkelbecher-400-ml\/"},"modified":"2025-03-20T11:47:09","modified_gmt":"2025-03-20T10:47:09","slug":"lave-beige-henkelbecher-400-ml","status":"publish","type":"product","link":"https:\/\/delices.lu\/de\/produit\/lave-beige-henkelbecher-400-ml\/","title":{"rendered":"Lave Beige &#8211; Henkelbecher, 400 ml"},"content":{"rendered":"<p><strong>Perfekt f\u00fcr Schokolade und einen gro\u00dfen Kaffee<\/strong><br \/>\nDie Steinzeugkollektion Lave besticht durch ihre lebhaften Farben und ihr skandinavisches Design. Die spezielle Glasur erzeugt immer wieder neue Farbnuancen, so dass jedes St\u00fcck ein einzigartiges Kunstwerk ist, das K\u00f6stlichkeiten auf eine wirklich originelle Art und Weise in Szene setzt. Ob Tee, Kaffee oder Schokolade, in diesem gro\u00dfen Henkelbecher serviert, wird Ihr Lieblingsgetr\u00e4nk noch besser schmecken. Unterstreichen Sie Ihren pers\u00f6nlichen Stil mit einem au\u00dfergew\u00f6hnlichen Geschirrdesign.   <\/p>\n","protected":false},"excerpt":{"rendered":"<p>MATERIAL: Steingut<br \/>\nDURCHMESSER: ca. 90 mm<br \/>\nGR\u00d6\u00dfE: ca. 400 ml<br \/>\nFARBE: Grau, Blau, Braun<br \/>\nGARANTIERT SP\u00dcLMASCHINENGARANTIE: Ja<br \/>\nMIKROWELLENKOMPATIBEL: Ja<br \/>\nREF. ARTIKEL: 1042819651 <\/p>\n","protected":false},"featured_media":14641,"template":"","meta":[],"location":[959],"product_brand":[],"product_cat":[2235,2163,1309],"product_tag":[2168,2323,1154,2244,2319],"class_list":{"0":"post-14640","1":"product","2":"type-product","3":"status-publish","4":"has-post-thumbnail","6":"location-0-shop","7":"product_cat-tasse-de","8":"product_cat-tasse-krug","9":"product_cat-villeroy-boch-de","10":"product_tag-krug-de","11":"product_tag-lava-beige","12":"product_tag-mug-becher","13":"product_tag-sandstein","14":"product_tag-tasse-mit-henkel","16":"first","17":"instock","18":"shipping-taxable","19":"purchasable","20":"product-type-simple"},"supplier_id":9071,"supplier_sku":"1042819651","barcode":"4003686403512","atum_controlled":true,"out_stock_date":null,"out_stock_threshold":0,"inheritable":false,"inbound_stock":0,"stock_on_hold":0,"sold_today":0,"sales_last_days":0,"reserved_stock":0,"customer_returns":0,"warehouse_damage":null,"lost_in_post":0,"other_logs":0,"out_stock_days":0,"lost_sales":0,"has_location":false,"update_date":"2025-07-19T06:26:25","atum_locations":[{"id":960,"name":"0 SHOP","slug":"0-shop"}],"atum_stock_status":"instock","restock_status":false,"low_stock_amount":"","sales_update_date":"2025-07-19T06:26:25","calc_backorders":0,"locations":[],"_links":{"self":[{"href":"https:\/\/delices.lu\/de\/wp-json\/wp\/v2\/product\/14640","targetHints":{"allow":["GET"]}}],"collection":[{"href":"https:\/\/delices.lu\/de\/wp-json\/wp\/v2\/product"}],"about":[{"href":"https:\/\/delices.lu\/de\/wp-json\/wp\/v2\/types\/product"}],"wp:featuredmedia":[{"embeddable":true,"href":"https:\/\/delices.lu\/de\/wp-json\/wp\/v2\/media\/14641"}],"wp:attachment":[{"href":"https:\/\/delices.lu\/de\/wp-json\/wp\/v2\/media?parent=14640"}],"wp:term":[{"taxonomy":"location","embeddable":true,"href":"https:\/\/delices.lu\/de\/wp-json\/wp\/v2\/location?post=14640"},{"taxonomy":"product_brand","embeddable":true,"href":"https:\/\/delices.lu\/de\/wp-json\/wp\/v2\/product_brand?post=14640"},{"taxonomy":"product_cat","embeddable":true,"href":"https:\/\/delices.lu\/de\/wp-json\/wp\/v2\/product_cat?post=14640"},{"taxonomy":"product_tag","embeddable":true,"href":"https:\/\/delices.lu\/de\/wp-json\/wp\/v2\/product_tag?post=14640"}],"curies":[{"name":"wp","href":"https:\/\/api.w.org\/{rel}","templated":true}]}}