{"id":14653,"date":"2024-04-14T00:00:01","date_gmt":"2025-03-20T10:47:10","guid":{"rendered":"https:\/\/delices.lu\/produit\/victor-menage-68tlg-44x29x9cm\/"},"modified":"2025-03-20T11:47:10","modified_gmt":"2025-03-20T10:47:10","slug":"victor-menage-68tlg-44x29x9cm","status":"publish","type":"product","link":"https:\/\/delices.lu\/de\/produit\/victor-menage-68tlg-44x29x9cm\/","title":{"rendered":"Victor Menage 68tlg. 44x29x9cm"},"content":{"rendered":"<p><strong>Perfektes Design f\u00fcr jeden Anlass: die Victor-Kollektion<\/strong><br \/>\nMit ihren klaren Linien und ihrer schlichten Eleganz kann die Victor-Besteckkollektion mit vielen verschiedenen Dekoren kombiniert werden. Das Besteck ist aus rostfreiem Stahl gefertigt und sp\u00fclmaschinenfest. Die Lieferung erfolgt in einer eleganten Pr\u00e4sentationsverpackung aus Karton. Mit diesem kompletten Besteck- und Servierset f\u00fcr bis zu 12 Personen haben Sie immer alles, was Sie brauchen, sei es f\u00fcr den Alltag oder f\u00fcr einen besonderen Anlass. Es ist auch eine tolle Geschenkidee! Entdecken Sie den Stil der Victor-Kollektion.     <\/p>\n<p>Dieses Set enth\u00e4lt 68 Gedecke:<\/p>\n<p>12 Tafell\u00f6ffel<br \/>\n12 Tafelgabeln<br \/>\n12 Tafelmesser<br \/>\n12 Kaffeel\u00f6ffel<br \/>\n12 Kuchengabeln<br \/>\n1 Zuckerl\u00f6ffel<br \/>\n1 Tortenheber<br \/>\n1 Gem\u00fcsel\u00f6ffel<br \/>\n1 Salatgabel<br \/>\n1 Salatl\u00f6ffel<br \/>\n1 L\u00f6ffel f\u00fcr Suppen-\/Sahnebecher<br \/>\n1 Fleischgabel<br \/>\n1 So\u00dfenl\u00f6ffel<\/p>\n","protected":false},"excerpt":{"rendered":"<p>MATERIAL: Edelstahl<br \/>\nFARBE: Silber\/Platin<br \/>\nGARANTIERT SP\u00dcLMASCHINENGARANTIE: Ja<br \/>\nMIKROWELLENKOMPATIBEL: Nein<br \/>\nREF. ARTIKEL: 1263509081 <\/p>\n","protected":false},"featured_media":14657,"template":"","meta":[],"location":[],"product_brand":[],"product_cat":[1354,2324,1309],"product_tag":[2327,2329,2326,2325,2328],"class_list":{"0":"post-14653","1":"product","2":"type-product","3":"status-publish","4":"has-post-thumbnail","6":"product_cat-art-de-la-table-de","7":"product_cat-gedeckt","8":"product_cat-villeroy-boch-de","9":"product_tag-gehause-fur-68-gedecke","10":"product_tag-haushaltshilfe","11":"product_tag-kastchen","12":"product_tag-rostfreier-stahl","13":"product_tag-victor-de","15":"first","16":"instock","17":"shipping-taxable","18":"purchasable","19":"product-type-simple"},"supplier_id":9071,"supplier_sku":"1263509081","barcode":"4003686326149","atum_controlled":true,"out_stock_date":"2024-04-15 06:05:59","out_stock_threshold":0,"inheritable":false,"inbound_stock":0,"stock_on_hold":0,"sold_today":0,"sales_last_days":0,"reserved_stock":0,"customer_returns":0,"warehouse_damage":null,"lost_in_post":0,"other_logs":0,"out_stock_days":460,"lost_sales":0,"has_location":false,"update_date":"2025-07-19T06:26:31","atum_locations":[],"atum_stock_status":"onbackorder","restock_status":false,"low_stock_amount":"","sales_update_date":"2025-07-19T06:26:31","calc_backorders":0,"locations":[],"_links":{"self":[{"href":"https:\/\/delices.lu\/de\/wp-json\/wp\/v2\/product\/14653","targetHints":{"allow":["GET"]}}],"collection":[{"href":"https:\/\/delices.lu\/de\/wp-json\/wp\/v2\/product"}],"about":[{"href":"https:\/\/delices.lu\/de\/wp-json\/wp\/v2\/types\/product"}],"wp:featuredmedia":[{"embeddable":true,"href":"https:\/\/delices.lu\/de\/wp-json\/wp\/v2\/media\/14657"}],"wp:attachment":[{"href":"https:\/\/delices.lu\/de\/wp-json\/wp\/v2\/media?parent=14653"}],"wp:term":[{"taxonomy":"location","embeddable":true,"href":"https:\/\/delices.lu\/de\/wp-json\/wp\/v2\/location?post=14653"},{"taxonomy":"product_brand","embeddable":true,"href":"https:\/\/delices.lu\/de\/wp-json\/wp\/v2\/product_brand?post=14653"},{"taxonomy":"product_cat","embeddable":true,"href":"https:\/\/delices.lu\/de\/wp-json\/wp\/v2\/product_cat?post=14653"},{"taxonomy":"product_tag","embeddable":true,"href":"https:\/\/delices.lu\/de\/wp-json\/wp\/v2\/product_tag?post=14653"}],"curies":[{"name":"wp","href":"https:\/\/api.w.org\/{rel}","templated":true}]}}