{"id":14666,"date":"2024-04-14T00:00:56","date_gmt":"2025-03-20T10:47:10","guid":{"rendered":"https:\/\/delices.lu\/produit\/louis-menagerie-30st-44x28x5cm\/"},"modified":"2025-03-20T11:47:10","modified_gmt":"2025-03-20T10:47:10","slug":"louis-menagerie-30st-44x28x5cm","status":"publish","type":"product","link":"https:\/\/delices.lu\/de\/produit\/louis-menagerie-30st-44x28x5cm\/","title":{"rendered":"Louis Menagerie 30St. 44x28x5cm"},"content":{"rendered":"<p><strong>Perfektes Servieren mit der Louis-Kollektion<\/strong><br \/>\nDie Louis-Designerkollektion ist minimalistisch, aber dennoch \u00e4u\u00dferst raffiniert. Dieses Besteck aus rostfreiem und sp\u00fclmaschinenfestem Edelstahl besticht durch seine schlichte Eleganz. Es wird in einer praktischen Pr\u00e4sentationsverpackung aus Karton geliefert. Dieses Besteck f\u00fcr sechs Personen ist mit seinem klaren Design eine ausgezeichnete Wahl f\u00fcr den t\u00e4glichen Gebrauch und f\u00fcr besondere Anl\u00e4sse. Mit Louis haben Sie immer einen perfekt gedeckten Tisch. Lassen Sie Ihre G\u00e4ste staunen!     <\/p>\n<p>Dieses Set enth\u00e4lt:<br \/>\n6 Tafell\u00f6ffel<br \/>\n6 Tafelgabeln<br \/>\n6 Tafelmesser<br \/>\n6 Kaffeel\u00f6ffel<br \/>\n6 Kuchengabeln<\/p>\n","protected":false},"excerpt":{"rendered":"<p>MATERIAL: Edelstahl<br \/>\nFARBE: Silber\/Platin<br \/>\nGARANTIERT SP\u00dcLMASCHINENGARANTIE: Ja<br \/>\nMIKROWELLENKOMPATIBEL: Nein<br \/>\nREF. ARTIKEL: 1264089057 <\/p>\n","protected":false},"featured_media":14668,"template":"","meta":[],"location":[959],"product_brand":[],"product_cat":[1354,2324,1309],"product_tag":[2330,2331,2326,2332,2325],"class_list":{"0":"post-14666","1":"product","2":"type-product","3":"status-publish","4":"has-post-thumbnail","6":"location-0-shop","7":"product_cat-art-de-la-table-de","8":"product_cat-gedeckt","9":"product_cat-villeroy-boch-de","10":"product_tag-besteck","11":"product_tag-gehause-fur-30-gedecke","12":"product_tag-kastchen","13":"product_tag-louis-de","14":"product_tag-rostfreier-stahl","16":"first","17":"instock","18":"sold-individually","19":"shipping-taxable","20":"purchasable","21":"product-type-simple"},"supplier_id":9071,"supplier_sku":"1264089057","barcode":"4003686326286","atum_controlled":true,"out_stock_date":null,"out_stock_threshold":0,"inheritable":false,"inbound_stock":0,"stock_on_hold":0,"sold_today":0,"sales_last_days":0,"reserved_stock":0,"customer_returns":0,"warehouse_damage":null,"lost_in_post":0,"other_logs":0,"out_stock_days":0,"lost_sales":0,"has_location":false,"update_date":"2025-07-19T06:26:31","atum_locations":[{"id":960,"name":"0 SHOP","slug":"0-shop"}],"atum_stock_status":"instock","restock_status":false,"low_stock_amount":"","sales_update_date":"2025-07-19T06:26:31","calc_backorders":0,"locations":[],"_links":{"self":[{"href":"https:\/\/delices.lu\/de\/wp-json\/wp\/v2\/product\/14666","targetHints":{"allow":["GET"]}}],"collection":[{"href":"https:\/\/delices.lu\/de\/wp-json\/wp\/v2\/product"}],"about":[{"href":"https:\/\/delices.lu\/de\/wp-json\/wp\/v2\/types\/product"}],"wp:featuredmedia":[{"embeddable":true,"href":"https:\/\/delices.lu\/de\/wp-json\/wp\/v2\/media\/14668"}],"wp:attachment":[{"href":"https:\/\/delices.lu\/de\/wp-json\/wp\/v2\/media?parent=14666"}],"wp:term":[{"taxonomy":"location","embeddable":true,"href":"https:\/\/delices.lu\/de\/wp-json\/wp\/v2\/location?post=14666"},{"taxonomy":"product_brand","embeddable":true,"href":"https:\/\/delices.lu\/de\/wp-json\/wp\/v2\/product_brand?post=14666"},{"taxonomy":"product_cat","embeddable":true,"href":"https:\/\/delices.lu\/de\/wp-json\/wp\/v2\/product_cat?post=14666"},{"taxonomy":"product_tag","embeddable":true,"href":"https:\/\/delices.lu\/de\/wp-json\/wp\/v2\/product_tag?post=14666"}],"curies":[{"name":"wp","href":"https:\/\/api.w.org\/{rel}","templated":true}]}}