{"id":14670,"date":"2024-07-17T00:00:18","date_gmt":"2025-03-20T10:47:18","guid":{"rendered":"https:\/\/delices.lu\/produit\/lave-home-grosse-zylindrische-vase-steinzeug\/"},"modified":"2025-03-20T11:47:18","modified_gmt":"2025-03-20T10:47:18","slug":"lave-home-grosse-zylindrische-vase-steinzeug","status":"publish","type":"product","link":"https:\/\/delices.lu\/de\/produit\/lave-home-grosse-zylindrische-vase-steinzeug\/","title":{"rendered":"Lave Home &#8211; Gro\u00dfe zylindrische Vase, Steinzeug"},"content":{"rendered":"<p><strong>Eine gro\u00dfe, hohe Vase aus Steingut f\u00fcr eine Designdekoration!<\/strong><br \/>\nDiese originelle blau-wei\u00dfe Vase passt perfekt zu den anderen zweifarbigen Vasen aus der gleichen Kollektion f\u00fcr eine einzigartige Dekoration. Suchen Sie ein Geschenk f\u00fcr den Muttertag oder einen Geburtstag? Lassen Sie sich von dieser Keramikvase verf\u00fchren oder entdecken Sie die Geschirrteile der Lave Kollektion! Diese Designer-Vase f\u00e4llt durch ihre ikonische Form auf und veredelt Ihre Str\u00e4u\u00dfe mit frischen oder getrockneten Blumen! Sie eignet sich perfekt f\u00fcr die Dekoration Ihrer Wohnung und wird auf Ihrem Esstisch oder mit Duftkerzen in der N\u00e4he f\u00fcr eine gem\u00fctliche Atmosph\u00e4re sorgen. Verleihen Sie Ihrem Zuhause mit einem trendigen und eleganten handgefertigten Look mehr Pep.     <\/p>\n","protected":false},"excerpt":{"rendered":"<p>MATERIAL: Steingut<br \/>\nDURCHMESSER: ca. 76 mm<br \/>\nGR\u00d6\u00dfE: ca. 790 ml<br \/>\nFARBE: blau und wei\u00df<br \/>\nGARANTIE SP\u00dcLMASCHINENGARANTIE: Nicht<br \/>\nMIKROWELLENKOMPATIBEL: Nicht<br \/>\nREF. ARTIKEL: 1042869235 <\/p>\n","protected":false},"featured_media":14674,"template":"","meta":[],"location":[959,973],"product_brand":[],"product_cat":[1311,2333,1309],"product_tag":[2337,743,2336,2335,2334],"class_list":{"0":"post-14670","1":"product","2":"type-product","3":"status-publish","4":"has-post-thumbnail","6":"location-0-shop","7":"location-04-3","8":"product_cat-dekoration","9":"product_cat-vase-de","10":"product_cat-villeroy-boch-de","11":"product_tag-blau-und-weis","12":"product_tag-decoration-de","13":"product_tag-e-mail","14":"product_tag-grose-vase","15":"product_tag-waschmaschine-home","17":"first","18":"instock","19":"shipping-taxable","20":"purchasable","21":"product-type-simple"},"supplier_id":9071,"supplier_sku":"1042869235","barcode":"4004686416642","atum_controlled":true,"out_stock_date":null,"out_stock_threshold":0,"inheritable":false,"inbound_stock":0,"stock_on_hold":0,"sold_today":0,"sales_last_days":0,"reserved_stock":0,"customer_returns":0,"warehouse_damage":null,"lost_in_post":0,"other_logs":0,"out_stock_days":0,"lost_sales":0,"has_location":false,"update_date":"2025-07-19T06:26:24","atum_locations":[{"id":960,"name":"0 SHOP","slug":"0-shop"},{"id":866,"name":"043","slug":"043"}],"atum_stock_status":"instock","restock_status":false,"low_stock_amount":"","sales_update_date":"2025-07-19T06:26:24","calc_backorders":0,"locations":[],"_links":{"self":[{"href":"https:\/\/delices.lu\/de\/wp-json\/wp\/v2\/product\/14670","targetHints":{"allow":["GET"]}}],"collection":[{"href":"https:\/\/delices.lu\/de\/wp-json\/wp\/v2\/product"}],"about":[{"href":"https:\/\/delices.lu\/de\/wp-json\/wp\/v2\/types\/product"}],"wp:featuredmedia":[{"embeddable":true,"href":"https:\/\/delices.lu\/de\/wp-json\/wp\/v2\/media\/14674"}],"wp:attachment":[{"href":"https:\/\/delices.lu\/de\/wp-json\/wp\/v2\/media?parent=14670"}],"wp:term":[{"taxonomy":"location","embeddable":true,"href":"https:\/\/delices.lu\/de\/wp-json\/wp\/v2\/location?post=14670"},{"taxonomy":"product_brand","embeddable":true,"href":"https:\/\/delices.lu\/de\/wp-json\/wp\/v2\/product_brand?post=14670"},{"taxonomy":"product_cat","embeddable":true,"href":"https:\/\/delices.lu\/de\/wp-json\/wp\/v2\/product_cat?post=14670"},{"taxonomy":"product_tag","embeddable":true,"href":"https:\/\/delices.lu\/de\/wp-json\/wp\/v2\/product_tag?post=14670"}],"curies":[{"name":"wp","href":"https:\/\/api.w.org\/{rel}","templated":true}]}}