{"id":14671,"date":"2025-04-29T00:51:09","date_gmt":"2025-03-20T10:47:18","guid":{"rendered":"https:\/\/delices.lu\/produit\/victor-menagerie-30tlg-44x28x5cm\/"},"modified":"2025-03-20T11:47:18","modified_gmt":"2025-03-20T10:47:18","slug":"victor-menagerie-30tlg-44x28x5cm","status":"publish","type":"product","link":"https:\/\/delices.lu\/de\/produit\/victor-menagerie-30tlg-44x28x5cm\/","title":{"rendered":"Victor Menagerie 30tlg. 44x28x5cm"},"content":{"rendered":"<p><strong>Besteckset Victor: Die Verbindung von Moderne und Tradition<\/strong><br \/>\nMit ihren klaren Linien und ihrer schlichten Eleganz kann die Besteckkollektion Victor mit vielen verschiedenen Dekoren kombiniert werden. Das Besteck ist aus rostfreiem Stahl gefertigt und sp\u00fclmaschinenfest. Die Lieferung erfolgt in einer eleganten Pr\u00e4sentationsverpackung aus Karton. Insgesamt 30 Tafelbestecke bilden dieses vielseitige Set f\u00fcr bis zu sechs Personen. Von der Kaffeetafel \u00fcber den gedeckten Kuchentisch bis hin zum festlichen Abendessen haben Sie alles, was Sie brauchen. Verschenken Sie dieses hochwertige Besteck, das Ihnen lange erhalten bleiben wird.     <\/p>\n<p>Dieses Set enth\u00e4lt 30 Gedecke:<\/p>\n<p>6 Tafell\u00f6ffel<br \/>\n6 Tafelgabeln<br \/>\n6 Tafelmesser<br \/>\n6 Kaffeel\u00f6ffel<br \/>\n6 Kuchengabeln<\/p>\n","protected":false},"excerpt":{"rendered":"<p>MATERIAL: Edelstahl<br \/>\nFARBE: Silber\/Platin<br \/>\nGARANTIERT SP\u00dcLMASCHINENGARANTIE: Ja<br \/>\nMIKROWELLENKOMPATIBEL: Nein<br \/>\nREF. ARTIKEL: 1263509057 <\/p>\n","protected":false},"featured_media":14672,"template":"","meta":[],"location":[959],"product_brand":[],"product_cat":[1354,2324,1309],"product_tag":[2331,2326,2325,2328],"class_list":{"0":"post-14671","1":"product","2":"type-product","3":"status-publish","4":"has-post-thumbnail","6":"location-0-shop","7":"product_cat-art-de-la-table-de","8":"product_cat-gedeckt","9":"product_cat-villeroy-boch-de","10":"product_tag-gehause-fur-30-gedecke","11":"product_tag-kastchen","12":"product_tag-rostfreier-stahl","13":"product_tag-victor-de","15":"first","16":"instock","17":"shipping-taxable","18":"purchasable","19":"product-type-simple"},"supplier_id":9071,"supplier_sku":"1263509057","barcode":"4003686326132","atum_controlled":true,"out_stock_date":"2025-04-29 18:50:46","out_stock_threshold":0,"inheritable":false,"inbound_stock":0,"stock_on_hold":0,"sold_today":0,"sales_last_days":0,"reserved_stock":0,"customer_returns":0,"warehouse_damage":null,"lost_in_post":0,"other_logs":0,"out_stock_days":80,"lost_sales":0,"has_location":false,"update_date":"2025-07-19T06:26:48","atum_locations":[{"id":960,"name":"0 SHOP","slug":"0-shop"}],"atum_stock_status":"onbackorder","restock_status":false,"low_stock_amount":"","sales_update_date":"2025-07-19T06:26:48","calc_backorders":0,"locations":[],"_links":{"self":[{"href":"https:\/\/delices.lu\/de\/wp-json\/wp\/v2\/product\/14671","targetHints":{"allow":["GET"]}}],"collection":[{"href":"https:\/\/delices.lu\/de\/wp-json\/wp\/v2\/product"}],"about":[{"href":"https:\/\/delices.lu\/de\/wp-json\/wp\/v2\/types\/product"}],"wp:featuredmedia":[{"embeddable":true,"href":"https:\/\/delices.lu\/de\/wp-json\/wp\/v2\/media\/14672"}],"wp:attachment":[{"href":"https:\/\/delices.lu\/de\/wp-json\/wp\/v2\/media?parent=14671"}],"wp:term":[{"taxonomy":"location","embeddable":true,"href":"https:\/\/delices.lu\/de\/wp-json\/wp\/v2\/location?post=14671"},{"taxonomy":"product_brand","embeddable":true,"href":"https:\/\/delices.lu\/de\/wp-json\/wp\/v2\/product_brand?post=14671"},{"taxonomy":"product_cat","embeddable":true,"href":"https:\/\/delices.lu\/de\/wp-json\/wp\/v2\/product_cat?post=14671"},{"taxonomy":"product_tag","embeddable":true,"href":"https:\/\/delices.lu\/de\/wp-json\/wp\/v2\/product_tag?post=14671"}],"curies":[{"name":"wp","href":"https:\/\/api.w.org\/{rel}","templated":true}]}}