{"id":14677,"date":"2024-08-21T00:00:06","date_gmt":"2025-03-20T10:47:19","guid":{"rendered":"https:\/\/delices.lu\/produit\/to-go-to-stay-becher-mit-deckel-450ml-weiss\/"},"modified":"2025-03-20T11:47:19","modified_gmt":"2025-03-20T10:47:19","slug":"to-go-to-stay-becher-mit-deckel-450ml-weiss","status":"publish","type":"product","link":"https:\/\/delices.lu\/de\/produit\/to-go-to-stay-becher-mit-deckel-450ml-weiss\/","title":{"rendered":"To Go &amp; To Stay Becher, mit Deckel, 450ml, wei\u00df"},"content":{"rendered":"<p><strong>F\u00fcr den nachhaltigen Genuss von Lebensmitteln: der coole und vielseitige Becher<\/strong><br \/>\nDie ToGo&amp;ToStay-Kollektion ist ein trendiger Begleiter f\u00fcr alle, die das Leben auf gesunde und umweltbewusste Weise genie\u00dfen m\u00f6chten. Ob f\u00fcr die Zubereitung von Mahlzeiten, f\u00fcr Gro\u00dfeink\u00e4ufe im Laden oder als Vorratsdose f\u00fcr zu Hause, dank der verschiedenen Gr\u00f6\u00dfen finden Sie immer die richtige Dose f\u00fcr sich. Das coole Design in trendigen Farben sieht nicht nur gut aus. Durch die Verwendung von Premium Porcelain und robustem Glas sind diese Artikel geschmacksneutral, frei von Schadstoffen und verf\u00e4rben sich nicht. Die Entscheidung f\u00fcr Nachhaltigkeit bedeutet also noch mehr Genuss. Mit seiner Gr\u00f6\u00dfe von 450ml kann dieser Becher auf viele verschiedene Arten verwendet werden: als Lieblingsbecher f\u00fcr den Kaffee zu Hause, zum Mitnehmen eines vorbereiteten Joghurts oder Smoothies, zum Aufbewahren von Lebensmitteln wie Tee, Marmelade oder Gew\u00fcrzen oder als abfallfreie Alternative f\u00fcr den Einkauf. Setzen Sie mit Villeroy &amp; Boch nachhaltige Trends. Praktische Hitzeschutzmanschette aus Silikon f\u00fcr den Genuss von hei\u00dfen Getr\u00e4nken und Speisen unterwegs.       <\/p>\n","protected":false},"excerpt":{"rendered":"<p>MATERIAL: Hochwertiges Porzellan<br \/>\nSilikonband<br \/>\nDURCHMESSER: ca. 85 mm<br \/>\nGR\u00d6SSE: ca. 450 ml<br \/>\nFARBE: wei\u00df<br \/>\nGARANTIERT SP\u00dcLGERECHT: Ja<br \/>\nMIKROWELLENKOMPATIBEL: Ja<br \/>\nREF. ARTIKEL: 1048699340 <\/p>\n","protected":false},"featured_media":14679,"template":"","meta":[],"location":[959],"product_brand":[],"product_cat":[2163,2338,1309],"product_tag":[2228,2339,1154,2340,2166],"class_list":{"0":"post-14677","1":"product","2":"type-product","3":"status-publish","4":"has-post-thumbnail","6":"location-0-shop","7":"product_cat-tasse-krug","8":"product_cat-to-go-de","9":"product_cat-villeroy-boch-de","10":"product_tag-coffee-de","11":"product_tag-kaffee-zum-mitnehmen","12":"product_tag-mug-becher","13":"product_tag-to-go-to-stay-de","14":"product_tag-weis","16":"first","17":"instock","18":"shipping-taxable","19":"purchasable","20":"product-type-simple"},"supplier_id":9071,"supplier_sku":"1048699340","barcode":"4003686413405","atum_controlled":true,"out_stock_date":null,"out_stock_threshold":0,"inheritable":false,"inbound_stock":0,"stock_on_hold":0,"sold_today":0,"sales_last_days":0,"reserved_stock":0,"customer_returns":0,"warehouse_damage":null,"lost_in_post":0,"other_logs":0,"out_stock_days":0,"lost_sales":0,"has_location":false,"update_date":"2025-07-19T06:26:28","atum_locations":[{"id":960,"name":"0 SHOP","slug":"0-shop"}],"atum_stock_status":"instock","restock_status":false,"low_stock_amount":"","sales_update_date":"2025-07-19T06:26:28","calc_backorders":0,"locations":[],"_links":{"self":[{"href":"https:\/\/delices.lu\/de\/wp-json\/wp\/v2\/product\/14677","targetHints":{"allow":["GET"]}}],"collection":[{"href":"https:\/\/delices.lu\/de\/wp-json\/wp\/v2\/product"}],"about":[{"href":"https:\/\/delices.lu\/de\/wp-json\/wp\/v2\/types\/product"}],"wp:featuredmedia":[{"embeddable":true,"href":"https:\/\/delices.lu\/de\/wp-json\/wp\/v2\/media\/14679"}],"wp:attachment":[{"href":"https:\/\/delices.lu\/de\/wp-json\/wp\/v2\/media?parent=14677"}],"wp:term":[{"taxonomy":"location","embeddable":true,"href":"https:\/\/delices.lu\/de\/wp-json\/wp\/v2\/location?post=14677"},{"taxonomy":"product_brand","embeddable":true,"href":"https:\/\/delices.lu\/de\/wp-json\/wp\/v2\/product_brand?post=14677"},{"taxonomy":"product_cat","embeddable":true,"href":"https:\/\/delices.lu\/de\/wp-json\/wp\/v2\/product_cat?post=14677"},{"taxonomy":"product_tag","embeddable":true,"href":"https:\/\/delices.lu\/de\/wp-json\/wp\/v2\/product_tag?post=14677"}],"curies":[{"name":"wp","href":"https:\/\/api.w.org\/{rel}","templated":true}]}}