{"id":14678,"date":"2024-06-29T00:00:24","date_gmt":"2025-03-20T10:47:19","guid":{"rendered":"https:\/\/delices.lu\/produit\/lave-home-kleine-blaue-vase-aus-steinzeug\/"},"modified":"2025-03-20T11:47:19","modified_gmt":"2025-03-20T10:47:19","slug":"lave-home-kleine-blaue-vase-aus-steinzeug","status":"publish","type":"product","link":"https:\/\/delices.lu\/de\/produit\/lave-home-kleine-blaue-vase-aus-steinzeug\/","title":{"rendered":"Lave Home &#8211; Kleine blaue Vase aus Steinzeug"},"content":{"rendered":"<p><strong>Eine kleine Vase in tiefem Blau f\u00fcr Ihr Zuhause<\/strong><br \/>\nPerfekt, um Ihre Tischdekoration zu vervollst\u00e4ndigen, warum nicht diese Keramikvase mit einem kompletten Geschirrset kombinieren? Entdecken Sie auch die flachen Teller, tiefen Teller, Kaffeetassen und Becher der Lave Kollektion. Bringen Sie Ihre Pers\u00f6nlichkeit und Ihren Stil zum Ausdruck, auch auf Ihrem Tisch! M\u00f6chten Sie einen sch\u00f6nen Hauch von Blau in Ihrem Hauptraum oder auf Ihrem Tisch? Diese blaue Vase f\u00e4llt durch ihre sch\u00f6ne, spiegelnde Emaille auf. Eine einfache, frisch geschnittene Blume zeigt die Einzigartigkeit dieser bezaubernden dekorativen Vase. Um eine warme Atmosph\u00e4re zu schaffen, k\u00f6nnen Sie ein paar Duftkerzen in der N\u00e4he aufstellen. Peppen Sie Ihr Zuhause mit einem trendigen und eleganten handgefertigten Look auf.       <\/p>\n","protected":false},"excerpt":{"rendered":"<p>MATERIAL: Steingut<br \/>\nDURCHMESSER: ca. 127 mm<br \/>\nGR\u00d6\u00dfE: ca. 1230 ml<br \/>\nFARBE: blau<br \/>\nGARANTIE SP\u00dcLMASCHINENGARANTIE: Nicht<br \/>\nMIKROWELLENKOMPATIBEL: Nicht<br \/>\nREF. ARTIKEL: 1042865091 <\/p>\n","protected":false},"featured_media":14686,"template":"","meta":[],"location":[959,968],"product_brand":[],"product_cat":[1311,2333,1309],"product_tag":[2240,743,2336,2341,2334],"class_list":{"0":"post-14678","1":"product","2":"type-product","3":"status-publish","4":"has-post-thumbnail","6":"location-0-shop","7":"location-05-3","8":"product_cat-dekoration","9":"product_cat-vase-de","10":"product_cat-villeroy-boch-de","11":"product_tag-blau","12":"product_tag-decoration-de","13":"product_tag-e-mail","14":"product_tag-kleine-vase","15":"product_tag-waschmaschine-home","17":"first","18":"instock","19":"shipping-taxable","20":"purchasable","21":"product-type-simple"},"supplier_id":9071,"supplier_sku":"1042865091","barcode":"4004686416673","atum_controlled":true,"out_stock_date":null,"out_stock_threshold":0,"inheritable":false,"inbound_stock":0,"stock_on_hold":0,"sold_today":0,"sales_last_days":0,"reserved_stock":0,"customer_returns":0,"warehouse_damage":null,"lost_in_post":0,"other_logs":0,"out_stock_days":0,"lost_sales":0,"has_location":false,"update_date":"2025-07-19T06:26:39","atum_locations":[{"id":960,"name":"0 SHOP","slug":"0-shop"},{"id":861,"name":"053","slug":"053"}],"atum_stock_status":"instock","restock_status":false,"low_stock_amount":"","sales_update_date":"2025-07-19T06:26:39","calc_backorders":0,"locations":[],"_links":{"self":[{"href":"https:\/\/delices.lu\/de\/wp-json\/wp\/v2\/product\/14678","targetHints":{"allow":["GET"]}}],"collection":[{"href":"https:\/\/delices.lu\/de\/wp-json\/wp\/v2\/product"}],"about":[{"href":"https:\/\/delices.lu\/de\/wp-json\/wp\/v2\/types\/product"}],"wp:featuredmedia":[{"embeddable":true,"href":"https:\/\/delices.lu\/de\/wp-json\/wp\/v2\/media\/14686"}],"wp:attachment":[{"href":"https:\/\/delices.lu\/de\/wp-json\/wp\/v2\/media?parent=14678"}],"wp:term":[{"taxonomy":"location","embeddable":true,"href":"https:\/\/delices.lu\/de\/wp-json\/wp\/v2\/location?post=14678"},{"taxonomy":"product_brand","embeddable":true,"href":"https:\/\/delices.lu\/de\/wp-json\/wp\/v2\/product_brand?post=14678"},{"taxonomy":"product_cat","embeddable":true,"href":"https:\/\/delices.lu\/de\/wp-json\/wp\/v2\/product_cat?post=14678"},{"taxonomy":"product_tag","embeddable":true,"href":"https:\/\/delices.lu\/de\/wp-json\/wp\/v2\/product_tag?post=14678"}],"curies":[{"name":"wp","href":"https:\/\/api.w.org\/{rel}","templated":true}]}}