{"id":14689,"date":"2024-06-29T00:00:50","date_gmt":"2025-03-20T10:47:20","guid":{"rendered":"https:\/\/delices.lu\/produit\/lave-home-kleine-eifoermige-vase-aus-steingut-blau-und-weiss\/"},"modified":"2025-03-20T11:47:20","modified_gmt":"2025-03-20T10:47:20","slug":"lave-home-kleine-eifoermige-vase-aus-steingut-blau-und-weiss","status":"publish","type":"product","link":"https:\/\/delices.lu\/de\/produit\/lave-home-kleine-eifoermige-vase-aus-steingut-blau-und-weiss\/","title":{"rendered":"Lave Home &#8211; Kleine eif\u00f6rmige Vase aus Steingut, blau und wei\u00df"},"content":{"rendered":"<p><strong>Eine moderne Vase aus Steinzeug f\u00fcr eine Designdekoration<\/strong><br \/>\nDie Reinheit dieser zeitgen\u00f6ssischen Vase wird durch ihre gro\u00dfz\u00fcgigen Kurven verst\u00e4rkt. Der zweifarbige Effekt, wei\u00df und blau, sorgt f\u00fcr einen sch\u00f6nen modernen Stil, der Ihren Tisch elegant schm\u00fccken wird! Wenn Sie einem lieben Menschen eine Freude machen wollen, ist dies auch eine gute Geschenkidee f\u00fcr einen Geburtstag oder eine Einweihungsparty! Diese runde Vase macht Ihr Zuhause noch trendiger. Diese moderne Vase eignet sich perfekt als Dekoration auf einem M\u00f6belst\u00fcck oder einem gedeckten Tisch und f\u00e4llt durch ihre Feinheit und ihr organisches Aussehen auf. Die spezielle Emaillierung der dekorativen Vase schafft eine Vielzahl von subtilen und originellen Nuancen. Lassen Sie Ihrer Fantasie freien Lauf und kombinieren Sie diese Designvase mit einem sch\u00f6nen Blumenstrau\u00df! Peppen Sie Ihr Zuhause mit einem trendigen und eleganten handgefertigten Look auf.       <\/p>\n","protected":false},"excerpt":{"rendered":"<p>MATERIAL: Steingut<br \/>\nDURCHMESSER: ca. 147 mm<br \/>\nGR\u00d6\u00dfE: ca. 1190 ml<br \/>\nFARBE: blau und wei\u00df<br \/>\nGARANTIE SP\u00dcLMASCHINENGARANTIE: Nicht<br \/>\nMIKROWELLENKOMPATIBEL: Nicht<br \/>\nREF. ARTIKEL: 1042865071 <\/p>\n","protected":false},"featured_media":14692,"template":"","meta":[],"location":[959,968],"product_brand":[],"product_cat":[1311,2333,1309],"product_tag":[743,2336,2341,2334,2342],"class_list":{"0":"post-14689","1":"product","2":"type-product","3":"status-publish","4":"has-post-thumbnail","6":"location-0-shop","7":"location-05-3","8":"product_cat-dekoration","9":"product_cat-vase-de","10":"product_cat-villeroy-boch-de","11":"product_tag-decoration-de","12":"product_tag-e-mail","13":"product_tag-kleine-vase","14":"product_tag-waschmaschine-home","15":"product_tag-weis-und-blau","17":"first","18":"instock","19":"shipping-taxable","20":"purchasable","21":"product-type-simple"},"supplier_id":9071,"supplier_sku":"1042865071","barcode":"4004686416710","atum_controlled":true,"out_stock_date":null,"out_stock_threshold":0,"inheritable":false,"inbound_stock":0,"stock_on_hold":0,"sold_today":0,"sales_last_days":0,"reserved_stock":0,"customer_returns":0,"warehouse_damage":null,"lost_in_post":0,"other_logs":0,"out_stock_days":0,"lost_sales":0,"has_location":true,"update_date":"2025-07-19T06:26:24","atum_locations":[{"id":960,"name":"0 SHOP","slug":"0-shop"},{"id":861,"name":"053","slug":"053"}],"atum_stock_status":"instock","restock_status":false,"low_stock_amount":"","sales_update_date":"2025-07-19T06:26:24","calc_backorders":0,"locations":[],"_links":{"self":[{"href":"https:\/\/delices.lu\/de\/wp-json\/wp\/v2\/product\/14689","targetHints":{"allow":["GET"]}}],"collection":[{"href":"https:\/\/delices.lu\/de\/wp-json\/wp\/v2\/product"}],"about":[{"href":"https:\/\/delices.lu\/de\/wp-json\/wp\/v2\/types\/product"}],"wp:featuredmedia":[{"embeddable":true,"href":"https:\/\/delices.lu\/de\/wp-json\/wp\/v2\/media\/14692"}],"wp:attachment":[{"href":"https:\/\/delices.lu\/de\/wp-json\/wp\/v2\/media?parent=14689"}],"wp:term":[{"taxonomy":"location","embeddable":true,"href":"https:\/\/delices.lu\/de\/wp-json\/wp\/v2\/location?post=14689"},{"taxonomy":"product_brand","embeddable":true,"href":"https:\/\/delices.lu\/de\/wp-json\/wp\/v2\/product_brand?post=14689"},{"taxonomy":"product_cat","embeddable":true,"href":"https:\/\/delices.lu\/de\/wp-json\/wp\/v2\/product_cat?post=14689"},{"taxonomy":"product_tag","embeddable":true,"href":"https:\/\/delices.lu\/de\/wp-json\/wp\/v2\/product_tag?post=14689"}],"curies":[{"name":"wp","href":"https:\/\/api.w.org\/{rel}","templated":true}]}}