{"id":14690,"date":"2025-09-29T00:00:33","date_gmt":"2025-09-28T22:00:33","guid":{"rendered":"https:\/\/delices.lu\/produit\/lave-home-grosse-hohe-vase-blau-aus-steinzeug\/"},"modified":"2025-03-20T11:47:20","modified_gmt":"2025-03-20T10:47:20","slug":"lave-home-grosse-hohe-vase-blau-aus-steinzeug","status":"publish","type":"product","link":"https:\/\/delices.lu\/de\/produit\/lave-home-grosse-hohe-vase-blau-aus-steinzeug\/","title":{"rendered":"Lave Home &#8211; Gro\u00dfe, hohe Vase, blau, aus Steinzeug"},"content":{"rendered":"<p><strong>Eine blaue Vase aus Steinzeug f\u00fcr eine moderne Dekoration<\/strong><br \/>\nLassen Sie Ihrer Fantasie mit dieser hohen Vase im skandinavischen Design freien Lauf. Ob mit oder ohne Blumenstrau\u00df, sie wird Ihr Zuhause versch\u00f6nern! Sie k\u00f6nnen sie problemlos mit einer Steingutvase aus der gleichen Kollektion in einer anderen Gr\u00f6\u00dfe oder Farbe kombinieren. Lassen Sie Ihrer Kreativit\u00e4t freien Lauf! Mit ihrem tiefen Blau bringt diese dekorative Vase einen Hauch von Farbe in Ihr Zuhause. Die blaue Vase passt perfekt auf einen Holztisch oder eine lackierte Designer-Kommode und zeigt authentische Kurven. Je nach Lichtverh\u00e4ltnissen im Raum ver\u00e4ndern sich die Blaut\u00f6ne und verleihen jeder Vase ihre eigene Einzigartigkeit. Peppen Sie Ihr Zuhause mit einem trendigen und eleganten handwerklichen Look auf.       <\/p>\n","protected":false},"excerpt":{"rendered":"<p>MATERIAL: Steingut<br \/>\nDURCHMESSER: ca. 155 mm<br \/>\nGR\u00d6\u00dfE: ca. 2700 ml<br \/>\nFARBE: blau<br \/>\nGARANTIE SP\u00dcLMASCHINENGARANTIE: Nicht<br \/>\nMIKROWELLENKOMPATIBEL: Nicht<br \/>\nREF. ARTIKEL: 1042865090 <\/p>\n","protected":false},"featured_media":14691,"template":"","meta":[],"location":[959,968],"product_brand":[],"product_cat":[1311,2333,1309],"product_tag":[2240,743,2336,2335,2334],"class_list":{"0":"post-14690","1":"product","2":"type-product","3":"status-publish","4":"has-post-thumbnail","6":"location-0-shop","7":"location-05-3","8":"product_cat-dekoration","9":"product_cat-vase-de","10":"product_cat-villeroy-boch-de","11":"product_tag-blau","12":"product_tag-decoration-de","13":"product_tag-e-mail","14":"product_tag-grose-vase","15":"product_tag-waschmaschine-home","17":"first","18":"instock","19":"shipping-taxable","20":"purchasable","21":"product-type-simple"},"supplier_id":9071,"supplier_sku":"1042865090","barcode":"4004686416666","atum_controlled":true,"out_stock_date":null,"out_stock_threshold":0,"inheritable":false,"inbound_stock":0,"stock_on_hold":0,"sold_today":0,"sales_last_days":0,"reserved_stock":0,"customer_returns":0,"warehouse_damage":null,"lost_in_post":0,"other_logs":0,"out_stock_days":0,"lost_sales":0,"has_location":false,"update_date":"2025-09-28T04:55:36","atum_locations":[{"id":960,"name":"0 SHOP","slug":"0-shop"},{"id":861,"name":"053","slug":"053"}],"atum_stock_status":"instock","restock_status":false,"low_stock_amount":"","sales_update_date":"2025-07-19T06:26:24","calc_backorders":0,"locations":[],"_links":{"self":[{"href":"https:\/\/delices.lu\/de\/wp-json\/wp\/v2\/product\/14690","targetHints":{"allow":["GET"]}}],"collection":[{"href":"https:\/\/delices.lu\/de\/wp-json\/wp\/v2\/product"}],"about":[{"href":"https:\/\/delices.lu\/de\/wp-json\/wp\/v2\/types\/product"}],"wp:featuredmedia":[{"embeddable":true,"href":"https:\/\/delices.lu\/de\/wp-json\/wp\/v2\/media\/14691"}],"wp:attachment":[{"href":"https:\/\/delices.lu\/de\/wp-json\/wp\/v2\/media?parent=14690"}],"wp:term":[{"taxonomy":"location","embeddable":true,"href":"https:\/\/delices.lu\/de\/wp-json\/wp\/v2\/location?post=14690"},{"taxonomy":"product_brand","embeddable":true,"href":"https:\/\/delices.lu\/de\/wp-json\/wp\/v2\/product_brand?post=14690"},{"taxonomy":"product_cat","embeddable":true,"href":"https:\/\/delices.lu\/de\/wp-json\/wp\/v2\/product_cat?post=14690"},{"taxonomy":"product_tag","embeddable":true,"href":"https:\/\/delices.lu\/de\/wp-json\/wp\/v2\/product_tag?post=14690"}],"curies":[{"name":"wp","href":"https:\/\/api.w.org\/{rel}","templated":true}]}}