{"id":14702,"date":"2024-10-29T00:00:13","date_gmt":"2025-03-20T10:47:21","guid":{"rendered":"https:\/\/delices.lu\/produit\/lave-home-eierfoermige-vase-beige-aus-steinzeug\/"},"modified":"2025-03-20T11:47:21","modified_gmt":"2025-03-20T10:47:21","slug":"lave-home-eierfoermige-vase-beige-aus-steinzeug","status":"publish","type":"product","link":"https:\/\/delices.lu\/de\/produit\/lave-home-eierfoermige-vase-beige-aus-steinzeug\/","title":{"rendered":"Lave Home &#8211; Eierf\u00f6rmige Vase, beige, aus Steinzeug"},"content":{"rendered":"<p><strong>Eine organische Vase aus Steingut in nat\u00fcrlichem skandinavischen Design<\/strong><br \/>\nVerleihen Sie Ihrem Zuhause eine neue Dimension mit dieser dekorativen Vase in einem originellen und trendigen Design. Holen Sie sich die Sch\u00f6nheit der Natur in Ihr Zuhause: Mit dieser Keramikvase k\u00f6nnen Sie einen sch\u00f6nen Strau\u00df frischer oder getrockneter Blumen arrangieren. Diese beigefarbene Vase ist eif\u00f6rmig und in hellen Naturt\u00f6nen gehalten, so dass Sie Ihrer Fantasie freien Lauf lassen k\u00f6nnen. Sie eignet sich perfekt f\u00fcr Ihr Wohnzimmer und kann mit einer Servierplatte aus der gleichen Kollektion kombiniert werden, die sich in ein sch\u00f6nes Dekorationsobjekt verwandelt, auf das Sie einige Duftkerzen stellen k\u00f6nnen. Der schlichte Stil dieser Vase vervollst\u00e4ndigt auch Ihre Tischdekoration, wenn Sie Ihre G\u00e4ste empfangen! Peppen Sie Ihr Zuhause mit einem trendigen und eleganten handgefertigten Look auf.     <\/p>\n","protected":false},"excerpt":{"rendered":"<p>MATERIAL: Steingut<br \/>\nDURCHMESSER: ca. 143 mm<br \/>\nGR\u00d6\u00dfE: ca. 1780 ml<br \/>\nFARBE: beige<br \/>\nGARANTIE SP\u00dcLMASCHINENGARANTIE: Nicht<br \/>\nMIKROWELLENKOMPATIBEL: Nicht<br \/>\nREF. ARTIKEL: 1042865070 <\/p>\n","protected":false},"featured_media":14708,"template":"","meta":[],"location":[959,973],"product_brand":[],"product_cat":[1311,2333,1309],"product_tag":[2343,743,2336,2341,2334],"class_list":{"0":"post-14702","1":"product","2":"type-product","3":"status-publish","4":"has-post-thumbnail","6":"location-0-shop","7":"location-04-3","8":"product_cat-dekoration","9":"product_cat-vase-de","10":"product_cat-villeroy-boch-de","11":"product_tag-beige-de","12":"product_tag-decoration-de","13":"product_tag-e-mail","14":"product_tag-kleine-vase","15":"product_tag-waschmaschine-home","17":"first","18":"instock","19":"shipping-taxable","20":"purchasable","21":"product-type-simple"},"supplier_id":9071,"supplier_sku":"1042865070","barcode":"4004686416703","atum_controlled":true,"out_stock_date":null,"out_stock_threshold":0,"inheritable":false,"inbound_stock":0,"stock_on_hold":0,"sold_today":0,"sales_last_days":0,"reserved_stock":0,"customer_returns":0,"warehouse_damage":null,"lost_in_post":0,"other_logs":0,"out_stock_days":0,"lost_sales":0,"has_location":false,"update_date":"2025-07-19T06:26:35","atum_locations":[{"id":960,"name":"0 SHOP","slug":"0-shop"},{"id":866,"name":"043","slug":"043"}],"atum_stock_status":"instock","restock_status":false,"low_stock_amount":"","sales_update_date":"2025-07-19T06:26:35","calc_backorders":0,"locations":[],"_links":{"self":[{"href":"https:\/\/delices.lu\/de\/wp-json\/wp\/v2\/product\/14702","targetHints":{"allow":["GET"]}}],"collection":[{"href":"https:\/\/delices.lu\/de\/wp-json\/wp\/v2\/product"}],"about":[{"href":"https:\/\/delices.lu\/de\/wp-json\/wp\/v2\/types\/product"}],"wp:featuredmedia":[{"embeddable":true,"href":"https:\/\/delices.lu\/de\/wp-json\/wp\/v2\/media\/14708"}],"wp:attachment":[{"href":"https:\/\/delices.lu\/de\/wp-json\/wp\/v2\/media?parent=14702"}],"wp:term":[{"taxonomy":"location","embeddable":true,"href":"https:\/\/delices.lu\/de\/wp-json\/wp\/v2\/location?post=14702"},{"taxonomy":"product_brand","embeddable":true,"href":"https:\/\/delices.lu\/de\/wp-json\/wp\/v2\/product_brand?post=14702"},{"taxonomy":"product_cat","embeddable":true,"href":"https:\/\/delices.lu\/de\/wp-json\/wp\/v2\/product_cat?post=14702"},{"taxonomy":"product_tag","embeddable":true,"href":"https:\/\/delices.lu\/de\/wp-json\/wp\/v2\/product_tag?post=14702"}],"curies":[{"name":"wp","href":"https:\/\/api.w.org\/{rel}","templated":true}]}}