{"id":14713,"date":"2024-05-02T00:00:16","date_gmt":"2025-03-20T10:47:22","guid":{"rendered":"https:\/\/delices.lu\/produit\/newwave-caffe-kaffeebecher\/"},"modified":"2025-03-20T11:47:22","modified_gmt":"2025-03-20T10:47:22","slug":"newwave-caffe-kaffeebecher","status":"publish","type":"product","link":"https:\/\/delices.lu\/de\/produit\/newwave-caffe-kaffeebecher\/","title":{"rendered":"NewWave Caff\u00e8, Kaffeebecher"},"content":{"rendered":"<p><strong>Perfekt f\u00fcr Kaffeeliebhaber<\/strong><br \/>\nDas Dekor Animals of the World entf\u00fchrt Sie in den tropischen Regenwald und begeistert mit farbenfrohen exotischen Tiermotiven auf besonders splitterfreiem Premium-Porzellan, das die Formen der beliebten NewWave-Kollektion aufgreift. In der mitgelieferten Geschenkverpackung aus Karton ist dieser Henkelbecher eine sch\u00f6ne Aufmerksamkeit f\u00fcr Kaffeeliebhaber. Verf\u00fchren Sie mit einem einzigartigen Stil  <\/p>\n","protected":false},"excerpt":{"rendered":"<p>MATERIAL: Premium Porcelain<br \/>\nGR\u00d6\u00dfE: ca. 300 ml<br \/>\nFARBE: mehrfarbig<br \/>\nGARANTIERT SP\u00dcLMASCHINENGARANTIE: Ja<br \/>\nMIKROWELLENKOMPATIBEL: Ja<br \/>\nREF. ARTIKEL: 1041949100 <\/p>\n","protected":false},"featured_media":14715,"template":"","meta":[],"location":[959],"product_brand":[],"product_cat":[2235,2163,1309],"product_tag":[2345,2346,2344,2165],"class_list":{"0":"post-14713","1":"product","2":"type-product","3":"status-publish","4":"has-post-thumbnail","6":"location-0-shop","7":"product_cat-tasse-de","8":"product_cat-tasse-krug","9":"product_cat-villeroy-boch-de","10":"product_tag-grun-de","11":"product_tag-newwave-caffe-de","12":"product_tag-schmetterling","13":"product_tag-tasse-de","15":"first","16":"instock","17":"shipping-taxable","18":"purchasable","19":"product-type-simple"},"supplier_id":9071,"supplier_sku":"1041949100","barcode":"4003686306646","atum_controlled":true,"out_stock_date":null,"out_stock_threshold":0,"inheritable":false,"inbound_stock":0,"stock_on_hold":0,"sold_today":0,"sales_last_days":0,"reserved_stock":0,"customer_returns":0,"warehouse_damage":null,"lost_in_post":0,"other_logs":0,"out_stock_days":0,"lost_sales":0,"has_location":false,"update_date":"2025-07-19T06:26:28","atum_locations":[{"id":960,"name":"0 SHOP","slug":"0-shop"}],"atum_stock_status":"instock","restock_status":false,"low_stock_amount":"","sales_update_date":"2025-07-19T06:26:28","calc_backorders":0,"locations":[],"_links":{"self":[{"href":"https:\/\/delices.lu\/de\/wp-json\/wp\/v2\/product\/14713","targetHints":{"allow":["GET"]}}],"collection":[{"href":"https:\/\/delices.lu\/de\/wp-json\/wp\/v2\/product"}],"about":[{"href":"https:\/\/delices.lu\/de\/wp-json\/wp\/v2\/types\/product"}],"wp:featuredmedia":[{"embeddable":true,"href":"https:\/\/delices.lu\/de\/wp-json\/wp\/v2\/media\/14715"}],"wp:attachment":[{"href":"https:\/\/delices.lu\/de\/wp-json\/wp\/v2\/media?parent=14713"}],"wp:term":[{"taxonomy":"location","embeddable":true,"href":"https:\/\/delices.lu\/de\/wp-json\/wp\/v2\/location?post=14713"},{"taxonomy":"product_brand","embeddable":true,"href":"https:\/\/delices.lu\/de\/wp-json\/wp\/v2\/product_brand?post=14713"},{"taxonomy":"product_cat","embeddable":true,"href":"https:\/\/delices.lu\/de\/wp-json\/wp\/v2\/product_cat?post=14713"},{"taxonomy":"product_tag","embeddable":true,"href":"https:\/\/delices.lu\/de\/wp-json\/wp\/v2\/product_tag?post=14713"}],"curies":[{"name":"wp","href":"https:\/\/api.w.org\/{rel}","templated":true}]}}