{"id":14714,"date":"2024-07-17T00:00:55","date_gmt":"2025-03-20T10:47:22","guid":{"rendered":"https:\/\/delices.lu\/produit\/lave-home-kleine-beigefarbene-vase-aus-steinzeug\/"},"modified":"2025-03-20T11:47:22","modified_gmt":"2025-03-20T10:47:22","slug":"lave-home-kleine-beigefarbene-vase-aus-steinzeug","status":"publish","type":"product","link":"https:\/\/delices.lu\/de\/produit\/lave-home-kleine-beigefarbene-vase-aus-steinzeug\/","title":{"rendered":"Lave Home &#8211; Kleine beigefarbene Vase aus Steinzeug"},"content":{"rendered":"<p><strong>Eine kleine, hohe Vase aus Steingut, um Ihre Dekoration zu veredeln<\/strong><br \/>\nDie Kollektion Lave Home bringt Leben in den Alltag. M\u00f6chten Sie einem lieben Menschen eine Freude machen? Diese Vase aus Steingut ist ein ideales Geschenk f\u00fcr eine Einweihungsparty, einen Geburtstag oder zum Muttertag. Entdecken Sie auch die anderen Vasen der gleichen Kollektion in verschiedenen Farben und Gr\u00f6\u00dfen, um die M\u00f6glichkeiten zu vervielfachen! Mit ihrem nat\u00fcrlichen Aussehen zeigt diese hohe Vase die ganze Sch\u00f6nheit der Natur. Sie m\u00f6gen einfache und schlichte Objekte? Diese kleine Vase hat eine spezielle Emaillierung mit h\u00fcbschen braunen Flecken f\u00fcr einen 100% einzigartigen Effekt. Zusammen mit frischen oder getrockneten Blumen passt diese beige Vase zu allen Blumenarrangements! Peppen Sie Ihr Zuhause mit einem trendigen und eleganten handgefertigten Look auf.        <\/p>\n","protected":false},"excerpt":{"rendered":"<p>MATERIAL: Steingut<br \/>\nDURCHMESSER: ca. 77 mm<br \/>\nGR\u00d6\u00dfE: ca. 572 ml<br \/>\nFARBE: beige<br \/>\nGARANTIE SP\u00dcLMASCHINENGARANTIE: Nicht<br \/>\nMIKROWELLENKOMPATIBEL: Nicht<br \/>\nREF. ARTIKEL: 1042869236 <\/p>\n","protected":false},"featured_media":14717,"template":"","meta":[],"location":[959,973],"product_brand":[],"product_cat":[1311,2333,1309],"product_tag":[2343,743,2336,2341,2334],"class_list":{"0":"post-14714","1":"product","2":"type-product","3":"status-publish","4":"has-post-thumbnail","6":"location-0-shop","7":"location-04-3","8":"product_cat-dekoration","9":"product_cat-vase-de","10":"product_cat-villeroy-boch-de","11":"product_tag-beige-de","12":"product_tag-decoration-de","13":"product_tag-e-mail","14":"product_tag-kleine-vase","15":"product_tag-waschmaschine-home","17":"first","18":"instock","19":"shipping-taxable","20":"purchasable","21":"product-type-simple"},"supplier_id":9071,"supplier_sku":"1042869236","barcode":"4004686416659","atum_controlled":true,"out_stock_date":null,"out_stock_threshold":0,"inheritable":false,"inbound_stock":0,"stock_on_hold":0,"sold_today":0,"sales_last_days":0,"reserved_stock":0,"customer_returns":0,"warehouse_damage":null,"lost_in_post":0,"other_logs":0,"out_stock_days":0,"lost_sales":0,"has_location":false,"update_date":"2025-07-19T06:26:24","atum_locations":[{"id":960,"name":"0 SHOP","slug":"0-shop"},{"id":866,"name":"043","slug":"043"}],"atum_stock_status":"instock","restock_status":false,"low_stock_amount":"","sales_update_date":"2025-07-19T06:26:24","calc_backorders":0,"locations":[],"_links":{"self":[{"href":"https:\/\/delices.lu\/de\/wp-json\/wp\/v2\/product\/14714","targetHints":{"allow":["GET"]}}],"collection":[{"href":"https:\/\/delices.lu\/de\/wp-json\/wp\/v2\/product"}],"about":[{"href":"https:\/\/delices.lu\/de\/wp-json\/wp\/v2\/types\/product"}],"wp:featuredmedia":[{"embeddable":true,"href":"https:\/\/delices.lu\/de\/wp-json\/wp\/v2\/media\/14717"}],"wp:attachment":[{"href":"https:\/\/delices.lu\/de\/wp-json\/wp\/v2\/media?parent=14714"}],"wp:term":[{"taxonomy":"location","embeddable":true,"href":"https:\/\/delices.lu\/de\/wp-json\/wp\/v2\/location?post=14714"},{"taxonomy":"product_brand","embeddable":true,"href":"https:\/\/delices.lu\/de\/wp-json\/wp\/v2\/product_brand?post=14714"},{"taxonomy":"product_cat","embeddable":true,"href":"https:\/\/delices.lu\/de\/wp-json\/wp\/v2\/product_cat?post=14714"},{"taxonomy":"product_tag","embeddable":true,"href":"https:\/\/delices.lu\/de\/wp-json\/wp\/v2\/product_tag?post=14714"}],"curies":[{"name":"wp","href":"https:\/\/api.w.org\/{rel}","templated":true}]}}