{"id":14726,"date":"2025-09-07T00:00:59","date_gmt":"2025-09-06T22:00:59","guid":{"rendered":"https:\/\/delices.lu\/produit\/samarkand-aquamarin-kelch-gross\/"},"modified":"2025-03-20T11:47:30","modified_gmt":"2025-03-20T10:47:30","slug":"samarkand-aquamarin-kelch-gross","status":"publish","type":"product","link":"https:\/\/delices.lu\/de\/produit\/samarkand-aquamarin-kelch-gross\/","title":{"rendered":"Samarkand Aquamarin, Kelch, gro\u00df"},"content":{"rendered":"<p><strong>Eine raffinierte Dekoration zum Sammeln und Verschenken<\/strong><br \/>\nDas exotische Dekor der Kollektion Samarkand mit eleganten Motiven aus Aquamarin, Mandarine und Rubin entf\u00fchrt Sie auf die Seidenstra\u00dfe. Diese sch\u00f6ne Schale verleiht dem Kaffee, den man mit Familie oder Freunden genie\u00dft, eine elegante Note. Die edle Premium Bone Porcelain ist sp\u00fclmaschinenfest und wird in einer blauen Geschenkverpackung geliefert. Entdecken Sie das Samarkand-Erlebnis.   <\/p>\n","protected":false},"excerpt":{"rendered":"<p>MATERIAL: Premium Bone Porcelain<br \/>\nGR\u00d6\u00dfE: ca. 964 ml und 28 cm x 21cm<br \/>\nFARBE: mehrfarbig, t\u00fcrkis, gold<br \/>\nGARANTIERT SP\u00dcLMASCHINENGARANTIE: Ja<br \/>\nMIKROWELLENKOMPATIBEL: Nein<br \/>\nREF. ARTIKEL: 1016381761 <\/p>\n","protected":false},"featured_media":14732,"template":"","meta":[],"location":[959,1261],"product_brand":[],"product_cat":[1354,1311,2347,2231,2287,1309],"product_tag":[2353,2352,2351,2348,2349],"class_list":{"0":"post-14726","1":"product","2":"type-product","3":"status-publish","4":"has-post-thumbnail","6":"location-0-shop","7":"location-22-4","8":"product_cat-art-de-la-table-de","9":"product_cat-dekoration","10":"product_cat-samarkand-de","11":"product_cat-teller","12":"product_cat-teller-de","13":"product_cat-villeroy-boch-de","14":"product_tag-groser-schnitt","15":"product_tag-himmelblau","16":"product_tag-pferd","17":"product_tag-rechteckig","18":"product_tag-samarkand-de","20":"first","21":"instock","22":"shipping-taxable","23":"purchasable","24":"product-type-simple"},"supplier_id":9071,"supplier_sku":"1016381761","barcode":"4003686276109","atum_controlled":true,"out_stock_date":null,"out_stock_threshold":0,"inheritable":false,"inbound_stock":0,"stock_on_hold":0,"sold_today":0,"sales_last_days":0,"reserved_stock":0,"customer_returns":0,"warehouse_damage":null,"lost_in_post":0,"other_logs":0,"out_stock_days":0,"lost_sales":0,"has_location":false,"update_date":"2025-09-28T04:15:10","atum_locations":[{"id":960,"name":"0 SHOP","slug":"0-shop"},{"id":1277,"name":"224","slug":"224"}],"atum_stock_status":"instock","restock_status":false,"low_stock_amount":"","sales_update_date":"2025-07-19T06:26:49","calc_backorders":0,"locations":[],"_links":{"self":[{"href":"https:\/\/delices.lu\/de\/wp-json\/wp\/v2\/product\/14726","targetHints":{"allow":["GET"]}}],"collection":[{"href":"https:\/\/delices.lu\/de\/wp-json\/wp\/v2\/product"}],"about":[{"href":"https:\/\/delices.lu\/de\/wp-json\/wp\/v2\/types\/product"}],"wp:featuredmedia":[{"embeddable":true,"href":"https:\/\/delices.lu\/de\/wp-json\/wp\/v2\/media\/14732"}],"wp:attachment":[{"href":"https:\/\/delices.lu\/de\/wp-json\/wp\/v2\/media?parent=14726"}],"wp:term":[{"taxonomy":"location","embeddable":true,"href":"https:\/\/delices.lu\/de\/wp-json\/wp\/v2\/location?post=14726"},{"taxonomy":"product_brand","embeddable":true,"href":"https:\/\/delices.lu\/de\/wp-json\/wp\/v2\/product_brand?post=14726"},{"taxonomy":"product_cat","embeddable":true,"href":"https:\/\/delices.lu\/de\/wp-json\/wp\/v2\/product_cat?post=14726"},{"taxonomy":"product_tag","embeddable":true,"href":"https:\/\/delices.lu\/de\/wp-json\/wp\/v2\/product_tag?post=14726"}],"curies":[{"name":"wp","href":"https:\/\/api.w.org\/{rel}","templated":true}]}}