{"id":14740,"date":"2024-05-08T00:00:34","date_gmt":"2025-03-20T10:47:31","guid":{"rendered":"https:\/\/delices.lu\/produit\/vieux-luxembourg-kaffeeuntertasse\/"},"modified":"2025-03-20T11:47:31","modified_gmt":"2025-03-20T10:47:31","slug":"vieux-luxembourg-kaffeeuntertasse","status":"publish","type":"product","link":"https:\/\/delices.lu\/de\/produit\/vieux-luxembourg-kaffeeuntertasse\/","title":{"rendered":"Vieux Luxembourg, Kaffeeuntertasse"},"content":{"rendered":"<p><strong>Untertasse mit klassischem Dekor zum Servieren von s\u00fc\u00dfen Leckereien zum Kaffee<\/strong><br \/>\nZarte Reliefs und dezente filigrane Ornamente verbinden sich auf dem strahlend wei\u00dfen Porzellan zu einem raffinierten, zeitlosen und eleganten Ensemble, das die Kollektion Vieux Luxembourg charakterisiert. Diese Untertasse bietet Platz f\u00fcr Kuchen, Geb\u00e4ck und andere K\u00f6stlichkeiten, die zum Kaffee serviert werden. Setzen Sie auf praktische Geschirrdetails.  <\/p>\n","protected":false},"excerpt":{"rendered":"<p>MATERIAL:Hochwertiges Porzellan<br \/>\nGR\u00d6\u00dfE: ca. 140 mm<br \/>\nFARBE: wei\u00df<br \/>\nSP\u00dcLMASCHINENGARANTIE: Ja<br \/>\nMIKROWELLENKOMPATIBEL: Ja<br \/>\nREF. ARTIKEL: 1023411310 <\/p>\n","protected":false},"featured_media":14742,"template":"","meta":[],"location":[],"product_brand":[],"product_cat":[1354,2266,1309],"product_tag":[2280,2215,2300,2227,2267],"class_list":{"0":"post-14740","1":"product","2":"type-product","3":"status-publish","4":"has-post-thumbnail","6":"product_cat-art-de-la-table-de","7":"product_cat-untertasse","8":"product_cat-villeroy-boch-de","9":"product_tag-alte","10":"product_tag-luxemburg","11":"product_tag-untertasse-de","12":"product_tag-untertasse","13":"product_tag-untertasse-ohne-tasse","15":"first","16":"instock","17":"shipping-taxable","18":"purchasable","19":"product-type-simple"},"supplier_id":9071,"supplier_sku":"1023411310","barcode":"5450102072088","atum_controlled":true,"out_stock_date":"2024-05-08 11:57:22","out_stock_threshold":0,"inheritable":false,"inbound_stock":0,"stock_on_hold":0,"sold_today":0,"sales_last_days":0,"reserved_stock":0,"customer_returns":0,"warehouse_damage":null,"lost_in_post":0,"other_logs":0,"out_stock_days":436,"lost_sales":0,"has_location":false,"update_date":"2025-07-19T06:26:25","atum_locations":[],"atum_stock_status":"onbackorder","restock_status":false,"low_stock_amount":"","sales_update_date":"2025-07-19T06:26:25","calc_backorders":0,"locations":[],"_links":{"self":[{"href":"https:\/\/delices.lu\/de\/wp-json\/wp\/v2\/product\/14740","targetHints":{"allow":["GET"]}}],"collection":[{"href":"https:\/\/delices.lu\/de\/wp-json\/wp\/v2\/product"}],"about":[{"href":"https:\/\/delices.lu\/de\/wp-json\/wp\/v2\/types\/product"}],"wp:featuredmedia":[{"embeddable":true,"href":"https:\/\/delices.lu\/de\/wp-json\/wp\/v2\/media\/14742"}],"wp:attachment":[{"href":"https:\/\/delices.lu\/de\/wp-json\/wp\/v2\/media?parent=14740"}],"wp:term":[{"taxonomy":"location","embeddable":true,"href":"https:\/\/delices.lu\/de\/wp-json\/wp\/v2\/location?post=14740"},{"taxonomy":"product_brand","embeddable":true,"href":"https:\/\/delices.lu\/de\/wp-json\/wp\/v2\/product_brand?post=14740"},{"taxonomy":"product_cat","embeddable":true,"href":"https:\/\/delices.lu\/de\/wp-json\/wp\/v2\/product_cat?post=14740"},{"taxonomy":"product_tag","embeddable":true,"href":"https:\/\/delices.lu\/de\/wp-json\/wp\/v2\/product_tag?post=14740"}],"curies":[{"name":"wp","href":"https:\/\/api.w.org\/{rel}","templated":true}]}}