{"id":14752,"date":"2024-05-08T00:00:06","date_gmt":"2025-03-20T10:47:32","guid":{"rendered":"https:\/\/delices.lu\/produit\/vieux-luxembourg-kaffeetasse\/"},"modified":"2025-03-20T11:47:32","modified_gmt":"2025-03-20T10:47:32","slug":"vieux-luxembourg-kaffeetasse","status":"publish","type":"product","link":"https:\/\/delices.lu\/de\/produit\/vieux-luxembourg-kaffeetasse\/","title":{"rendered":"Vieux Luxembourg, Kaffeetasse"},"content":{"rendered":"<p><strong>Klassische Kaffeetasse f\u00fcr das Fr\u00fchst\u00fcck oder den Nachmittag<\/strong><br \/>\nZarte Reliefs und dezente filigrane Ornamente verbinden sich auf dem strahlend wei\u00dfen Porzellan zu einem raffinierten, zeitlosen und eleganten Ensemble, das die Kollektion Vieux Luxembourg charakterisiert. Kaffeeliebhaber werden diese attraktive Tasse zu sch\u00e4tzen wissen. Sie macht sowohl im Alltag als auch auf einer festlich gedeckten Kaffeetafel eine gute Figur. G\u00f6nnen Sie sich einzigartige Genussmomente.   <\/p>\n","protected":false},"excerpt":{"rendered":"<p>MATERIAL:Hochwertiges Porzellan<br \/>\nGR\u00d6\u00dfE: ca. 120 ml<br \/>\nFARBE: wei\u00df<br \/>\nGARANTIERT SP\u00dcLMASCHINENGARANTIE: Ja<br \/>\nMIKROWELLENKOMPATIBEL: Ja<br \/>\nREF. ARTIKEL: 1023411300 <\/p>\n","protected":false},"featured_media":14754,"template":"","meta":[],"location":[],"product_brand":[],"product_cat":[1354,2235,1309],"product_tag":[2280,2356,2215,2165,2260],"class_list":{"0":"post-14752","1":"product","2":"type-product","3":"status-publish","4":"has-post-thumbnail","6":"product_cat-art-de-la-table-de","7":"product_cat-tasse-de","8":"product_cat-villeroy-boch-de","9":"product_tag-alte","10":"product_tag-kaffeetasse","11":"product_tag-luxemburg","12":"product_tag-tasse-de","13":"product_tag-tasse-ohne-untertasse","15":"first","16":"instock","17":"shipping-taxable","18":"purchasable","19":"product-type-simple"},"supplier_id":9071,"supplier_sku":"1023411300","barcode":"5450102072071","atum_controlled":true,"out_stock_date":"2024-05-08 11:56:30","out_stock_threshold":0,"inheritable":false,"inbound_stock":0,"stock_on_hold":0,"sold_today":0,"sales_last_days":0,"reserved_stock":0,"customer_returns":0,"warehouse_damage":null,"lost_in_post":0,"other_logs":0,"out_stock_days":436,"lost_sales":0,"has_location":false,"update_date":"2025-07-19T06:26:26","atum_locations":[],"atum_stock_status":"onbackorder","restock_status":false,"low_stock_amount":"","sales_update_date":"2025-07-19T06:26:26","calc_backorders":0,"locations":[],"_links":{"self":[{"href":"https:\/\/delices.lu\/de\/wp-json\/wp\/v2\/product\/14752","targetHints":{"allow":["GET"]}}],"collection":[{"href":"https:\/\/delices.lu\/de\/wp-json\/wp\/v2\/product"}],"about":[{"href":"https:\/\/delices.lu\/de\/wp-json\/wp\/v2\/types\/product"}],"wp:featuredmedia":[{"embeddable":true,"href":"https:\/\/delices.lu\/de\/wp-json\/wp\/v2\/media\/14754"}],"wp:attachment":[{"href":"https:\/\/delices.lu\/de\/wp-json\/wp\/v2\/media?parent=14752"}],"wp:term":[{"taxonomy":"location","embeddable":true,"href":"https:\/\/delices.lu\/de\/wp-json\/wp\/v2\/location?post=14752"},{"taxonomy":"product_brand","embeddable":true,"href":"https:\/\/delices.lu\/de\/wp-json\/wp\/v2\/product_brand?post=14752"},{"taxonomy":"product_cat","embeddable":true,"href":"https:\/\/delices.lu\/de\/wp-json\/wp\/v2\/product_cat?post=14752"},{"taxonomy":"product_tag","embeddable":true,"href":"https:\/\/delices.lu\/de\/wp-json\/wp\/v2\/product_tag?post=14752"}],"curies":[{"name":"wp","href":"https:\/\/api.w.org\/{rel}","templated":true}]}}