{"id":14753,"date":"2025-07-07T00:00:53","date_gmt":"2025-07-06T22:00:53","guid":{"rendered":"https:\/\/delices.lu\/produit\/samarkand-rubin-mokka-espressotasse\/"},"modified":"2025-03-20T11:47:32","modified_gmt":"2025-03-20T10:47:32","slug":"samarkand-rubin-mokka-espressotasse","status":"publish","type":"product","link":"https:\/\/delices.lu\/de\/produit\/samarkand-rubin-mokka-espressotasse\/","title":{"rendered":"Samarkand Rubin Mokka-\/Espressotasse"},"content":{"rendered":"<p><strong>Samarkand Rubin<\/strong><br \/>\nDie Samarkand Collection inspiriert mit ihren orientalischen Motiven, die von feinen Goldornamenten umrahmt werden.<br \/>\nDie farbenfrohen und au\u00dfergew\u00f6hnlichen St\u00fccke eignen sich auch hervorragend als Geschenk.<\/p>\n","protected":false},"excerpt":{"rendered":"<p>MATERIAL: Premium Bone Porcelain<br \/>\nGR\u00d6\u00dfE: ca. 100 ml<br \/>\nFARBE: mehrfarbig<br \/>\nGARANTIERT SP\u00dcLMASCHINENGARANTIE: Ja<br \/>\nMIKROWELLENKOMPATIBEL: Nein<br \/>\nREF. ARTIKEL: 1047311420 <\/p>\n","protected":false},"featured_media":14755,"template":"","meta":[],"location":[959],"product_brand":[],"product_cat":[1354,1311,2347,2235,1309],"product_tag":[2354,2304,2355,2349,2165],"class_list":{"0":"post-14753","1":"product","2":"type-product","3":"status-publish","4":"has-post-thumbnail","6":"location-0-shop","7":"product_cat-art-de-la-table-de","8":"product_cat-dekoration","9":"product_cat-samarkand-de","10":"product_cat-tasse-de","11":"product_cat-villeroy-boch-de","12":"product_tag-espressotasse","13":"product_tag-mokka","14":"product_tag-rubin-de","15":"product_tag-samarkand-de","16":"product_tag-tasse-de","18":"first","19":"instock","20":"shipping-taxable","21":"purchasable","22":"product-type-simple"},"supplier_id":9071,"supplier_sku":"1047311420","barcode":"4003686159815","atum_controlled":true,"out_stock_date":null,"out_stock_threshold":0,"inheritable":false,"inbound_stock":0,"stock_on_hold":0,"sold_today":0,"sales_last_days":0,"reserved_stock":0,"customer_returns":0,"warehouse_damage":null,"lost_in_post":0,"other_logs":0,"out_stock_days":0,"lost_sales":0,"has_location":false,"update_date":"2025-07-19T06:26:50","atum_locations":[{"id":960,"name":"0 SHOP","slug":"0-shop"}],"atum_stock_status":"instock","restock_status":false,"low_stock_amount":"","sales_update_date":"2025-07-19T06:26:50","calc_backorders":0,"locations":[],"_links":{"self":[{"href":"https:\/\/delices.lu\/de\/wp-json\/wp\/v2\/product\/14753","targetHints":{"allow":["GET"]}}],"collection":[{"href":"https:\/\/delices.lu\/de\/wp-json\/wp\/v2\/product"}],"about":[{"href":"https:\/\/delices.lu\/de\/wp-json\/wp\/v2\/types\/product"}],"wp:featuredmedia":[{"embeddable":true,"href":"https:\/\/delices.lu\/de\/wp-json\/wp\/v2\/media\/14755"}],"wp:attachment":[{"href":"https:\/\/delices.lu\/de\/wp-json\/wp\/v2\/media?parent=14753"}],"wp:term":[{"taxonomy":"location","embeddable":true,"href":"https:\/\/delices.lu\/de\/wp-json\/wp\/v2\/location?post=14753"},{"taxonomy":"product_brand","embeddable":true,"href":"https:\/\/delices.lu\/de\/wp-json\/wp\/v2\/product_brand?post=14753"},{"taxonomy":"product_cat","embeddable":true,"href":"https:\/\/delices.lu\/de\/wp-json\/wp\/v2\/product_cat?post=14753"},{"taxonomy":"product_tag","embeddable":true,"href":"https:\/\/delices.lu\/de\/wp-json\/wp\/v2\/product_tag?post=14753"}],"curies":[{"name":"wp","href":"https:\/\/api.w.org\/{rel}","templated":true}]}}