{"id":14769,"date":"2024-05-08T00:00:23","date_gmt":"2025-03-20T10:47:42","guid":{"rendered":"https:\/\/delices.lu\/produit\/samarkand-accessories-aschenbecher\/"},"modified":"2025-03-20T11:47:42","modified_gmt":"2025-03-20T10:47:42","slug":"samarkand-accessories-aschenbecher","status":"publish","type":"product","link":"https:\/\/delices.lu\/de\/produit\/samarkand-accessories-aschenbecher\/","title":{"rendered":"Samarkand Accessories Aschenbecher"},"content":{"rendered":"<p><strong>Raffinierte Details aus Porzellan zum Sammeln und Verschenken<\/strong><br \/>\nDas exotische Dekor der Samarkand-Kollektion mit eleganten Motiven aus Aquamarin, Mandarine und Rubin entf\u00fchrt Sie auf die Seidenstra\u00dfe. Bringen Sie mit dem Aschenbecher einen Hauch von Exklusivit\u00e4t in Ihr Zuhause. Das edle Premium Bone Porcelain ist sp\u00fclmaschinenfest und wird in einer blauen Geschenkverpackung geliefert. G\u00f6nnen Sie sich Momente des Genusses.   <\/p>\n","protected":false},"excerpt":{"rendered":"<p>MATERIAL: Premium Bone Porcelain<br \/>\nGR\u00d6\u00dfE: ca. 120 ml<br \/>\nFARBE: mehrfarbig<br \/>\nGARANTIERT SP\u00dcLMASCHINENGARANTIE: Ja<br \/>\nMIKROWELLENKOMPATIBEL: Nein<br \/>\nREF. ARTIKEL: 1047344090 <\/p>\n","protected":false},"featured_media":14737,"template":"","meta":[],"location":[959],"product_brand":[],"product_cat":[1311,2347,1309],"product_tag":[2365,2364,2348,2366,2349],"class_list":{"0":"post-14769","1":"product","2":"type-product","3":"status-publish","4":"has-post-thumbnail","6":"location-0-shop","7":"product_cat-dekoration","8":"product_cat-samarkand-de","9":"product_cat-villeroy-boch-de","10":"product_tag-aschenbecher","11":"product_tag-elefant","12":"product_tag-rechteckig","13":"product_tag-rot","14":"product_tag-samarkand-de","16":"first","17":"instock","18":"shipping-taxable","19":"purchasable","20":"product-type-simple"},"supplier_id":9071,"supplier_sku":"1047344090","barcode":"4003686159457","atum_controlled":true,"out_stock_date":null,"out_stock_threshold":0,"inheritable":false,"inbound_stock":0,"stock_on_hold":0,"sold_today":0,"sales_last_days":0,"reserved_stock":0,"customer_returns":0,"warehouse_damage":null,"lost_in_post":0,"other_logs":0,"out_stock_days":0,"lost_sales":0,"has_location":false,"update_date":"2025-07-19T06:26:43","atum_locations":[{"id":960,"name":"0 SHOP","slug":"0-shop"}],"atum_stock_status":"instock","restock_status":false,"low_stock_amount":"","sales_update_date":"2025-07-19T06:26:43","calc_backorders":0,"locations":[],"_links":{"self":[{"href":"https:\/\/delices.lu\/de\/wp-json\/wp\/v2\/product\/14769","targetHints":{"allow":["GET"]}}],"collection":[{"href":"https:\/\/delices.lu\/de\/wp-json\/wp\/v2\/product"}],"about":[{"href":"https:\/\/delices.lu\/de\/wp-json\/wp\/v2\/types\/product"}],"wp:featuredmedia":[{"embeddable":true,"href":"https:\/\/delices.lu\/de\/wp-json\/wp\/v2\/media\/14737"}],"wp:attachment":[{"href":"https:\/\/delices.lu\/de\/wp-json\/wp\/v2\/media?parent=14769"}],"wp:term":[{"taxonomy":"location","embeddable":true,"href":"https:\/\/delices.lu\/de\/wp-json\/wp\/v2\/location?post=14769"},{"taxonomy":"product_brand","embeddable":true,"href":"https:\/\/delices.lu\/de\/wp-json\/wp\/v2\/product_brand?post=14769"},{"taxonomy":"product_cat","embeddable":true,"href":"https:\/\/delices.lu\/de\/wp-json\/wp\/v2\/product_cat?post=14769"},{"taxonomy":"product_tag","embeddable":true,"href":"https:\/\/delices.lu\/de\/wp-json\/wp\/v2\/product_tag?post=14769"}],"curies":[{"name":"wp","href":"https:\/\/api.w.org\/{rel}","templated":true}]}}