{"id":14771,"date":"2025-09-08T00:00:34","date_gmt":"2025-09-07T22:00:34","guid":{"rendered":"https:\/\/delices.lu\/produit\/samarkand-accessories-quadratischer-schnitt\/"},"modified":"2025-03-20T11:47:43","modified_gmt":"2025-03-20T10:47:43","slug":"samarkand-accessories-quadratischer-schnitt","status":"publish","type":"product","link":"https:\/\/delices.lu\/de\/produit\/samarkand-accessories-quadratischer-schnitt\/","title":{"rendered":"Samarkand Accessories quadratischer Schnitt"},"content":{"rendered":"<p>Das exotische Dekor der Samarkand-Kollektion mit eleganten Mustern aus Aquamarin, Mandarine und Rubin entf\u00fchrt Sie auf die Seidenstra\u00dfe. Servieren Sie Schokoladenh\u00e4ppchen und Kekse zum Kaffee elegant in dieser Schale. Das edle Premium Bone Porcelain ist sp\u00fclmaschinenfest und wird in einer blauen Geschenkverpackung geliefert. Verleihen Sie Ihrem Stil den letzten Schliff.   <\/p>\n","protected":false},"excerpt":{"rendered":"<p>MATERIAL: Premium Bone Porcelain<br \/>\nGR\u00d6SSE: ca. 140 ml<br \/>\nFARBE: mehrfarbig<br \/>\nGARANTIERT SP\u00dcLMASCHINENGARANTIE: Ja<br \/>\nMIKROWELLENKOMPATIBEL: Nein<br \/>\nGESCHENKVERPACKUNG: kostenlos, auf Anfrage<br \/>\nREF. ARTIKEL: 1047343934 <\/p>\n","protected":false},"featured_media":14734,"template":"","meta":[],"location":[959],"product_brand":[],"product_cat":[1311,2242,2287,1309],"product_tag":[743,2370,2349],"class_list":{"0":"post-14771","1":"product","2":"type-product","3":"status-publish","4":"has-post-thumbnail","6":"location-0-shop","7":"product_cat-dekoration","8":"product_cat-schussel","9":"product_cat-teller-de","10":"product_cat-villeroy-boch-de","11":"product_tag-decoration-de","12":"product_tag-hohle-platte","13":"product_tag-samarkand-de","15":"first","16":"instock","17":"shipping-taxable","18":"purchasable","19":"product-type-simple"},"supplier_id":9071,"supplier_sku":"1047343934","barcode":"4003686159440","atum_controlled":true,"out_stock_date":"2025-09-28 06:18:44","out_stock_threshold":0,"inheritable":false,"inbound_stock":0,"stock_on_hold":0,"sold_today":0,"sales_last_days":0,"reserved_stock":0,"customer_returns":0,"warehouse_damage":null,"lost_in_post":0,"other_logs":0,"out_stock_days":0,"lost_sales":0,"has_location":false,"update_date":"2025-09-28T04:18:47","atum_locations":[{"id":960,"name":"0 SHOP","slug":"0-shop"}],"atum_stock_status":"onbackorder","restock_status":false,"low_stock_amount":"","sales_update_date":"2025-07-19T06:26:22","calc_backorders":0,"locations":[],"_links":{"self":[{"href":"https:\/\/delices.lu\/de\/wp-json\/wp\/v2\/product\/14771","targetHints":{"allow":["GET"]}}],"collection":[{"href":"https:\/\/delices.lu\/de\/wp-json\/wp\/v2\/product"}],"about":[{"href":"https:\/\/delices.lu\/de\/wp-json\/wp\/v2\/types\/product"}],"wp:featuredmedia":[{"embeddable":true,"href":"https:\/\/delices.lu\/de\/wp-json\/wp\/v2\/media\/14734"}],"wp:attachment":[{"href":"https:\/\/delices.lu\/de\/wp-json\/wp\/v2\/media?parent=14771"}],"wp:term":[{"taxonomy":"location","embeddable":true,"href":"https:\/\/delices.lu\/de\/wp-json\/wp\/v2\/location?post=14771"},{"taxonomy":"product_brand","embeddable":true,"href":"https:\/\/delices.lu\/de\/wp-json\/wp\/v2\/product_brand?post=14771"},{"taxonomy":"product_cat","embeddable":true,"href":"https:\/\/delices.lu\/de\/wp-json\/wp\/v2\/product_cat?post=14771"},{"taxonomy":"product_tag","embeddable":true,"href":"https:\/\/delices.lu\/de\/wp-json\/wp\/v2\/product_tag?post=14771"}],"curies":[{"name":"wp","href":"https:\/\/api.w.org\/{rel}","templated":true}]}}