{"id":14784,"date":"2024-06-09T00:00:00","date_gmt":"2025-03-20T10:47:53","guid":{"rendered":"https:\/\/delices.lu\/produit\/servierteller-amazonia-44-x-23-cm\/"},"modified":"2025-03-20T11:47:53","modified_gmt":"2025-03-20T10:47:53","slug":"servierteller-amazonia-44-x-23-cm","status":"publish","type":"product","link":"https:\/\/delices.lu\/de\/produit\/servierteller-amazonia-44-x-23-cm\/","title":{"rendered":"Servierteller Amazonia 44 x 23 cm"},"content":{"rendered":"<p><strong>Elegant und sch\u00f6n: Der Servierteller aus der Amazonia-Kollektion von Villeroy &amp; Boch<\/strong><br \/>\nMit dem Dekor Amazonia erg\u00e4nzt Villeroy &amp; Boch die beliebte Modern Grace-Kollektion mit exotischen und bunten, vom Regenwald inspirierten Motiven, die auf dem Tisch alle Blicke auf sich ziehen. Pr\u00e4sentieren Sie warme Gerichte oder zarte S\u00fc\u00dfigkeiten auf dieser gro\u00dfz\u00fcgig proportionierten Platte aus feinem Porzellan. Mit dieser anmutigen Platte setzen Sie einen farbenfrohen Akzent und regen den Appetit auf leckere Speisen an.  <\/p>\n","protected":false},"excerpt":{"rendered":"<p>MATERIAL: Premium Bone Porcelain<br \/>\nFARBE: Mehrfarbig<br \/>\nGARANTIERT SP\u00dcLMASCHINENGARANTIE: Ja<br \/>\nMIKROWELLENKOMPATIBEL: Nein<br \/>\nGESCHENKVERPACKUNG: kostenlos, auf Anfrage<br \/>\nREF. ARTIKEL: 1035142580 <\/p>\n","protected":false},"featured_media":14785,"template":"","meta":[],"location":[959,1141],"product_brand":[],"product_cat":[1354,2231,2287,1309],"product_tag":[2373,2374],"class_list":{"0":"post-14784","1":"product","2":"type-product","3":"status-publish","4":"has-post-thumbnail","6":"location-0-shop","7":"location-porte-3","8":"product_cat-art-de-la-table-de","9":"product_cat-teller","10":"product_cat-teller-de","11":"product_cat-villeroy-boch-de","12":"product_tag-amazonia-de","13":"product_tag-kolibri","15":"first","16":"instock","17":"shipping-taxable","18":"purchasable","19":"product-type-simple"},"supplier_id":9071,"supplier_sku":"1035142580","barcode":"4003686194564","atum_controlled":true,"out_stock_date":null,"out_stock_threshold":0,"inheritable":false,"inbound_stock":0,"stock_on_hold":0,"sold_today":0,"sales_last_days":0,"reserved_stock":0,"customer_returns":0,"warehouse_damage":null,"lost_in_post":0,"other_logs":0,"out_stock_days":0,"lost_sales":0,"has_location":false,"update_date":"2025-07-19T06:26:28","atum_locations":[{"id":960,"name":"0 SHOP","slug":"0-shop"},{"id":1147,"name":"porte 3","slug":"porte-3"}],"atum_stock_status":"instock","restock_status":false,"low_stock_amount":"","sales_update_date":"2025-07-19T06:26:28","calc_backorders":0,"locations":[],"_links":{"self":[{"href":"https:\/\/delices.lu\/de\/wp-json\/wp\/v2\/product\/14784","targetHints":{"allow":["GET"]}}],"collection":[{"href":"https:\/\/delices.lu\/de\/wp-json\/wp\/v2\/product"}],"about":[{"href":"https:\/\/delices.lu\/de\/wp-json\/wp\/v2\/types\/product"}],"wp:featuredmedia":[{"embeddable":true,"href":"https:\/\/delices.lu\/de\/wp-json\/wp\/v2\/media\/14785"}],"wp:attachment":[{"href":"https:\/\/delices.lu\/de\/wp-json\/wp\/v2\/media?parent=14784"}],"wp:term":[{"taxonomy":"location","embeddable":true,"href":"https:\/\/delices.lu\/de\/wp-json\/wp\/v2\/location?post=14784"},{"taxonomy":"product_brand","embeddable":true,"href":"https:\/\/delices.lu\/de\/wp-json\/wp\/v2\/product_brand?post=14784"},{"taxonomy":"product_cat","embeddable":true,"href":"https:\/\/delices.lu\/de\/wp-json\/wp\/v2\/product_cat?post=14784"},{"taxonomy":"product_tag","embeddable":true,"href":"https:\/\/delices.lu\/de\/wp-json\/wp\/v2\/product_tag?post=14784"}],"curies":[{"name":"wp","href":"https:\/\/api.w.org\/{rel}","templated":true}]}}