{"id":14788,"date":"2025-09-01T00:00:06","date_gmt":"2025-08-31T22:00:06","guid":{"rendered":"https:\/\/delices.lu\/produit\/tiefer-teller-amazonia-24-cm\/"},"modified":"2025-03-20T11:47:54","modified_gmt":"2025-03-20T10:47:54","slug":"tiefer-teller-amazonia-24-cm","status":"publish","type":"product","link":"https:\/\/delices.lu\/de\/produit\/tiefer-teller-amazonia-24-cm\/","title":{"rendered":"Tiefer Teller Amazonia 24 cm"},"content":{"rendered":"<p><strong>Stilvoll und vielseitig: der tiefe Teller Amazonia von Villeroy &amp; Boch<\/strong><br \/>\nMit dem Dekor Amazonia erg\u00e4nzt Villeroy &amp; Boch die beliebte Modern Grace Kollektion mit exotischen und bunten, vom Regenwald inspirierten Motiven, die auf dem Tisch alle Blicke auf sich ziehen. Servieren Sie eine k\u00f6stliche Suppe oder pr\u00e4sentieren Sie frisches Obst in diesem tiefen Teller mit seinem farbenfrohen und verf\u00fchrerischen Design. Dekorieren Sie Ihren Tisch mit Geschirr von h\u00f6chster Qualit\u00e4t!  <\/p>\n","protected":false},"excerpt":{"rendered":"<p>MATERIAL: Premium Bone Porcelain<br \/>\nGR\u00d6\u00dfE: ca. 24 cm und 270 ml<br \/>\nFARBE: mehrfarbig<br \/>\nGARANTIERT SP\u00dcLMASCHINENGARANTIE: Ja<br \/>\nMIKROWELLENKOMPATIBEL: Nein<br \/>\nGESCHENKVERPACKUNG: kostenlos, auf Anfrage<br \/>\nREF. ARTIKEL: 1035142700 <\/p>\n","protected":false},"featured_media":14790,"template":"","meta":[],"location":[959],"product_brand":[],"product_cat":[1354,2231,1309],"product_tag":[2373,2375,2344,2248],"class_list":{"0":"post-14788","1":"product","2":"type-product","3":"status-publish","4":"has-post-thumbnail","6":"location-0-shop","7":"product_cat-art-de-la-table-de","8":"product_cat-teller","9":"product_cat-villeroy-boch-de","10":"product_tag-amazonia-de","11":"product_tag-creuse-de","12":"product_tag-schmetterling","13":"product_tag-teller","15":"first","16":"instock","17":"shipping-taxable","18":"purchasable","19":"product-type-simple"},"supplier_id":9071,"supplier_sku":"1035142700","barcode":"4003686194588","atum_controlled":true,"out_stock_date":"2025-09-28 06:43:50","out_stock_threshold":0,"inheritable":false,"inbound_stock":0,"stock_on_hold":0,"sold_today":0,"sales_last_days":0,"reserved_stock":0,"customer_returns":0,"warehouse_damage":null,"lost_in_post":0,"other_logs":0,"out_stock_days":0,"lost_sales":0,"has_location":false,"update_date":"2025-09-28T04:43:53","atum_locations":[{"id":960,"name":"0 SHOP","slug":"0-shop"}],"atum_stock_status":"onbackorder","restock_status":false,"low_stock_amount":"","sales_update_date":"2025-07-19T06:26:49","calc_backorders":0,"locations":[],"_links":{"self":[{"href":"https:\/\/delices.lu\/de\/wp-json\/wp\/v2\/product\/14788","targetHints":{"allow":["GET"]}}],"collection":[{"href":"https:\/\/delices.lu\/de\/wp-json\/wp\/v2\/product"}],"about":[{"href":"https:\/\/delices.lu\/de\/wp-json\/wp\/v2\/types\/product"}],"wp:featuredmedia":[{"embeddable":true,"href":"https:\/\/delices.lu\/de\/wp-json\/wp\/v2\/media\/14790"}],"wp:attachment":[{"href":"https:\/\/delices.lu\/de\/wp-json\/wp\/v2\/media?parent=14788"}],"wp:term":[{"taxonomy":"location","embeddable":true,"href":"https:\/\/delices.lu\/de\/wp-json\/wp\/v2\/location?post=14788"},{"taxonomy":"product_brand","embeddable":true,"href":"https:\/\/delices.lu\/de\/wp-json\/wp\/v2\/product_brand?post=14788"},{"taxonomy":"product_cat","embeddable":true,"href":"https:\/\/delices.lu\/de\/wp-json\/wp\/v2\/product_cat?post=14788"},{"taxonomy":"product_tag","embeddable":true,"href":"https:\/\/delices.lu\/de\/wp-json\/wp\/v2\/product_tag?post=14788"}],"curies":[{"name":"wp","href":"https:\/\/api.w.org\/{rel}","templated":true}]}}