{"id":14796,"date":"2024-06-28T00:00:35","date_gmt":"2025-03-20T10:47:55","guid":{"rendered":"https:\/\/delices.lu\/produit\/newmoon-kaffeetasse-weiss-aus-hochwertigem-porzellan\/"},"modified":"2025-03-20T11:47:55","modified_gmt":"2025-03-20T10:47:55","slug":"newmoon-kaffeetasse-weiss-aus-hochwertigem-porzellan","status":"publish","type":"product","link":"https:\/\/delices.lu\/de\/produit\/newmoon-kaffeetasse-weiss-aus-hochwertigem-porzellan\/","title":{"rendered":"NewMoon &#8211; Kaffeetasse, wei\u00df, aus hochwertigem Porzellan"},"content":{"rendered":"<p><strong>Eine elegante wei\u00dfe Kaffeetasse<\/strong><br \/>\nDiese Kaffeetasse aus Porzellan ist von der Sch\u00f6nheit des Mondes und seiner majest\u00e4tischen Sichel inspiriert und weist perfekte Kurven auf. Der auff\u00e4llige Rand und die leichte Asymmetrie machen sie zu einer schlichten wei\u00dfen Kaffeetasse mit Charakter. Ihr gro\u00dfes Fassungsverm\u00f6gen ist perfekt f\u00fcr einen leckeren Kaffee oder Tee: Kombinieren Sie sie mit der Untertasse NewMoon aus Porzellan und legen Sie ein paar s\u00fc\u00dfe Leckereien in ein kleines Sch\u00e4lchen, um den Moment zu veredeln. Suchen Sie nach einem originellen Geschenk? Diese einzigartige Kaffeetasse ist perfekt, um Ihren Lieben eine Freude zu machen. Sie k\u00f6nnen sie mit anderem Designgeschirr von NewMoon oder der Kollektion Manufacture Rock mit ihrer modernen Schieferoptik kombinieren, um ein \u00fcberraschendes und einzigartiges Geschenk zu machen. Entdecken Sie ein Porzellan, das von der Sch\u00f6nheit des Mondes inspiriert wurde.      <\/p>\n","protected":false},"excerpt":{"rendered":"<p>NewMoon &#8211; Kaffee- oder Teetasse mit Henkel, wei\u00df<br \/>\nMATERIAL: Premium Porcelain<br \/>\nGR\u00d6\u00dfE: ca. 190 ml<br \/>\nFARBE: wei\u00df<br \/>\nGARANTIERT SP\u00dcLMASCHINENGARANTIE: Ja<br \/>\nMIKROWELLENKOMPATIBEL: Ja<br \/>\nGESCHENKVERPACKUNG: kostenlos, auf Anfrage<br \/>\nREF. ARTIKEL: 1042641300 <\/p>\n","protected":false},"featured_media":14797,"template":"","meta":[],"location":[964],"product_brand":[],"product_cat":[1354,2296,2235,1309],"product_tag":[2315,2297,2165,2260,2299],"class_list":{"0":"post-14796","1":"product","2":"type-product","3":"status-publish","4":"has-post-thumbnail","6":"location-06-2","7":"product_cat-art-de-la-table-de","8":"product_cat-newmoon-de","9":"product_cat-tasse-de","10":"product_cat-villeroy-boch-de","11":"product_tag-halbmond","12":"product_tag-newmoon-de","13":"product_tag-tasse-de","14":"product_tag-tasse-ohne-untertasse","15":"product_tag-weis-de","17":"first","18":"instock","19":"shipping-taxable","20":"purchasable","21":"product-type-simple"},"supplier_id":9071,"supplier_sku":"1042641300","barcode":"4003686386624","atum_controlled":true,"out_stock_date":null,"out_stock_threshold":0,"inheritable":false,"inbound_stock":0,"stock_on_hold":0,"sold_today":0,"sales_last_days":0,"reserved_stock":0,"customer_returns":0,"warehouse_damage":null,"lost_in_post":0,"other_logs":0,"out_stock_days":0,"lost_sales":0,"has_location":false,"update_date":"2025-07-19T06:26:33","atum_locations":[{"id":855,"name":"062","slug":"062"}],"atum_stock_status":"instock","restock_status":false,"low_stock_amount":"","sales_update_date":"2025-07-19T06:26:33","calc_backorders":0,"locations":[],"_links":{"self":[{"href":"https:\/\/delices.lu\/de\/wp-json\/wp\/v2\/product\/14796","targetHints":{"allow":["GET"]}}],"collection":[{"href":"https:\/\/delices.lu\/de\/wp-json\/wp\/v2\/product"}],"about":[{"href":"https:\/\/delices.lu\/de\/wp-json\/wp\/v2\/types\/product"}],"wp:featuredmedia":[{"embeddable":true,"href":"https:\/\/delices.lu\/de\/wp-json\/wp\/v2\/media\/14797"}],"wp:attachment":[{"href":"https:\/\/delices.lu\/de\/wp-json\/wp\/v2\/media?parent=14796"}],"wp:term":[{"taxonomy":"location","embeddable":true,"href":"https:\/\/delices.lu\/de\/wp-json\/wp\/v2\/location?post=14796"},{"taxonomy":"product_brand","embeddable":true,"href":"https:\/\/delices.lu\/de\/wp-json\/wp\/v2\/product_brand?post=14796"},{"taxonomy":"product_cat","embeddable":true,"href":"https:\/\/delices.lu\/de\/wp-json\/wp\/v2\/product_cat?post=14796"},{"taxonomy":"product_tag","embeddable":true,"href":"https:\/\/delices.lu\/de\/wp-json\/wp\/v2\/product_tag?post=14796"}],"curies":[{"name":"wp","href":"https:\/\/api.w.org\/{rel}","templated":true}]}}