{"id":14801,"date":"2024-07-05T00:00:48","date_gmt":"2025-03-20T10:47:55","guid":{"rendered":"https:\/\/delices.lu\/produit\/lave-gris-graue-untertasse-fuer-eine-kaffeetasse-aus-steingut\/"},"modified":"2025-03-20T11:47:55","modified_gmt":"2025-03-20T10:47:55","slug":"lave-gris-graue-untertasse-fuer-eine-kaffeetasse-aus-steingut","status":"publish","type":"product","link":"https:\/\/delices.lu\/de\/produit\/lave-gris-graue-untertasse-fuer-eine-kaffeetasse-aus-steingut\/","title":{"rendered":"Lave Gris &#8211; Graue Untertasse f\u00fcr eine Kaffeetasse, aus Steingut"},"content":{"rendered":"<p><strong>Eine trendige Untertasse, um den Moment des Kaffees zu sublimieren<\/strong><br \/>\nIdeal zum Servieren eines kleinen Macarons oder eines St\u00fccks Schokolade als Snack oder f\u00fcr Ihre Gourmetpause am Vormittag, passt diese Kaffeeuntertasse auf eine Tasse mit einer Gr\u00f6\u00dfe von 15,5 cm. Sie k\u00f6nnen also eine Kaffeetasse aus der Lave Kollektion auf diese Untertasse stellen, wobei Sie die Farben variieren k\u00f6nnen, wenn Sie m\u00f6chten. Der skandinavische Stil dieser Kaffeeuntertasse ist nicht zu \u00fcbersehen. M\u00f6chten Sie Ihren Kaffeemomenten einen Hauch von Authentizit\u00e4t verleihen? W\u00e4hlen Sie ein sch\u00f6nes Design-Geschirr f\u00fcr Ihr Zuhause und lassen Sie Ihrer Kreativit\u00e4t freien Lauf! Diese graue Untertasse aus Steingut ist eine sch\u00f6ne Entdeckung und eignet sich perfekt, um mit der Zusammenstellung eines einzigartigen Kaffeeservices zu beginnen. Unterstreichen Sie Ihren pers\u00f6nlichen Stil mit einem au\u00dfergew\u00f6hnlichen Geschirrdesign.      <\/p>\n","protected":false},"excerpt":{"rendered":"<p>MATERIAL: Steingut<br \/>\nFARBE: grau<br \/>\nGARANTIE SP\u00dcLMASCHINENGARANTIE: Ja<br \/>\nMIKROWELLENKOMPATIBEL: Ja<br \/>\nREF. ARTIKEL: 1042591310 <\/p>\n","protected":false},"featured_media":14802,"template":"","meta":[],"location":[959,974],"product_brand":[],"product_cat":[1354,2266,1309],"product_tag":[2245,2300,2227,2267,2320],"class_list":{"0":"post-14801","1":"product","2":"type-product","3":"status-publish","4":"has-post-thumbnail","6":"location-0-shop","7":"location-04-4","8":"product_cat-art-de-la-table-de","9":"product_cat-untertasse","10":"product_cat-villeroy-boch-de","11":"product_tag-grau","12":"product_tag-untertasse-de","13":"product_tag-untertasse","14":"product_tag-untertasse-ohne-tasse","15":"product_tag-waschmaschine","17":"first","18":"instock","19":"shipping-taxable","20":"purchasable","21":"product-type-simple"},"supplier_id":9071,"supplier_sku":"1042591310","barcode":"4003686402492","atum_controlled":true,"out_stock_date":null,"out_stock_threshold":0,"inheritable":false,"inbound_stock":0,"stock_on_hold":0,"sold_today":0,"sales_last_days":0,"reserved_stock":0,"customer_returns":0,"warehouse_damage":null,"lost_in_post":0,"other_logs":0,"out_stock_days":0,"lost_sales":0,"has_location":false,"update_date":"2025-07-19T06:26:39","atum_locations":[{"id":960,"name":"0 SHOP","slug":"0-shop"},{"id":867,"name":"044","slug":"044"}],"atum_stock_status":"instock","restock_status":false,"low_stock_amount":"","sales_update_date":"2025-07-19T06:26:39","calc_backorders":0,"locations":[],"_links":{"self":[{"href":"https:\/\/delices.lu\/de\/wp-json\/wp\/v2\/product\/14801","targetHints":{"allow":["GET"]}}],"collection":[{"href":"https:\/\/delices.lu\/de\/wp-json\/wp\/v2\/product"}],"about":[{"href":"https:\/\/delices.lu\/de\/wp-json\/wp\/v2\/types\/product"}],"wp:featuredmedia":[{"embeddable":true,"href":"https:\/\/delices.lu\/de\/wp-json\/wp\/v2\/media\/14802"}],"wp:attachment":[{"href":"https:\/\/delices.lu\/de\/wp-json\/wp\/v2\/media?parent=14801"}],"wp:term":[{"taxonomy":"location","embeddable":true,"href":"https:\/\/delices.lu\/de\/wp-json\/wp\/v2\/location?post=14801"},{"taxonomy":"product_brand","embeddable":true,"href":"https:\/\/delices.lu\/de\/wp-json\/wp\/v2\/product_brand?post=14801"},{"taxonomy":"product_cat","embeddable":true,"href":"https:\/\/delices.lu\/de\/wp-json\/wp\/v2\/product_cat?post=14801"},{"taxonomy":"product_tag","embeddable":true,"href":"https:\/\/delices.lu\/de\/wp-json\/wp\/v2\/product_tag?post=14801"}],"curies":[{"name":"wp","href":"https:\/\/api.w.org\/{rel}","templated":true}]}}