{"id":14805,"date":"2024-10-10T00:00:18","date_gmt":"2025-03-20T10:47:55","guid":{"rendered":"https:\/\/delices.lu\/produit\/lave-glace-kaffeetasse-blau-aus-steingut\/"},"modified":"2025-03-20T11:47:55","modified_gmt":"2025-03-20T10:47:55","slug":"lave-glace-kaffeetasse-blau-aus-steingut","status":"publish","type":"product","link":"https:\/\/delices.lu\/de\/produit\/lave-glace-kaffeetasse-blau-aus-steingut\/","title":{"rendered":"Lave Glac\u00e9 &#8211; Kaffeetasse, blau, aus Steingut"},"content":{"rendered":"<p><strong>Eine Kaffeetasse im trendigen T\u00f6pferstil<\/strong><br \/>\nM\u00f6chten Sie ein komplettes Kaffeeservice zusammenstellen? Entdecken Sie auch die Untertassen der Kollektion Lave und mischen Sie die Farben. F\u00fcr noch mehr Originalit\u00e4t entdecken Sie das Manufacture Rock Porzellan Geschirr in Schieferoptik, das perfekt zum T\u00f6pferstil dieser Kaffeetasse passt! Wenn Sie nach einem einzigartigen St\u00fcck suchen, m\u00fcssen Sie diese Kaffeetasse unbedingt haben! Mit ihrem einzigartigen Stil bietet die Steinguttasse sch\u00f6ne Farbnuancen, die T\u00fcrkis-, Blau- und Braunt\u00f6ne subtil kombinieren. Der Henkel macht die Tasse sehr ergonomisch und praktisch f\u00fcr den Alltag. Unterstreichen Sie Ihren pers\u00f6nlichen Stil mit einem au\u00dfergew\u00f6hnlichen Geschirrdesign.      <\/p>\n","protected":false},"excerpt":{"rendered":"<p>MATERIAL: Steingut<br \/>\nGR\u00d6\u00dfE: ca. 190 ml<br \/>\nFARBE: t\u00fcrkis<br \/>\nGARANTIERT SP\u00dcLMASCHINENGARANTIE: Ja<br \/>\nMIKROWELLENKOMPATIBEL: Ja<br \/>\nREF. ARTIKEL: 1042821300 <\/p>\n","protected":false},"featured_media":14806,"template":"","meta":[],"location":[959],"product_brand":[],"product_cat":[1354,2235,1309],"product_tag":[2318,2165,2260,2317],"class_list":{"0":"post-14805","1":"product","2":"type-product","3":"status-publish","4":"has-post-thumbnail","6":"location-0-shop","7":"product_cat-art-de-la-table-de","8":"product_cat-tasse-de","9":"product_cat-villeroy-boch-de","10":"product_tag-eisgekuhlte-wasche","11":"product_tag-tasse-de","12":"product_tag-tasse-ohne-untertasse","13":"product_tag-turkis","15":"first","16":"instock","17":"shipping-taxable","18":"purchasable","19":"product-type-simple"},"supplier_id":9071,"supplier_sku":"1042821300","barcode":"4003686386624","atum_controlled":true,"out_stock_date":"2024-10-11 10:57:51","out_stock_threshold":0,"inheritable":false,"inbound_stock":0,"stock_on_hold":0,"sold_today":0,"sales_last_days":0,"reserved_stock":0,"customer_returns":0,"warehouse_damage":null,"lost_in_post":0,"other_logs":0,"out_stock_days":280,"lost_sales":0,"has_location":false,"update_date":"2025-07-19T06:26:41","atum_locations":[{"id":960,"name":"0 SHOP","slug":"0-shop"}],"atum_stock_status":"onbackorder","restock_status":false,"low_stock_amount":"","sales_update_date":"2025-07-19T06:26:41","calc_backorders":0,"locations":[],"_links":{"self":[{"href":"https:\/\/delices.lu\/de\/wp-json\/wp\/v2\/product\/14805","targetHints":{"allow":["GET"]}}],"collection":[{"href":"https:\/\/delices.lu\/de\/wp-json\/wp\/v2\/product"}],"about":[{"href":"https:\/\/delices.lu\/de\/wp-json\/wp\/v2\/types\/product"}],"wp:featuredmedia":[{"embeddable":true,"href":"https:\/\/delices.lu\/de\/wp-json\/wp\/v2\/media\/14806"}],"wp:attachment":[{"href":"https:\/\/delices.lu\/de\/wp-json\/wp\/v2\/media?parent=14805"}],"wp:term":[{"taxonomy":"location","embeddable":true,"href":"https:\/\/delices.lu\/de\/wp-json\/wp\/v2\/location?post=14805"},{"taxonomy":"product_brand","embeddable":true,"href":"https:\/\/delices.lu\/de\/wp-json\/wp\/v2\/product_brand?post=14805"},{"taxonomy":"product_cat","embeddable":true,"href":"https:\/\/delices.lu\/de\/wp-json\/wp\/v2\/product_cat?post=14805"},{"taxonomy":"product_tag","embeddable":true,"href":"https:\/\/delices.lu\/de\/wp-json\/wp\/v2\/product_tag?post=14805"}],"curies":[{"name":"wp","href":"https:\/\/api.w.org\/{rel}","templated":true}]}}