{"id":14810,"date":"2024-07-05T00:00:45","date_gmt":"2025-03-20T10:47:56","guid":{"rendered":"https:\/\/delices.lu\/produit\/lave-beige-schale-beige-17-x-17-x-55-cm-600-ml\/"},"modified":"2025-03-20T11:47:56","modified_gmt":"2025-03-20T10:47:56","slug":"lave-beige-schale-beige-17-x-17-x-55-cm-600-ml","status":"publish","type":"product","link":"https:\/\/delices.lu\/de\/produit\/lave-beige-schale-beige-17-x-17-x-55-cm-600-ml\/","title":{"rendered":"Lave Beige Schale, beige, 17 x 17 x 5,5 cm, 600 ml"},"content":{"rendered":"<p><strong>Praktisch und angenehm &#8211; von M\u00fcsli bis Salat<\/strong><br \/>\nDie Steinzeugkollektion Lave besticht durch ihre lebhaften Farben und ihr skandinavisches Design. Die spezielle Glasur erzeugt immer wieder neue Farbnuancen, so dass jedes St\u00fcck ein einzigartiges Kunstwerk ist, das K\u00f6stlichkeiten auf eine wirklich originelle Art und Weise in Szene zu setzen wei\u00df. Diese tiefe Schale ist ideal f\u00fcr Fr\u00fchst\u00fccksm\u00fcsli, Ihr Lieblingsgericht in einer Schale, Beilagen oder einfach eine sch\u00f6ne, dekorative Schale, um kleine Snacks oder S\u00fc\u00dfigkeiten zu pr\u00e4sentieren. Unterstreichen Sie Ihren pers\u00f6nlichen Stil mit einem au\u00dfergew\u00f6hnlichen Geschirrdesign.   <\/p>\n","protected":false},"excerpt":{"rendered":"<p>MATERIAL: Steingut<br \/>\nDURCHMESSER: ca. 170 mm<br \/>\nGR\u00d6SSE: ca. 600 ml<br \/>\nFARBE: beige<br \/>\nGARANTIE SP\u00dcLMASCHINENGARANTIE: Ja<br \/>\nMIKROWELLENKOMPATIBEL: Ja<br \/>\nREF. ARTIKEL: 1042811900 <\/p>\n","protected":false},"featured_media":14817,"template":"","meta":[],"location":[959,975],"product_brand":[],"product_cat":[1354,1355,1309],"product_tag":[2343,1359,2377],"class_list":{"0":"post-14810","1":"product","2":"type-product","3":"status-publish","4":"has-post-thumbnail","6":"location-0-shop","7":"location-04-5","8":"product_cat-art-de-la-table-de","9":"product_cat-bol-de","10":"product_cat-villeroy-boch-de","11":"product_tag-beige-de","12":"product_tag-bol-de","13":"product_tag-einzigartige-form","15":"first","16":"instock","17":"shipping-taxable","18":"purchasable","19":"product-type-simple"},"supplier_id":9071,"supplier_sku":"1042811900","barcode":"4003686403468","atum_controlled":true,"out_stock_date":null,"out_stock_threshold":0,"inheritable":false,"inbound_stock":0,"stock_on_hold":0,"sold_today":0,"sales_last_days":0,"reserved_stock":0,"customer_returns":0,"warehouse_damage":null,"lost_in_post":0,"other_logs":0,"out_stock_days":0,"lost_sales":0,"has_location":false,"update_date":"2025-07-19T06:26:24","atum_locations":[{"id":960,"name":"0 SHOP","slug":"0-shop"},{"id":868,"name":"045","slug":"045"}],"atum_stock_status":"instock","restock_status":false,"low_stock_amount":"","sales_update_date":"2025-07-19T06:26:24","calc_backorders":0,"locations":[],"_links":{"self":[{"href":"https:\/\/delices.lu\/de\/wp-json\/wp\/v2\/product\/14810","targetHints":{"allow":["GET"]}}],"collection":[{"href":"https:\/\/delices.lu\/de\/wp-json\/wp\/v2\/product"}],"about":[{"href":"https:\/\/delices.lu\/de\/wp-json\/wp\/v2\/types\/product"}],"wp:featuredmedia":[{"embeddable":true,"href":"https:\/\/delices.lu\/de\/wp-json\/wp\/v2\/media\/14817"}],"wp:attachment":[{"href":"https:\/\/delices.lu\/de\/wp-json\/wp\/v2\/media?parent=14810"}],"wp:term":[{"taxonomy":"location","embeddable":true,"href":"https:\/\/delices.lu\/de\/wp-json\/wp\/v2\/location?post=14810"},{"taxonomy":"product_brand","embeddable":true,"href":"https:\/\/delices.lu\/de\/wp-json\/wp\/v2\/product_brand?post=14810"},{"taxonomy":"product_cat","embeddable":true,"href":"https:\/\/delices.lu\/de\/wp-json\/wp\/v2\/product_cat?post=14810"},{"taxonomy":"product_tag","embeddable":true,"href":"https:\/\/delices.lu\/de\/wp-json\/wp\/v2\/product_tag?post=14810"}],"curies":[{"name":"wp","href":"https:\/\/api.w.org\/{rel}","templated":true}]}}