{"id":14824,"date":"2024-10-09T00:00:18","date_gmt":"2025-03-20T10:48:04","guid":{"rendered":"https:\/\/delices.lu\/produit\/manufacture-rock-3er-set-kleine-schwarze-schalen-auf-platte\/"},"modified":"2025-03-20T11:48:04","modified_gmt":"2025-03-20T10:48:04","slug":"manufacture-rock-3er-set-kleine-schwarze-schalen-auf-platte","status":"publish","type":"product","link":"https:\/\/delices.lu\/de\/produit\/manufacture-rock-3er-set-kleine-schwarze-schalen-auf-platte\/","title":{"rendered":"Manufacture Rock &#8211; 3er-Set, kleine schwarze Schalen auf Platte"},"content":{"rendered":"<p><strong>Set bestehend aus 3 kleinen Schalen, ideal f\u00fcr Aperitif, So\u00dfen oder Suppen<\/strong><br \/>\n\u00dcberraschen Sie Ihre G\u00e4ste mit dem Tafelservice aus der Kollektion Manufacture Rock! Flache und tiefe Teller, Weingl\u00e4ser, Untertassen und Kaffeetassen, Vasen, Kerzenst\u00e4nder&#8230; die St\u00fccke dieser Kollektion sind perfekt aufeinander abgestimmt, um Ihnen eine einzigartige Tischdekoration zu garantieren. Die innovative Verwendung von Materialien erm\u00f6glicht die Gestaltung von Geschirrsets mit Schieferoptik und au\u00dfergew\u00f6hnlicher Haptik. Diese trendige Kollektion zeichnet sich durch ein ausdrucksstarkes Schwarz und eine originelle Reliefoberfl\u00e4che aus. Lassen Sie Ihren W\u00fcnschen freien Lauf und stellen Sie sich Ihr eigenes komplettes Tafelservice zusammen. Kombinieren Sie matte und gl\u00e4nzende Oberfl\u00e4chen, um eine schicke und warme Atmosph\u00e4re am Tisch zu schaffen! Vom Aperitif bis zum Dessert, diese Porzellanschalen begleiten Sie durch die k\u00f6stlichen Momente mit der Familie oder mit Freunden. Diese h\u00fcbschen Schalen k\u00f6nnen als Beh\u00e4lter f\u00fcr Aperitifgeb\u00e4ck, Dips, Suppen oder M\u00fcsli verwendet werden und eignen sich f\u00fcr jede Gelegenheit. Auf einer Servierplatte angerichtet, werden diese kleinen schwarzen Schalen auf Ihrem gedeckten Abendbrottisch eine gute Figur machen. Genie\u00dfen Sie das charaktervolle Design. Das Set besteht aus:          <\/p>\n<p>3 x Dipschale, 60ml<br \/>\n1 x Teller, 28 x 16.9cm<\/p>\n","protected":false},"excerpt":{"rendered":"<p>MATERIAL: Hochwertiges Porzellan<br \/>\nFARBE: Schwarz<br \/>\nGARANTIE SP\u00dcLGER\u00c4TE: nicht<br \/>\nMIKROWELLENKOMPATIBEL: nicht<br \/>\nGESCHENKVERPACKUNG: kostenlos, auf Anfrage<br \/>\nREF. ARTIKEL: 1042399023 <\/p>\n","protected":false},"featured_media":14381,"template":"","meta":[],"location":[959,962,961],"product_brand":[],"product_cat":[1354,2242,2287,1309],"product_tag":[2293,2255,2292,2288,2290],"class_list":{"0":"post-14824","1":"product","2":"type-product","3":"status-publish","4":"has-post-thumbnail","6":"location-0-shop","7":"location-06-4","8":"location-06-5","9":"product_cat-art-de-la-table-de","10":"product_cat-schussel","11":"product_cat-teller-de","12":"product_cat-villeroy-boch-de","13":"product_tag-gewurze","14":"product_tag-manufaktur-rock","15":"product_tag-schalen","16":"product_tag-schwarz-matt","17":"product_tag-set-mit-4-stuck","19":"first","20":"instock","21":"shipping-taxable","22":"purchasable","23":"product-type-variable"},"supplier_id":9071,"supplier_sku":"1042399023","barcode":"4003686395060","atum_controlled":true,"out_stock_date":null,"out_stock_threshold":0,"inheritable":true,"inbound_stock":0,"stock_on_hold":0,"sold_today":0,"sales_last_days":0,"reserved_stock":0,"customer_returns":0,"warehouse_damage":null,"lost_in_post":0,"other_logs":0,"out_stock_days":0,"lost_sales":0,"has_location":true,"update_date":"2025-07-19T06:26:34","atum_locations":[{"id":960,"name":"0 SHOP","slug":"0-shop"},{"id":857,"name":"064","slug":"064"},{"id":858,"name":"065","slug":"065"}],"atum_stock_status":"instock","restock_status":false,"low_stock_amount":"","sales_update_date":"2025-07-19T06:26:34","calc_backorders":0,"locations":[],"_links":{"self":[{"href":"https:\/\/delices.lu\/de\/wp-json\/wp\/v2\/product\/14824","targetHints":{"allow":["GET"]}}],"collection":[{"href":"https:\/\/delices.lu\/de\/wp-json\/wp\/v2\/product"}],"about":[{"href":"https:\/\/delices.lu\/de\/wp-json\/wp\/v2\/types\/product"}],"wp:featuredmedia":[{"embeddable":true,"href":"https:\/\/delices.lu\/de\/wp-json\/wp\/v2\/media\/14381"}],"wp:attachment":[{"href":"https:\/\/delices.lu\/de\/wp-json\/wp\/v2\/media?parent=14824"}],"wp:term":[{"taxonomy":"location","embeddable":true,"href":"https:\/\/delices.lu\/de\/wp-json\/wp\/v2\/location?post=14824"},{"taxonomy":"product_brand","embeddable":true,"href":"https:\/\/delices.lu\/de\/wp-json\/wp\/v2\/product_brand?post=14824"},{"taxonomy":"product_cat","embeddable":true,"href":"https:\/\/delices.lu\/de\/wp-json\/wp\/v2\/product_cat?post=14824"},{"taxonomy":"product_tag","embeddable":true,"href":"https:\/\/delices.lu\/de\/wp-json\/wp\/v2\/product_tag?post=14824"}],"curies":[{"name":"wp","href":"https:\/\/api.w.org\/{rel}","templated":true}]}}