{"id":14830,"date":"2024-06-09T00:00:02","date_gmt":"2025-03-20T10:48:05","guid":{"rendered":"https:\/\/delices.lu\/produit\/la-divina-bordeaux-glas-4-stueck\/"},"modified":"2025-03-20T11:48:05","modified_gmt":"2025-03-20T10:48:05","slug":"la-divina-bordeaux-glas-4-stueck","status":"publish","type":"product","link":"https:\/\/delices.lu\/de\/produit\/la-divina-bordeaux-glas-4-stueck\/","title":{"rendered":"La Divina Bordeaux Glas, 4 St\u00fcck"},"content":{"rendered":"<p><strong>Elegante Gl\u00e4ser in zeitloser Form mit einem feinen Rand<\/strong><br \/>\nDie Glaskollektion La Divina mit ihrem eleganten und zeitlosen Design erf\u00fcllt genau die anspruchsvollsten Erwartungen und ist perfekt f\u00fcr elegante Anl\u00e4sse. Diese Rotweingl\u00e4ser f\u00fcr den Genuss eines aromatischen Bordeaux bestechen durch ihr klassisches Design und die feinen, abgerundeten Linien. Setzen Sie auf ein geschmackvolles Ambiente.  <\/p>\n","protected":false},"excerpt":{"rendered":"<p>MATERIAL: Kristallglas<br \/>\nDURCHMESSER: ca. 100 mm<br \/>\nGR\u00d6SSE: ca. 650 ml<br \/>\nFARBE: transparent<br \/>\nGARANTIERT SP\u00dcLMASCHINENGARANTIE: Ja<br \/>\nMIKROWELLENKOMPATIBEL: Nein<br \/>\nGESCHENKVERPACKUNG: kostenlos, auf Anfrage<br \/>\nREF. ARTIKEL: 1136678111 <\/p>\n","protected":false},"featured_media":14832,"template":"","meta":[],"location":[959],"product_brand":[],"product_cat":[1354,2359,1309],"product_tag":[2211,2381,2378,2379],"class_list":{"0":"post-14830","1":"product","2":"type-product","3":"status-publish","4":"has-post-thumbnail","6":"location-0-shop","7":"product_cat-art-de-la-table-de","8":"product_cat-glas","9":"product_cat-villeroy-boch-de","10":"product_tag-glas","11":"product_tag-glas-in-bordeaux","12":"product_tag-kristallin","13":"product_tag-set-aus-4-glasern","15":"first","16":"instock","17":"shipping-taxable","18":"purchasable","19":"product-type-simple"},"supplier_id":9071,"supplier_sku":"1136678111","barcode":"4003686389120","atum_controlled":true,"out_stock_date":null,"out_stock_threshold":0,"inheritable":false,"inbound_stock":0,"stock_on_hold":0,"sold_today":0,"sales_last_days":0,"reserved_stock":0,"customer_returns":0,"warehouse_damage":null,"lost_in_post":0,"other_logs":0,"out_stock_days":0,"lost_sales":0,"has_location":false,"update_date":"2025-07-19T06:26:23","atum_locations":[{"id":960,"name":"0 SHOP","slug":"0-shop"}],"atum_stock_status":"instock","restock_status":false,"low_stock_amount":"","sales_update_date":"2025-07-19T06:26:23","calc_backorders":0,"locations":[],"_links":{"self":[{"href":"https:\/\/delices.lu\/de\/wp-json\/wp\/v2\/product\/14830","targetHints":{"allow":["GET"]}}],"collection":[{"href":"https:\/\/delices.lu\/de\/wp-json\/wp\/v2\/product"}],"about":[{"href":"https:\/\/delices.lu\/de\/wp-json\/wp\/v2\/types\/product"}],"wp:featuredmedia":[{"embeddable":true,"href":"https:\/\/delices.lu\/de\/wp-json\/wp\/v2\/media\/14832"}],"wp:attachment":[{"href":"https:\/\/delices.lu\/de\/wp-json\/wp\/v2\/media?parent=14830"}],"wp:term":[{"taxonomy":"location","embeddable":true,"href":"https:\/\/delices.lu\/de\/wp-json\/wp\/v2\/location?post=14830"},{"taxonomy":"product_brand","embeddable":true,"href":"https:\/\/delices.lu\/de\/wp-json\/wp\/v2\/product_brand?post=14830"},{"taxonomy":"product_cat","embeddable":true,"href":"https:\/\/delices.lu\/de\/wp-json\/wp\/v2\/product_cat?post=14830"},{"taxonomy":"product_tag","embeddable":true,"href":"https:\/\/delices.lu\/de\/wp-json\/wp\/v2\/product_tag?post=14830"}],"curies":[{"name":"wp","href":"https:\/\/api.w.org\/{rel}","templated":true}]}}