{"id":14852,"date":"2024-10-10T00:00:15","date_gmt":"2025-03-20T10:48:06","guid":{"rendered":"https:\/\/delices.lu\/produit\/lave-glace-untertasse-fuer-kaffee-blau-aus-steingut\/"},"modified":"2025-03-20T11:48:06","modified_gmt":"2025-03-20T10:48:06","slug":"lave-glace-untertasse-fuer-kaffee-blau-aus-steingut","status":"publish","type":"product","link":"https:\/\/delices.lu\/de\/produit\/lave-glace-untertasse-fuer-kaffee-blau-aus-steingut\/","title":{"rendered":"Lave Glac\u00e9 &#8211; Untertasse f\u00fcr Kaffee, blau, aus Steingut"},"content":{"rendered":"<p><strong>Eine Untertasse f\u00fcr eine Kaffeetasse in einem sch\u00f6nen T\u00f6pferei-Stil<\/strong><br \/>\nDa jede Untertasse aus Steinzeug einzigartig ist, k\u00f6nnen Sie mehrere in der gleichen Farbe kaufen oder die Farben variieren, um noch mehr Originalit\u00e4t zu erzielen. Entdecken Sie auch die Kaffeetassen aus der gleichen Kollektion und stellen Sie sich ein komplettes Kaffeeservice zusammen, das zu Ihnen passt! Die Raffinesse dieser Kaffeeuntertasse wird Sie zum Schmelzen bringen. Praktisch, um Ihre Kaffeetasse abzustellen, k\u00f6nnen Sie sie auch benutzen, um ein paar s\u00fc\u00dfe Leckereien zu servieren, wenn Sie Freunde empfangen. So wird der Moment des Kaffees noch k\u00f6stlicher! Unterstreichen Sie Ihren pers\u00f6nlichen Stil mit einem au\u00dfergew\u00f6hnlichen Geschirrdesign.     <\/p>\n","protected":false},"excerpt":{"rendered":"<p>MATERIAL: Steingut<br \/>\nFARBE: T\u00fcrkis<br \/>\nGARANTIERT SP\u00dcLMASCHINENGARANTIE: Ja<br \/>\nMIKROWELLENKOMPATIBEL: Ja<br \/>\nREF. ARTIKEL: 1042821310 <\/p>\n","protected":false},"featured_media":14854,"template":"","meta":[],"location":[959],"product_brand":[],"product_cat":[1354,2266,1309],"product_tag":[2318,2317,2300,2267],"class_list":{"0":"post-14852","1":"product","2":"type-product","3":"status-publish","4":"has-post-thumbnail","6":"location-0-shop","7":"product_cat-art-de-la-table-de","8":"product_cat-untertasse","9":"product_cat-villeroy-boch-de","10":"product_tag-eisgekuhlte-wasche","11":"product_tag-turkis","12":"product_tag-untertasse-de","13":"product_tag-untertasse-ohne-tasse","15":"first","16":"instock","17":"shipping-taxable","18":"purchasable","19":"product-type-simple"},"supplier_id":9071,"supplier_sku":"1042821310","barcode":"4003686403680","atum_controlled":true,"out_stock_date":"2024-10-11 10:58:11","out_stock_threshold":0,"inheritable":false,"inbound_stock":0,"stock_on_hold":0,"sold_today":0,"sales_last_days":0,"reserved_stock":0,"customer_returns":0,"warehouse_damage":null,"lost_in_post":0,"other_logs":0,"out_stock_days":280,"lost_sales":0,"has_location":false,"update_date":"2025-07-19T06:26:41","atum_locations":[{"id":960,"name":"0 SHOP","slug":"0-shop"}],"atum_stock_status":"onbackorder","restock_status":false,"low_stock_amount":"","sales_update_date":"2025-07-19T06:26:41","calc_backorders":0,"locations":[],"_links":{"self":[{"href":"https:\/\/delices.lu\/de\/wp-json\/wp\/v2\/product\/14852","targetHints":{"allow":["GET"]}}],"collection":[{"href":"https:\/\/delices.lu\/de\/wp-json\/wp\/v2\/product"}],"about":[{"href":"https:\/\/delices.lu\/de\/wp-json\/wp\/v2\/types\/product"}],"wp:featuredmedia":[{"embeddable":true,"href":"https:\/\/delices.lu\/de\/wp-json\/wp\/v2\/media\/14854"}],"wp:attachment":[{"href":"https:\/\/delices.lu\/de\/wp-json\/wp\/v2\/media?parent=14852"}],"wp:term":[{"taxonomy":"location","embeddable":true,"href":"https:\/\/delices.lu\/de\/wp-json\/wp\/v2\/location?post=14852"},{"taxonomy":"product_brand","embeddable":true,"href":"https:\/\/delices.lu\/de\/wp-json\/wp\/v2\/product_brand?post=14852"},{"taxonomy":"product_cat","embeddable":true,"href":"https:\/\/delices.lu\/de\/wp-json\/wp\/v2\/product_cat?post=14852"},{"taxonomy":"product_tag","embeddable":true,"href":"https:\/\/delices.lu\/de\/wp-json\/wp\/v2\/product_tag?post=14852"}],"curies":[{"name":"wp","href":"https:\/\/api.w.org\/{rel}","templated":true}]}}