{"id":14853,"date":"2024-05-14T00:00:45","date_gmt":"2025-03-20T10:48:06","guid":{"rendered":"https:\/\/delices.lu\/produit\/crafted-denim-schuessel-780-ml-blau\/"},"modified":"2025-03-20T11:48:06","modified_gmt":"2025-03-20T10:48:06","slug":"crafted-denim-schuessel-780-ml-blau","status":"publish","type":"product","link":"https:\/\/delices.lu\/de\/produit\/crafted-denim-schuessel-780-ml-blau\/","title":{"rendered":"Crafted Denim Sch\u00fcssel, 780 ml, blau"},"content":{"rendered":"<p><strong>Eine vielseitige und elegante Schale<\/strong><br \/>\nAu\u00dfen handwerklich, innen raffiniert: das ist die Crafted-Kollektion von like. by Villeroy &amp; Boch. Dank der speziellen reaktiven Glasur ist jedes St\u00fcck ein Unikat und verleiht dem Tisch eine pers\u00f6nliche Note. Mit dieser vielseitigen Schale k\u00f6nnen Sie Ihr M\u00fcsli zum Fr\u00fchst\u00fcck genie\u00dfen oder Beilagen zum Mittagessen servieren. Holen Sie sich den rustikalen Charme auf Ihren Tisch.    <\/p>\n","protected":false},"excerpt":{"rendered":"<p>MATERIAL: Premium Porcelain<br \/>\nDURCHMESSER: ca. 158 mm<br \/>\nGR\u00d6\u00dfE: ca. 780 ml<br \/>\nFARBE: blau<br \/>\nGARANTIERT SP\u00dcLMASCHINENGARANTIE: Ja<br \/>\nMIKROWELLENKOMPATIBEL: Ja<br \/>\nGESCHENKVERPACKUNG: Kostenlos, auf Anfrage<br \/>\nREF. ARTIKEL: 1951681900 <\/p>\n","protected":false},"featured_media":14856,"template":"","meta":[],"location":[959],"product_brand":[],"product_cat":[1354,1355,2287,1309],"product_tag":[2240,2384,2370,2257],"class_list":{"0":"post-14853","1":"product","2":"type-product","3":"status-publish","4":"has-post-thumbnail","6":"location-0-shop","7":"product_cat-art-de-la-table-de","8":"product_cat-bol-de","9":"product_cat-teller-de","10":"product_cat-villeroy-boch-de","11":"product_tag-blau","12":"product_tag-denim-de","13":"product_tag-hohle-platte","14":"product_tag-jeans-de","16":"first","17":"instock","18":"shipping-taxable","19":"purchasable","20":"product-type-simple"},"supplier_id":9071,"supplier_sku":"1951681900","barcode":"4003686397651","atum_controlled":true,"out_stock_date":null,"out_stock_threshold":0,"inheritable":false,"inbound_stock":0,"stock_on_hold":0,"sold_today":0,"sales_last_days":0,"reserved_stock":0,"customer_returns":0,"warehouse_damage":null,"lost_in_post":0,"other_logs":0,"out_stock_days":0,"lost_sales":0,"has_location":false,"update_date":"2025-07-19T06:26:25","atum_locations":[{"id":960,"name":"0 SHOP","slug":"0-shop"}],"atum_stock_status":"instock","restock_status":false,"low_stock_amount":"","sales_update_date":"2025-07-19T06:26:25","calc_backorders":0,"locations":[],"_links":{"self":[{"href":"https:\/\/delices.lu\/de\/wp-json\/wp\/v2\/product\/14853","targetHints":{"allow":["GET"]}}],"collection":[{"href":"https:\/\/delices.lu\/de\/wp-json\/wp\/v2\/product"}],"about":[{"href":"https:\/\/delices.lu\/de\/wp-json\/wp\/v2\/types\/product"}],"wp:featuredmedia":[{"embeddable":true,"href":"https:\/\/delices.lu\/de\/wp-json\/wp\/v2\/media\/14856"}],"wp:attachment":[{"href":"https:\/\/delices.lu\/de\/wp-json\/wp\/v2\/media?parent=14853"}],"wp:term":[{"taxonomy":"location","embeddable":true,"href":"https:\/\/delices.lu\/de\/wp-json\/wp\/v2\/location?post=14853"},{"taxonomy":"product_brand","embeddable":true,"href":"https:\/\/delices.lu\/de\/wp-json\/wp\/v2\/product_brand?post=14853"},{"taxonomy":"product_cat","embeddable":true,"href":"https:\/\/delices.lu\/de\/wp-json\/wp\/v2\/product_cat?post=14853"},{"taxonomy":"product_tag","embeddable":true,"href":"https:\/\/delices.lu\/de\/wp-json\/wp\/v2\/product_tag?post=14853"}],"curies":[{"name":"wp","href":"https:\/\/api.w.org\/{rel}","templated":true}]}}