{"id":14860,"date":"2024-10-18T00:00:22","date_gmt":"2025-03-20T10:48:07","guid":{"rendered":"https:\/\/delices.lu\/produit\/lave-beige-kaffeeuntertasse-155-cm\/"},"modified":"2025-03-20T11:48:07","modified_gmt":"2025-03-20T10:48:07","slug":"lave-beige-kaffeeuntertasse-155-cm","status":"publish","type":"product","link":"https:\/\/delices.lu\/de\/produit\/lave-beige-kaffeeuntertasse-155-cm\/","title":{"rendered":"Lave beige &#8211; Kaffeeuntertasse, 15,5 cm"},"content":{"rendered":"<p><strong>Ein au\u00dfergew\u00f6hnliches Produkt im trendigen T\u00f6pferstil<\/strong><br \/>\nDie Steinzeugkollektion Lave besticht durch ihre lebhaften Farben und ihr skandinavisches Design. Ihre spezielle Glasur erzeugt immer wieder andere Farbnuancen, so dass jedes St\u00fcck ein einzigartiges Kunstwerk ist, das K\u00f6stlichkeiten auf eine wirklich originelle Art und Weise in Szene zu setzen wei\u00df. Diese Untertasse bietet neben der Tasse Platz f\u00fcr eine s\u00fc\u00dfe Leckerei zum Kaffee. Unterstreichen Sie Ihren pers\u00f6nlichen Stil mit einem au\u00dfergew\u00f6hnlichen Geschirrdesign.   <\/p>\n","protected":false},"excerpt":{"rendered":"<p>MATERIAL: Steingut<br \/>\nFARBE: beige<br \/>\nGARANTIE SP\u00dcLMASCHINENGARANTIE: Ja<br \/>\nMIKROWELLENKOMPATIBEL: Ja<br \/>\nREF. ARTIKEL: 1042811310 <\/p>\n","protected":false},"featured_media":14862,"template":"","meta":[],"location":[959],"product_brand":[],"product_cat":[1354,2266,1309],"product_tag":[2356,2300,2267],"class_list":{"0":"post-14860","1":"product","2":"type-product","3":"status-publish","4":"has-post-thumbnail","6":"location-0-shop","7":"product_cat-art-de-la-table-de","8":"product_cat-untertasse","9":"product_cat-villeroy-boch-de","10":"product_tag-kaffeetasse","11":"product_tag-untertasse-de","12":"product_tag-untertasse-ohne-tasse","14":"first","15":"instock","16":"shipping-taxable","17":"purchasable","18":"product-type-simple"},"supplier_id":9071,"supplier_sku":"1042811310","barcode":"4003686403543","atum_controlled":true,"out_stock_date":"2024-10-18 11:15:25","out_stock_threshold":0,"inheritable":false,"inbound_stock":0,"stock_on_hold":0,"sold_today":0,"sales_last_days":0,"reserved_stock":0,"customer_returns":0,"warehouse_damage":null,"lost_in_post":0,"other_logs":0,"out_stock_days":273,"lost_sales":0,"has_location":false,"update_date":"2025-07-19T06:26:41","atum_locations":[{"id":960,"name":"0 SHOP","slug":"0-shop"}],"atum_stock_status":"onbackorder","restock_status":false,"low_stock_amount":"","sales_update_date":"2025-07-19T06:26:41","calc_backorders":0,"locations":[],"_links":{"self":[{"href":"https:\/\/delices.lu\/de\/wp-json\/wp\/v2\/product\/14860","targetHints":{"allow":["GET"]}}],"collection":[{"href":"https:\/\/delices.lu\/de\/wp-json\/wp\/v2\/product"}],"about":[{"href":"https:\/\/delices.lu\/de\/wp-json\/wp\/v2\/types\/product"}],"wp:featuredmedia":[{"embeddable":true,"href":"https:\/\/delices.lu\/de\/wp-json\/wp\/v2\/media\/14862"}],"wp:attachment":[{"href":"https:\/\/delices.lu\/de\/wp-json\/wp\/v2\/media?parent=14860"}],"wp:term":[{"taxonomy":"location","embeddable":true,"href":"https:\/\/delices.lu\/de\/wp-json\/wp\/v2\/location?post=14860"},{"taxonomy":"product_brand","embeddable":true,"href":"https:\/\/delices.lu\/de\/wp-json\/wp\/v2\/product_brand?post=14860"},{"taxonomy":"product_cat","embeddable":true,"href":"https:\/\/delices.lu\/de\/wp-json\/wp\/v2\/product_cat?post=14860"},{"taxonomy":"product_tag","embeddable":true,"href":"https:\/\/delices.lu\/de\/wp-json\/wp\/v2\/product_tag?post=14860"}],"curies":[{"name":"wp","href":"https:\/\/api.w.org\/{rel}","templated":true}]}}