{"id":14869,"date":"2024-06-28T00:00:02","date_gmt":"2025-03-20T10:48:15","guid":{"rendered":"https:\/\/delices.lu\/produit\/newmoon-kaffee-oder-teetasse-mit-henkel\/"},"modified":"2025-03-20T11:48:15","modified_gmt":"2025-03-20T10:48:15","slug":"newmoon-kaffee-oder-teetasse-mit-henkel","status":"publish","type":"product","link":"https:\/\/delices.lu\/de\/produit\/newmoon-kaffee-oder-teetasse-mit-henkel\/","title":{"rendered":"NewMoon &#8211; Kaffee- oder Teetasse mit Henkel"},"content":{"rendered":"<p><strong>Eine wei\u00dfe Kaffee- oder Teetasse mit einem schicken und vielseitigen Henkel<\/strong><br \/>\nDiese h\u00fcbsche Tasse mit einem Henkel ist leicht zu handhaben. Mit ihrem halbmondf\u00f6rmigen Rand verleiht sie dem gedeckten Fr\u00fchst\u00fccks- oder Teetisch eine sanfte und elegante Note. Dieser Becher mit Henkel ist ideal zum Servieren von Tee, Kaffee, hei\u00dfer Schokolade oder Cappuccino. Genie\u00dfen Sie einen gem\u00fctlichen Moment mit der Familie oder Freunden bei einem w\u00e4rmenden Getr\u00e4nk! Villeroy &amp; Boch bietet Ihnen modernes, funktionales und originelles Geschirr. Diese Porzellantasse aus der NewMoon-Kollektion hat eine einzigartige \u00c4sthetik und passt perfekt zu dem kompletten Tafelservice aus der gleichen Kollektion: Teller, Schalen, Gl\u00e4ser, etc. Sie k\u00f6nnen es auch mit einer Untertasse aus Schiefer aus der Kollektion Manufacture Rock kombinieren. Die Kombination aus matt und gl\u00e4nzend wird einen tollen Effekt haben! Entdecken Sie ein Porzellan, das von der Sch\u00f6nheit des Mondes inspiriert wurde.        <\/p>\n","protected":false},"excerpt":{"rendered":"<p>NewMoon &#8211; Kaffee- oder Teetasse mit Henkel, wei\u00df<br \/>\nMATERIAL: Premium Porcelain<br \/>\nGR\u00d6\u00dfE: ca. 310 ml<br \/>\nFARBE: wei\u00df<br \/>\nGARANTIERT SP\u00dcLMASCHINENGARANTIE: Ja<br \/>\nMIKROWELLENKOMPATIBEL: Ja<br \/>\nGESCHENKVERPACKUNG: kostenlos, auf Anfrage<br \/>\nREF. ARTIKEL: 1042649651 <\/p>\n","protected":false},"featured_media":14872,"template":"","meta":[],"location":[959,972],"product_brand":[],"product_cat":[2296,2163,1309],"product_tag":[2385,2297,2299],"class_list":{"0":"post-14869","1":"product","2":"type-product","3":"status-publish","4":"has-post-thumbnail","6":"location-0-shop","7":"location-04-2","8":"product_cat-newmoon-de","9":"product_cat-tasse-krug","10":"product_cat-villeroy-boch-de","11":"product_tag-grose-tasse","12":"product_tag-newmoon-de","13":"product_tag-weis-de","15":"first","16":"instock","17":"shipping-taxable","18":"purchasable","19":"product-type-simple"},"supplier_id":9071,"supplier_sku":"1042649651","barcode":"4003686386617","atum_controlled":true,"out_stock_date":null,"out_stock_threshold":0,"inheritable":false,"inbound_stock":0,"stock_on_hold":0,"sold_today":0,"sales_last_days":0,"reserved_stock":0,"customer_returns":0,"warehouse_damage":null,"lost_in_post":0,"other_logs":0,"out_stock_days":0,"lost_sales":0,"has_location":false,"update_date":"2025-07-19T06:26:33","atum_locations":[{"id":960,"name":"0 SHOP","slug":"0-shop"},{"id":865,"name":"042","slug":"042"}],"atum_stock_status":"instock","restock_status":false,"low_stock_amount":"","sales_update_date":"2025-07-19T06:26:33","calc_backorders":0,"locations":[],"_links":{"self":[{"href":"https:\/\/delices.lu\/de\/wp-json\/wp\/v2\/product\/14869","targetHints":{"allow":["GET"]}}],"collection":[{"href":"https:\/\/delices.lu\/de\/wp-json\/wp\/v2\/product"}],"about":[{"href":"https:\/\/delices.lu\/de\/wp-json\/wp\/v2\/types\/product"}],"wp:featuredmedia":[{"embeddable":true,"href":"https:\/\/delices.lu\/de\/wp-json\/wp\/v2\/media\/14872"}],"wp:attachment":[{"href":"https:\/\/delices.lu\/de\/wp-json\/wp\/v2\/media?parent=14869"}],"wp:term":[{"taxonomy":"location","embeddable":true,"href":"https:\/\/delices.lu\/de\/wp-json\/wp\/v2\/location?post=14869"},{"taxonomy":"product_brand","embeddable":true,"href":"https:\/\/delices.lu\/de\/wp-json\/wp\/v2\/product_brand?post=14869"},{"taxonomy":"product_cat","embeddable":true,"href":"https:\/\/delices.lu\/de\/wp-json\/wp\/v2\/product_cat?post=14869"},{"taxonomy":"product_tag","embeddable":true,"href":"https:\/\/delices.lu\/de\/wp-json\/wp\/v2\/product_tag?post=14869"}],"curies":[{"name":"wp","href":"https:\/\/api.w.org\/{rel}","templated":true}]}}