{"id":14870,"date":"2024-07-27T00:00:21","date_gmt":"2025-03-20T10:48:16","guid":{"rendered":"https:\/\/delices.lu\/produit\/lave-gris-graue-kaffeetasse-aus-steinzeug\/"},"modified":"2025-03-20T11:48:16","modified_gmt":"2025-03-20T10:48:16","slug":"lave-gris-graue-kaffeetasse-aus-steinzeug","status":"publish","type":"product","link":"https:\/\/delices.lu\/de\/produit\/lave-gris-graue-kaffeetasse-aus-steinzeug\/","title":{"rendered":"Lave Gris &#8211; Graue Kaffeetasse aus Steinzeug"},"content":{"rendered":"<p><strong>Eine einzigartige Kaffeetasse im trendigen T\u00f6pferstil<\/strong><br \/>\nWenn Sie Ihre G\u00e4ste mit einem modernen Kaffeeservice beeindrucken wollen, wird Ihnen diese Kaffeetasse gefallen. Diese originelle Kaffeetasse aus Steingut bietet sch\u00f6ne und einzigartige Farbnuancen, da jedes St\u00fcck seine eigene Einzigartigkeit hat. Lassen Sie Ihrer Kreativit\u00e4t freien Lauf, wenn Sie mit Ihren Freunden eine Pause machen! M\u00f6chten Sie sich auch bei Ihrem Geschirr von der Masse abheben? Dann wagen Sie es mit einer Kaffeetasse im T\u00f6pferei-Stil, die die Handwerkskunst, die sie perfekt verk\u00f6rpert, hervorhebt. Diese Kaffeetasse ohne Untertasse bietet Ihnen die M\u00f6glichkeit, ein Geschirrset nach Ihren Vorstellungen zusammenzustellen. Die angenehme Haptik und der gute Griff erm\u00f6glichen es Ihnen, ein sch\u00f6nes, modernes Geschirrset zu kreieren. Und um noch mehr Spa\u00df zu haben, kombinieren Sie die Kaffeetasse mit einer Untertasse in Schieferoptik aus der Manufacture Rock Kollektion. Der Effekt ist garantiert! Unterstreichen Sie Ihren pers\u00f6nlichen Stil mit einem au\u00dfergew\u00f6hnlichen Geschirrdesign.         <\/p>\n","protected":false},"excerpt":{"rendered":"<p>MATERIAL: Steingut<br \/>\nGR\u00d6SSE: ca. 190 ml<br \/>\nFARBE: grau<br \/>\nGARANTIE SP\u00dcLMASCHINENGARANTIE: Ja<br \/>\nMIKROWELLENKOMPATIBEL: Ja<br \/>\nREF. ARTIKEL: 1042591300 <\/p>\n","protected":false},"featured_media":14871,"template":"","meta":[],"location":[959],"product_brand":[],"product_cat":[1354,2235,1309],"product_tag":[2245,2247,2244,2165,2260],"class_list":{"0":"post-14870","1":"product","2":"type-product","3":"status-publish","4":"has-post-thumbnail","6":"location-0-shop","7":"product_cat-art-de-la-table-de","8":"product_cat-tasse-de","9":"product_cat-villeroy-boch-de","10":"product_tag-grau","11":"product_tag-lava-grau","12":"product_tag-sandstein","13":"product_tag-tasse-de","14":"product_tag-tasse-ohne-untertasse","16":"first","17":"instock","18":"shipping-taxable","19":"purchasable","20":"product-type-simple"},"supplier_id":9071,"supplier_sku":"1042591300","barcode":"4003686402485","atum_controlled":true,"out_stock_date":null,"out_stock_threshold":0,"inheritable":false,"inbound_stock":0,"stock_on_hold":0,"sold_today":0,"sales_last_days":0,"reserved_stock":0,"customer_returns":0,"warehouse_damage":null,"lost_in_post":0,"other_logs":0,"out_stock_days":0,"lost_sales":0,"has_location":false,"update_date":"2025-07-19T06:26:31","atum_locations":[{"id":960,"name":"0 SHOP","slug":"0-shop"}],"atum_stock_status":"instock","restock_status":false,"low_stock_amount":"","sales_update_date":"2025-07-19T06:26:31","calc_backorders":0,"locations":[],"_links":{"self":[{"href":"https:\/\/delices.lu\/de\/wp-json\/wp\/v2\/product\/14870","targetHints":{"allow":["GET"]}}],"collection":[{"href":"https:\/\/delices.lu\/de\/wp-json\/wp\/v2\/product"}],"about":[{"href":"https:\/\/delices.lu\/de\/wp-json\/wp\/v2\/types\/product"}],"wp:featuredmedia":[{"embeddable":true,"href":"https:\/\/delices.lu\/de\/wp-json\/wp\/v2\/media\/14871"}],"wp:attachment":[{"href":"https:\/\/delices.lu\/de\/wp-json\/wp\/v2\/media?parent=14870"}],"wp:term":[{"taxonomy":"location","embeddable":true,"href":"https:\/\/delices.lu\/de\/wp-json\/wp\/v2\/location?post=14870"},{"taxonomy":"product_brand","embeddable":true,"href":"https:\/\/delices.lu\/de\/wp-json\/wp\/v2\/product_brand?post=14870"},{"taxonomy":"product_cat","embeddable":true,"href":"https:\/\/delices.lu\/de\/wp-json\/wp\/v2\/product_cat?post=14870"},{"taxonomy":"product_tag","embeddable":true,"href":"https:\/\/delices.lu\/de\/wp-json\/wp\/v2\/product_tag?post=14870"}],"curies":[{"name":"wp","href":"https:\/\/api.w.org\/{rel}","templated":true}]}}