{"id":14889,"date":"2025-09-09T00:00:01","date_gmt":"2025-09-08T22:00:01","guid":{"rendered":"https:\/\/delices.lu\/produit\/la-divina-wasserglas-4-teiliges-set\/"},"modified":"2025-03-20T11:48:17","modified_gmt":"2025-03-20T10:48:17","slug":"la-divina-wasserglas-4-teiliges-set","status":"publish","type":"product","link":"https:\/\/delices.lu\/de\/produit\/la-divina-wasserglas-4-teiliges-set\/","title":{"rendered":"La Divina Wasserglas, 4-teiliges Set"},"content":{"rendered":"<p><strong>Elegante Gl\u00e4ser in zeitloser Form mit einem feinen Rand<\/strong><br \/>\nDie Glaskollektion La Divina mit ihrem eleganten und zeitlosen Design erf\u00fcllt genau die anspruchsvollsten Erwartungen und ist perfekt f\u00fcr elegante Anl\u00e4sse. Diese Wassergl\u00e4ser mit kurzem Stiel und einer eleganten bauchigen Form schaffen mit Sicherheit eine festliche Atmosph\u00e4re auf dem Tisch. Setzen Sie elegante Akzente auf dem Tisch oder an der Bartheke.  <\/p>\n","protected":false},"excerpt":{"rendered":"<p>MATERIAL: Kristallglas<br \/>\nDURCHMESSER: ca. 78 mm<br \/>\nGR\u00d6SSE: ca. 330 ml<br \/>\nFARBE: transparent<br \/>\nGARANTIERT SP\u00dcLMASCHINENGARANTIE: Ja<br \/>\nMIKROWELLENKOMPATIBEL: Nein<br \/>\nGESCHENKVERPACKUNG: kostenlos, auf Anfrage<br \/>\nREF. ARTIKEL: 1136678100 <\/p>\n","protected":false},"featured_media":14893,"template":"","meta":[],"location":[959],"product_brand":[],"product_cat":[1354,2359,1309],"product_tag":[2378,2379,2387],"class_list":{"0":"post-14889","1":"product","2":"type-product","3":"status-publish","4":"has-post-thumbnail","6":"location-0-shop","7":"product_cat-art-de-la-table-de","8":"product_cat-glas","9":"product_cat-villeroy-boch-de","10":"product_tag-kristallin","11":"product_tag-set-aus-4-glasern","12":"product_tag-wasserglas","14":"first","15":"instock","16":"shipping-taxable","17":"purchasable","18":"product-type-simple"},"supplier_id":9071,"supplier_sku":"1136678100","barcode":"4003686389137","atum_controlled":true,"out_stock_date":"2025-09-28 07:03:15","out_stock_threshold":0,"inheritable":false,"inbound_stock":0,"stock_on_hold":0,"sold_today":0,"sales_last_days":0,"reserved_stock":0,"customer_returns":0,"warehouse_damage":null,"lost_in_post":0,"other_logs":0,"out_stock_days":0,"lost_sales":0,"has_location":false,"update_date":"2025-09-28T05:03:18","atum_locations":[{"id":960,"name":"0 SHOP","slug":"0-shop"}],"atum_stock_status":"onbackorder","restock_status":false,"low_stock_amount":"","sales_update_date":"2025-07-19T06:26:23","calc_backorders":0,"locations":[],"_links":{"self":[{"href":"https:\/\/delices.lu\/de\/wp-json\/wp\/v2\/product\/14889","targetHints":{"allow":["GET"]}}],"collection":[{"href":"https:\/\/delices.lu\/de\/wp-json\/wp\/v2\/product"}],"about":[{"href":"https:\/\/delices.lu\/de\/wp-json\/wp\/v2\/types\/product"}],"wp:featuredmedia":[{"embeddable":true,"href":"https:\/\/delices.lu\/de\/wp-json\/wp\/v2\/media\/14893"}],"wp:attachment":[{"href":"https:\/\/delices.lu\/de\/wp-json\/wp\/v2\/media?parent=14889"}],"wp:term":[{"taxonomy":"location","embeddable":true,"href":"https:\/\/delices.lu\/de\/wp-json\/wp\/v2\/location?post=14889"},{"taxonomy":"product_brand","embeddable":true,"href":"https:\/\/delices.lu\/de\/wp-json\/wp\/v2\/product_brand?post=14889"},{"taxonomy":"product_cat","embeddable":true,"href":"https:\/\/delices.lu\/de\/wp-json\/wp\/v2\/product_cat?post=14889"},{"taxonomy":"product_tag","embeddable":true,"href":"https:\/\/delices.lu\/de\/wp-json\/wp\/v2\/product_tag?post=14889"}],"curies":[{"name":"wp","href":"https:\/\/api.w.org\/{rel}","templated":true}]}}