{"id":14897,"date":"2025-07-07T00:00:05","date_gmt":"2025-07-06T22:00:05","guid":{"rendered":"https:\/\/delices.lu\/produit\/amazonia-dessertteller-23-x-23-cm\/"},"modified":"2025-03-20T11:48:18","modified_gmt":"2025-03-20T10:48:18","slug":"amazonia-dessertteller-23-x-23-cm","status":"publish","type":"product","link":"https:\/\/delices.lu\/de\/produit\/amazonia-dessertteller-23-x-23-cm\/","title":{"rendered":"Amazonia Dessertteller 23 x 23 cm"},"content":{"rendered":"<p><strong>F\u00fcr einen farbenfrohen Start in den Tag: Der Dessertteller Amazonia von Villeroy &amp; Boch<\/strong><br \/>\nMit dem Dekor Amazonia erg\u00e4nzt Villeroy &amp; Boch die beliebte Kollektion Modern Grace mit exotischen und bunten, vom Regenwald inspirierten Motiven, die auf dem Tisch alle Blicke auf sich ziehen. Dieser Dessertteller aus feinem Porzellan setzt originelle Akzente und kann vielseitig eingesetzt werden, ob am Morgen oder f\u00fcr ein festliches Buffet. Genie\u00dfen Sie knuspriges Brot und k\u00f6stliche Eierspeisen mit diesem farbenfrohen Teller.  <\/p>\n","protected":false},"excerpt":{"rendered":"<p>MATERIAL: Premium Bone Porcelain<br \/>\nFARBE: Mehrfarbig<br \/>\nGARANTIERT SP\u00dcLMASCHINENGARANTIE: Ja<br \/>\nMIKROWELLENKOMPATIBEL: Nein<br \/>\nGESCHENKVERPACKUNG: kostenlos, auf Anfrage<br \/>\nREF. ARTIKEL: 1035142640 <\/p>\n","protected":false},"featured_media":14899,"template":"","meta":[],"location":[959,1141],"product_brand":[],"product_cat":[1354,2231,1309],"product_tag":[2373,2344],"class_list":{"0":"post-14897","1":"product","2":"type-product","3":"status-publish","4":"has-post-thumbnail","6":"location-0-shop","7":"location-porte-3","8":"product_cat-art-de-la-table-de","9":"product_cat-teller","10":"product_cat-villeroy-boch-de","11":"product_tag-amazonia-de","12":"product_tag-schmetterling","14":"first","15":"instock","16":"shipping-taxable","17":"purchasable","18":"product-type-simple"},"supplier_id":9071,"supplier_sku":"1035142640","barcode":"4003686161559","atum_controlled":true,"out_stock_date":null,"out_stock_threshold":0,"inheritable":false,"inbound_stock":0,"stock_on_hold":0,"sold_today":0,"sales_last_days":0,"reserved_stock":0,"customer_returns":0,"warehouse_damage":null,"lost_in_post":0,"other_logs":0,"out_stock_days":0,"lost_sales":0,"has_location":false,"update_date":"2025-07-19T06:26:49","atum_locations":[{"id":960,"name":"0 SHOP","slug":"0-shop"},{"id":1147,"name":"porte 3","slug":"porte-3"}],"atum_stock_status":"instock","restock_status":false,"low_stock_amount":"","sales_update_date":"2025-07-19T06:26:49","calc_backorders":0,"locations":[],"_links":{"self":[{"href":"https:\/\/delices.lu\/de\/wp-json\/wp\/v2\/product\/14897","targetHints":{"allow":["GET"]}}],"collection":[{"href":"https:\/\/delices.lu\/de\/wp-json\/wp\/v2\/product"}],"about":[{"href":"https:\/\/delices.lu\/de\/wp-json\/wp\/v2\/types\/product"}],"wp:featuredmedia":[{"embeddable":true,"href":"https:\/\/delices.lu\/de\/wp-json\/wp\/v2\/media\/14899"}],"wp:attachment":[{"href":"https:\/\/delices.lu\/de\/wp-json\/wp\/v2\/media?parent=14897"}],"wp:term":[{"taxonomy":"location","embeddable":true,"href":"https:\/\/delices.lu\/de\/wp-json\/wp\/v2\/location?post=14897"},{"taxonomy":"product_brand","embeddable":true,"href":"https:\/\/delices.lu\/de\/wp-json\/wp\/v2\/product_brand?post=14897"},{"taxonomy":"product_cat","embeddable":true,"href":"https:\/\/delices.lu\/de\/wp-json\/wp\/v2\/product_cat?post=14897"},{"taxonomy":"product_tag","embeddable":true,"href":"https:\/\/delices.lu\/de\/wp-json\/wp\/v2\/product_tag?post=14897"}],"curies":[{"name":"wp","href":"https:\/\/api.w.org\/{rel}","templated":true}]}}