{"id":14907,"date":"2024-05-08T00:00:16","date_gmt":"2025-03-20T10:48:19","guid":{"rendered":"https:\/\/delices.lu\/produit\/vieux-luxembourg-ovale-platte-43-cm\/"},"modified":"2025-03-20T11:48:19","modified_gmt":"2025-03-20T10:48:19","slug":"vieux-luxembourg-ovale-platte-43-cm","status":"publish","type":"product","link":"https:\/\/delices.lu\/de\/produit\/vieux-luxembourg-ovale-platte-43-cm\/","title":{"rendered":"Vieux Luxembourg ovale Platte 43 cm"},"content":{"rendered":"<p><strong>Platte mit klassischem Dekor f\u00fcr Beilagen und das Hauptgericht<\/strong><br \/>\nZarte Reliefs und dezente filigrane Ornamente verbinden sich auf dem strahlend wei\u00dfen Porzellan zu einem raffinierten, zeitlosen und eleganten Ensemble, das die Kollektion Vieux Luxembourg charakterisiert. Diese gro\u00dfz\u00fcgig bemessene Servierplatte bietet mehr als genug Platz f\u00fcr Ihre K\u00f6stlichkeiten, von kleinen Mignardises bis hin zu einem festlichen Braten. Decken Sie den Tisch auf pr\u00e4chtige Weise.  <\/p>\n","protected":false},"excerpt":{"rendered":"<p>MATERIAL: Hochwertiges Porzellan<br \/>\nFARBE: Wei\u00df<br \/>\nGARANTIERT SP\u00dcLMASCHINENGARANTIE: Ja<br \/>\nMIKROWELLENKOMPATIBEL: Ja<br \/>\nREF. ARTIKEL: 1023412910 <\/p>\n","protected":false},"featured_media":14728,"template":"","meta":[],"location":[959],"product_brand":[],"product_cat":[1354,2287,1309],"product_tag":[2280,2215,2350,2312],"class_list":{"0":"post-14907","1":"product","2":"type-product","3":"status-publish","4":"has-post-thumbnail","6":"location-0-shop","7":"product_cat-art-de-la-table-de","8":"product_cat-teller-de","9":"product_cat-villeroy-boch-de","10":"product_tag-alte","11":"product_tag-luxemburg","12":"product_tag-oval","13":"product_tag-teller-de","15":"first","16":"instock","17":"shipping-taxable","18":"purchasable","19":"product-type-simple"},"supplier_id":9071,"supplier_sku":"1023412910","barcode":"4003686022113","atum_controlled":true,"out_stock_date":null,"out_stock_threshold":0,"inheritable":false,"inbound_stock":0,"stock_on_hold":0,"sold_today":0,"sales_last_days":0,"reserved_stock":0,"customer_returns":0,"warehouse_damage":null,"lost_in_post":0,"other_logs":0,"out_stock_days":0,"lost_sales":0,"has_location":false,"update_date":"2025-07-19T06:26:28","atum_locations":[{"id":960,"name":"0 SHOP","slug":"0-shop"}],"atum_stock_status":"instock","restock_status":false,"low_stock_amount":"","sales_update_date":"2025-07-19T06:26:28","calc_backorders":0,"locations":[],"_links":{"self":[{"href":"https:\/\/delices.lu\/de\/wp-json\/wp\/v2\/product\/14907","targetHints":{"allow":["GET"]}}],"collection":[{"href":"https:\/\/delices.lu\/de\/wp-json\/wp\/v2\/product"}],"about":[{"href":"https:\/\/delices.lu\/de\/wp-json\/wp\/v2\/types\/product"}],"wp:featuredmedia":[{"embeddable":true,"href":"https:\/\/delices.lu\/de\/wp-json\/wp\/v2\/media\/14728"}],"wp:attachment":[{"href":"https:\/\/delices.lu\/de\/wp-json\/wp\/v2\/media?parent=14907"}],"wp:term":[{"taxonomy":"location","embeddable":true,"href":"https:\/\/delices.lu\/de\/wp-json\/wp\/v2\/location?post=14907"},{"taxonomy":"product_brand","embeddable":true,"href":"https:\/\/delices.lu\/de\/wp-json\/wp\/v2\/product_brand?post=14907"},{"taxonomy":"product_cat","embeddable":true,"href":"https:\/\/delices.lu\/de\/wp-json\/wp\/v2\/product_cat?post=14907"},{"taxonomy":"product_tag","embeddable":true,"href":"https:\/\/delices.lu\/de\/wp-json\/wp\/v2\/product_tag?post=14907"}],"curies":[{"name":"wp","href":"https:\/\/api.w.org\/{rel}","templated":true}]}}